{"id":9479,"date":"2024-07-03T12:56:47","date_gmt":"2024-07-03T12:56:47","guid":{"rendered":"https:\/\/multifrigo.pl\/sklep\/produkt\/plyn-do-czyszczenia-ukladow-spieniania-mleka-v-1-l-stalgast-648200\/"},"modified":"2025-05-19T11:59:27","modified_gmt":"2025-05-19T11:59:27","slug":"plyn-do-czyszczenia-ukladow-spieniania-mleka-v-1-l-stalgast-648200","status":"publish","type":"product","link":"https:\/\/www.multifrigo.pl\/sklep\/produkt\/plyn-do-czyszczenia-ukladow-spieniania-mleka-v-1-l-stalgast-648200\/","title":{"rendered":"P\u0142yn do czyszczenia uk\u0142ad\u00f3w spieniania mleka, V 1 l | Stalgast 648200"},"content":{"rendered":"<p><LI>\u015brodek do czyszczenia toru spieniania mleka w ekspresach do kawy  <LI>usuwa osady z mleka (t\u0142uszcz i pozosta\u0142o\u015bci bia\u0142ek)  <LI>mo\u017ce by\u0107 stosowany do mycia zewn\u0119trznych powierzchni urz\u0105dzenia  <LI>nie wp\u0142ywa na smak i zapach produktu  <LI>posiada dzia\u0142anie odkamieniaj\u0105ce  <LI>przeznaczony do codziennej konserwacji urz\u0105dzenia  <LI>dedykowany do profesjonalnego zastosowania  <\/p>\n","protected":false},"excerpt":{"rendered":"<p>\u015brodek do czyszczenia toru spieniania mleka w ekspresach do kawy usuwa osady z mleka (t\u0142uszcz i pozosta\u0142o\u015bci bia\u0142ek) mo\u017ce by\u0107 stosowany do mycia zewn\u0119trznych powierzchni urz\u0105dzenia nie wp\u0142ywa na smak i zapach produktu posiada dzia\u0142anie odkamieniaj\u0105ce przeznaczony do codziennej konserwacji urz\u0105dzenia dedykowany do profesjonalnego zastosowania<\/p>\n","protected":false},"featured_media":15254,"template":"","meta":{"_et_pb_use_builder":"","_et_pb_old_content":"","_et_gb_content_width":""},"pwb-brand":[62],"product_brand":[],"product_cat":[391],"product_tag":[],"class_list":{"0":"post-9479","1":"product","2":"type-product","3":"status-publish","4":"has-post-thumbnail","6":"pwb-brand-stalgast","7":"product_cat-do-ekspresow-do-kawy","9":"first","10":"instock","11":"taxable","12":"shipping-taxable","13":"purchasable","14":"product-type-simple"},"brands":[{"id":62,"name":"Stalgast","slug":"stalgast"}],"_links":{"self":[{"href":"https:\/\/www.multifrigo.pl\/sklep\/wp-json\/wp\/v2\/product\/9479","targetHints":{"allow":["GET"]}}],"collection":[{"href":"https:\/\/www.multifrigo.pl\/sklep\/wp-json\/wp\/v2\/product"}],"about":[{"href":"https:\/\/www.multifrigo.pl\/sklep\/wp-json\/wp\/v2\/types\/product"}],"wp:featuredmedia":[{"embeddable":true,"href":"https:\/\/www.multifrigo.pl\/sklep\/wp-json\/wp\/v2\/media\/15254"}],"wp:attachment":[{"href":"https:\/\/www.multifrigo.pl\/sklep\/wp-json\/wp\/v2\/media?parent=9479"}],"wp:term":[{"taxonomy":"pwb-brand","embeddable":true,"href":"https:\/\/www.multifrigo.pl\/sklep\/wp-json\/wp\/v2\/pwb-brand?post=9479"},{"taxonomy":"product_brand","embeddable":true,"href":"https:\/\/www.multifrigo.pl\/sklep\/wp-json\/wp\/v2\/product_brand?post=9479"},{"taxonomy":"product_cat","embeddable":true,"href":"https:\/\/www.multifrigo.pl\/sklep\/wp-json\/wp\/v2\/product_cat?post=9479"},{"taxonomy":"product_tag","embeddable":true,"href":"https:\/\/www.multifrigo.pl\/sklep\/wp-json\/wp\/v2\/product_tag?post=9479"}],"curies":[{"name":"wp","href":"https:\/\/api.w.org\/{rel}","templated":true}]}}