{"id":9493,"date":"2024-07-03T12:56:50","date_gmt":"2024-07-03T12:56:50","guid":{"rendered":"https:\/\/multifrigo.pl\/sklep\/produkt\/bateria-bezdotykowa-z-czujnikiem-na-podczerwien-monolith-651116\/"},"modified":"2025-05-19T11:59:42","modified_gmt":"2025-05-19T11:59:42","slug":"bateria-bezdotykowa-z-czujnikiem-na-podczerwien-monolith-651116","status":"publish","type":"product","link":"https:\/\/www.multifrigo.pl\/sklep\/produkt\/bateria-bezdotykowa-z-czujnikiem-na-podczerwien-monolith-651116\/","title":{"rendered":"Bateria bezdotykowa z czujnikiem na podczerwie\u0144 | Monolith 651116"},"content":{"rendered":"<p><LI>wymagany otw\u00f3r w zlewie O =33 mm  <LI>elektroniczna bateria do zlewu zasilana energi\u0105 elektryczn\u0105 o napi\u0119ciu 100\u2013240 V  <LI>mo\u017cliwe prze\u0142\u0105czemie zasilania na bateryjne 4 x AA 1,5 V w przypadku awarii zasilania  <LI>ci\u015bnienie u\u017cytkowania, min\/max 0,5 \u00f7 8 bar\u00f3w (zalecane 3 bary)  <LI>maksymalna odleg\u0142o\u015b\u0107 czujnika 10 cm \u00b1 2 cm  <LI>przep\u0142yw wody 6 l \/ min przy ci\u015bnieniu 3 bar  <\/p>\n","protected":false},"excerpt":{"rendered":"<p>wymagany otw\u00f3r w zlewie O =33 mm elektroniczna bateria do zlewu zasilana energi\u0105 elektryczn\u0105 o napi\u0119ciu 100\u2013240 V mo\u017cliwe prze\u0142\u0105czemie zasilania na bateryjne 4 x AA 1,5 V w przypadku awarii zasilania ci\u015bnienie u\u017cytkowania, min\/max 0,5 \u00f7 8 bar\u00f3w (zalecane 3 bary) maksymalna odleg\u0142o\u015b\u0107 czujnika 10 cm \u00b1 2 cm przep\u0142yw wody 6 l \/ [&hellip;]<\/p>\n","protected":false},"featured_media":15293,"template":"","meta":{"_et_pb_use_builder":"","_et_pb_old_content":"","_et_gb_content_width":""},"pwb-brand":[398],"product_brand":[],"product_cat":[396],"product_tag":[],"class_list":{"0":"post-9493","1":"product","2":"type-product","3":"status-publish","4":"has-post-thumbnail","6":"pwb-brand-monolith","7":"product_cat-baterie-umywalkowe","9":"first","10":"instock","11":"taxable","12":"shipping-taxable","13":"purchasable","14":"product-type-simple"},"brands":[{"id":398,"name":"Monolith","slug":"monolith"}],"_links":{"self":[{"href":"https:\/\/www.multifrigo.pl\/sklep\/wp-json\/wp\/v2\/product\/9493","targetHints":{"allow":["GET"]}}],"collection":[{"href":"https:\/\/www.multifrigo.pl\/sklep\/wp-json\/wp\/v2\/product"}],"about":[{"href":"https:\/\/www.multifrigo.pl\/sklep\/wp-json\/wp\/v2\/types\/product"}],"wp:featuredmedia":[{"embeddable":true,"href":"https:\/\/www.multifrigo.pl\/sklep\/wp-json\/wp\/v2\/media\/15293"}],"wp:attachment":[{"href":"https:\/\/www.multifrigo.pl\/sklep\/wp-json\/wp\/v2\/media?parent=9493"}],"wp:term":[{"taxonomy":"pwb-brand","embeddable":true,"href":"https:\/\/www.multifrigo.pl\/sklep\/wp-json\/wp\/v2\/pwb-brand?post=9493"},{"taxonomy":"product_brand","embeddable":true,"href":"https:\/\/www.multifrigo.pl\/sklep\/wp-json\/wp\/v2\/product_brand?post=9493"},{"taxonomy":"product_cat","embeddable":true,"href":"https:\/\/www.multifrigo.pl\/sklep\/wp-json\/wp\/v2\/product_cat?post=9493"},{"taxonomy":"product_tag","embeddable":true,"href":"https:\/\/www.multifrigo.pl\/sklep\/wp-json\/wp\/v2\/product_tag?post=9493"}],"curies":[{"name":"wp","href":"https:\/\/api.w.org\/{rel}","templated":true}]}}