{"id":9500,"date":"2024-07-03T12:56:52","date_gmt":"2024-07-03T12:56:52","guid":{"rendered":"https:\/\/multifrigo.pl\/sklep\/produkt\/napelniacz-z-wylewka-monolith-651524\/"},"modified":"2025-05-19T11:59:45","modified_gmt":"2025-05-19T11:59:45","slug":"napelniacz-z-wylewka-monolith-651524","status":"publish","type":"product","link":"https:\/\/www.multifrigo.pl\/sklep\/produkt\/napelniacz-z-wylewka-monolith-651524\/","title":{"rendered":"Nape\u0142niacz z wylewk\u0105 | Monolith 651524"},"content":{"rendered":"<p><LI>bateria zlewozmywakowa stoj\u0105ca, 1-otworowa ze spryskiwaczem i wylewk\u0105  <LI>metalowe pokr\u0119t\u0142a  <LI>chromowane spr\u0119\u017cyny z podparciem z obu stron  <LI>regulowany wspornik kolumnowy  <LI>r\u0119czna wylewka (prysznic) odporna na uderzenia wody pod du\u017cym ci\u015bnieniem  <LI>wysokoci\u015bnieniowy w\u0105\u017c wylewki(prysznica) z os\u0142on\u0105 z tworzywa sztucznego  <LI>stopy nie zawieraj\u0105 kadmu i o\u0142owiu  <LI>wylewka obrotowa z zaworem regul\u0105cym strumie\u0144 wody  <LI>wysi\u0119g wylewki 280 mm  <\/p>\n","protected":false},"excerpt":{"rendered":"<p>bateria zlewozmywakowa stoj\u0105ca, 1-otworowa ze spryskiwaczem i wylewk\u0105 metalowe pokr\u0119t\u0142a chromowane spr\u0119\u017cyny z podparciem z obu stron regulowany wspornik kolumnowy r\u0119czna wylewka (prysznic) odporna na uderzenia wody pod du\u017cym ci\u015bnieniem wysokoci\u015bnieniowy w\u0105\u017c wylewki(prysznica) z os\u0142on\u0105 z tworzywa sztucznego stopy nie zawieraj\u0105 kadmu i o\u0142owiu wylewka obrotowa z zaworem regul\u0105cym strumie\u0144 wody wysi\u0119g wylewki 280 mm<\/p>\n","protected":false},"featured_media":15305,"template":"","meta":{"_et_pb_use_builder":"","_et_pb_old_content":"","_et_gb_content_width":""},"pwb-brand":[398],"product_brand":[],"product_cat":[399],"product_tag":[],"class_list":{"0":"post-9500","1":"product","2":"type-product","3":"status-publish","4":"has-post-thumbnail","6":"pwb-brand-monolith","7":"product_cat-napelniacze","9":"first","10":"instock","11":"taxable","12":"shipping-taxable","13":"purchasable","14":"product-type-simple"},"brands":[{"id":398,"name":"Monolith","slug":"monolith"}],"_links":{"self":[{"href":"https:\/\/www.multifrigo.pl\/sklep\/wp-json\/wp\/v2\/product\/9500","targetHints":{"allow":["GET"]}}],"collection":[{"href":"https:\/\/www.multifrigo.pl\/sklep\/wp-json\/wp\/v2\/product"}],"about":[{"href":"https:\/\/www.multifrigo.pl\/sklep\/wp-json\/wp\/v2\/types\/product"}],"wp:featuredmedia":[{"embeddable":true,"href":"https:\/\/www.multifrigo.pl\/sklep\/wp-json\/wp\/v2\/media\/15305"}],"wp:attachment":[{"href":"https:\/\/www.multifrigo.pl\/sklep\/wp-json\/wp\/v2\/media?parent=9500"}],"wp:term":[{"taxonomy":"pwb-brand","embeddable":true,"href":"https:\/\/www.multifrigo.pl\/sklep\/wp-json\/wp\/v2\/pwb-brand?post=9500"},{"taxonomy":"product_brand","embeddable":true,"href":"https:\/\/www.multifrigo.pl\/sklep\/wp-json\/wp\/v2\/product_brand?post=9500"},{"taxonomy":"product_cat","embeddable":true,"href":"https:\/\/www.multifrigo.pl\/sklep\/wp-json\/wp\/v2\/product_cat?post=9500"},{"taxonomy":"product_tag","embeddable":true,"href":"https:\/\/www.multifrigo.pl\/sklep\/wp-json\/wp\/v2\/product_tag?post=9500"}],"curies":[{"name":"wp","href":"https:\/\/api.w.org\/{rel}","templated":true}]}}