{"id":9501,"date":"2024-07-03T12:56:52","date_gmt":"2024-07-03T12:56:52","guid":{"rendered":"https:\/\/multifrigo.pl\/sklep\/produkt\/napelniacz-z-wylewka-lokciowy-monolith-651525\/"},"modified":"2025-05-19T11:59:46","modified_gmt":"2025-05-19T11:59:46","slug":"napelniacz-z-wylewka-lokciowy-monolith-651525","status":"publish","type":"product","link":"https:\/\/www.multifrigo.pl\/sklep\/produkt\/napelniacz-z-wylewka-lokciowy-monolith-651525\/","title":{"rendered":"Nape\u0142niacz z wylewk\u0105 \u0142okciowy | Monolith 651525"},"content":{"rendered":"<p><LI>bateria zlewozmywakowa stoj\u0105ca, jednootworowa ze spryskiwaczem i wylewk\u0105 \u0142okciow\u0105  <LI>wymagana O otworu 34-36 mm  <LI>w\u0119\u017cyki w standardzie z ko\u0144c\u00f3wk\u0105 1\/2&#8221;  <\/p>\n","protected":false},"excerpt":{"rendered":"<p>bateria zlewozmywakowa stoj\u0105ca, jednootworowa ze spryskiwaczem i wylewk\u0105 \u0142okciow\u0105 wymagana O otworu 34-36 mm w\u0119\u017cyki w standardzie z ko\u0144c\u00f3wk\u0105 1\/2&#8221;<\/p>\n","protected":false},"featured_media":15307,"template":"","meta":{"_et_pb_use_builder":"","_et_pb_old_content":"","_et_gb_content_width":""},"pwb-brand":[398],"product_brand":[],"product_cat":[399],"product_tag":[],"class_list":{"0":"post-9501","1":"product","2":"type-product","3":"status-publish","4":"has-post-thumbnail","6":"pwb-brand-monolith","7":"product_cat-napelniacze","9":"first","10":"instock","11":"taxable","12":"shipping-taxable","13":"purchasable","14":"product-type-simple"},"brands":[{"id":398,"name":"Monolith","slug":"monolith"}],"_links":{"self":[{"href":"https:\/\/www.multifrigo.pl\/sklep\/wp-json\/wp\/v2\/product\/9501","targetHints":{"allow":["GET"]}}],"collection":[{"href":"https:\/\/www.multifrigo.pl\/sklep\/wp-json\/wp\/v2\/product"}],"about":[{"href":"https:\/\/www.multifrigo.pl\/sklep\/wp-json\/wp\/v2\/types\/product"}],"wp:featuredmedia":[{"embeddable":true,"href":"https:\/\/www.multifrigo.pl\/sklep\/wp-json\/wp\/v2\/media\/15307"}],"wp:attachment":[{"href":"https:\/\/www.multifrigo.pl\/sklep\/wp-json\/wp\/v2\/media?parent=9501"}],"wp:term":[{"taxonomy":"pwb-brand","embeddable":true,"href":"https:\/\/www.multifrigo.pl\/sklep\/wp-json\/wp\/v2\/pwb-brand?post=9501"},{"taxonomy":"product_brand","embeddable":true,"href":"https:\/\/www.multifrigo.pl\/sklep\/wp-json\/wp\/v2\/product_brand?post=9501"},{"taxonomy":"product_cat","embeddable":true,"href":"https:\/\/www.multifrigo.pl\/sklep\/wp-json\/wp\/v2\/product_cat?post=9501"},{"taxonomy":"product_tag","embeddable":true,"href":"https:\/\/www.multifrigo.pl\/sklep\/wp-json\/wp\/v2\/product_tag?post=9501"}],"curies":[{"name":"wp","href":"https:\/\/api.w.org\/{rel}","templated":true}]}}