{"id":9502,"date":"2024-07-03T12:56:52","date_gmt":"2024-07-03T12:56:52","guid":{"rendered":"https:\/\/multifrigo.pl\/sklep\/produkt\/napelniacz-z-wylewka-dwu-otworowy-montowany-do-sciany-stalgast-651542\/"},"modified":"2025-05-19T11:59:46","modified_gmt":"2025-05-19T11:59:46","slug":"napelniacz-z-wylewka-dwu-otworowy-montowany-do-sciany-stalgast-651542","status":"publish","type":"product","link":"https:\/\/www.multifrigo.pl\/sklep\/produkt\/napelniacz-z-wylewka-dwu-otworowy-montowany-do-sciany-stalgast-651542\/","title":{"rendered":"Nape\u0142niacz z wylewk\u0105 dwu otworowy montowany do \u015bciany | Stalgast 651542"},"content":{"rendered":"<p><LI>bateria zlewozmywakowa stoj\u0105ca, 2-otworowa ze spryskiwaczem i wylewk\u0105 (montowana do \u015bciany)  <\/p>\n","protected":false},"excerpt":{"rendered":"<p>bateria zlewozmywakowa stoj\u0105ca, 2-otworowa ze spryskiwaczem i wylewk\u0105 (montowana do \u015bciany)<\/p>\n","protected":false},"featured_media":15309,"template":"","meta":{"_et_pb_use_builder":"","_et_pb_old_content":"","_et_gb_content_width":""},"pwb-brand":[62],"product_brand":[],"product_cat":[399],"product_tag":[],"class_list":{"0":"post-9502","1":"product","2":"type-product","3":"status-publish","4":"has-post-thumbnail","6":"pwb-brand-stalgast","7":"product_cat-napelniacze","9":"first","10":"instock","11":"taxable","12":"shipping-taxable","13":"purchasable","14":"product-type-simple"},"brands":[{"id":62,"name":"Stalgast","slug":"stalgast"}],"_links":{"self":[{"href":"https:\/\/www.multifrigo.pl\/sklep\/wp-json\/wp\/v2\/product\/9502","targetHints":{"allow":["GET"]}}],"collection":[{"href":"https:\/\/www.multifrigo.pl\/sklep\/wp-json\/wp\/v2\/product"}],"about":[{"href":"https:\/\/www.multifrigo.pl\/sklep\/wp-json\/wp\/v2\/types\/product"}],"wp:featuredmedia":[{"embeddable":true,"href":"https:\/\/www.multifrigo.pl\/sklep\/wp-json\/wp\/v2\/media\/15309"}],"wp:attachment":[{"href":"https:\/\/www.multifrigo.pl\/sklep\/wp-json\/wp\/v2\/media?parent=9502"}],"wp:term":[{"taxonomy":"pwb-brand","embeddable":true,"href":"https:\/\/www.multifrigo.pl\/sklep\/wp-json\/wp\/v2\/pwb-brand?post=9502"},{"taxonomy":"product_brand","embeddable":true,"href":"https:\/\/www.multifrigo.pl\/sklep\/wp-json\/wp\/v2\/product_brand?post=9502"},{"taxonomy":"product_cat","embeddable":true,"href":"https:\/\/www.multifrigo.pl\/sklep\/wp-json\/wp\/v2\/product_cat?post=9502"},{"taxonomy":"product_tag","embeddable":true,"href":"https:\/\/www.multifrigo.pl\/sklep\/wp-json\/wp\/v2\/product_tag?post=9502"}],"curies":[{"name":"wp","href":"https:\/\/api.w.org\/{rel}","templated":true}]}}