{"id":9552,"date":"2024-07-03T12:57:01","date_gmt":"2024-07-03T12:57:01","guid":{"rendered":"https:\/\/multifrigo.pl\/sklep\/produkt\/naswietlacz-szufladowy-ze-stali-nierdzewnej-p-0-077-kw-u-230-v-stalgast-690552\/"},"modified":"2025-05-19T12:00:23","modified_gmt":"2025-05-19T12:00:23","slug":"naswietlacz-szufladowy-ze-stali-nierdzewnej-p-0-077-kw-u-230-v-stalgast-690552","status":"publish","type":"product","link":"https:\/\/www.multifrigo.pl\/sklep\/produkt\/naswietlacz-szufladowy-ze-stali-nierdzewnej-p-0-077-kw-u-230-v-stalgast-690552\/","title":{"rendered":"Na\u015bwietlacz szufladowy ze stali nierdzewnej, P 0.077 kW, U 230 V | Stalgast 690552"},"content":{"rendered":"<p><LI>urz\u0105dzenie z lampami UV do powierzchniowej dezynfekcji jaj i no\u017cy  <LI>mo\u017cna dezynfekowa\u0107 jednorazowo 30 sztuk jaj lub 15 sztuk no\u017cy o d\u0142ugo\u015bci do 320mm x350 i wysoko\u015bci do 40 mm  <LI>w cyklu na\u015bwietlania ginie do 100% bakterii Salmonella, E.Coli, ziarenkowc\u00f3w, laseczek tlenowych, pa\u0142eczek okr\u0119\u017cnicy i grzyb\u00f3w z powierzchni skorupki  <LI>czas na\u015bwietlania (sterylizacji): 150 sekund  <LI>automatyczne wy\u0142\u0105czenie lamp przy otwarciu szuflady  <LI>kratka wykonana ze stali chromowanej  <LI>wykonany ze stali nierdzewnej  <\/p>\n","protected":false},"excerpt":{"rendered":"<p>urz\u0105dzenie z lampami UV do powierzchniowej dezynfekcji jaj i no\u017cy mo\u017cna dezynfekowa\u0107 jednorazowo 30 sztuk jaj lub 15 sztuk no\u017cy o d\u0142ugo\u015bci do 320mm x350 i wysoko\u015bci do 40 mm w cyklu na\u015bwietlania ginie do 100% bakterii Salmonella, E.Coli, ziarenkowc\u00f3w, laseczek tlenowych, pa\u0142eczek okr\u0119\u017cnicy i grzyb\u00f3w z powierzchni skorupki czas na\u015bwietlania (sterylizacji): 150 sekund automatyczne [&hellip;]<\/p>\n","protected":false},"featured_media":15489,"template":"","meta":{"_et_pb_use_builder":"","_et_pb_old_content":"","_et_gb_content_width":""},"pwb-brand":[62],"product_brand":[],"product_cat":[413],"product_tag":[],"class_list":{"0":"post-9552","1":"product","2":"type-product","3":"status-publish","4":"has-post-thumbnail","6":"pwb-brand-stalgast","7":"product_cat-naswietlacze-uv","9":"first","10":"instock","11":"taxable","12":"shipping-taxable","13":"purchasable","14":"product-type-simple"},"brands":[{"id":62,"name":"Stalgast","slug":"stalgast"}],"_links":{"self":[{"href":"https:\/\/www.multifrigo.pl\/sklep\/wp-json\/wp\/v2\/product\/9552","targetHints":{"allow":["GET"]}}],"collection":[{"href":"https:\/\/www.multifrigo.pl\/sklep\/wp-json\/wp\/v2\/product"}],"about":[{"href":"https:\/\/www.multifrigo.pl\/sklep\/wp-json\/wp\/v2\/types\/product"}],"wp:featuredmedia":[{"embeddable":true,"href":"https:\/\/www.multifrigo.pl\/sklep\/wp-json\/wp\/v2\/media\/15489"}],"wp:attachment":[{"href":"https:\/\/www.multifrigo.pl\/sklep\/wp-json\/wp\/v2\/media?parent=9552"}],"wp:term":[{"taxonomy":"pwb-brand","embeddable":true,"href":"https:\/\/www.multifrigo.pl\/sklep\/wp-json\/wp\/v2\/pwb-brand?post=9552"},{"taxonomy":"product_brand","embeddable":true,"href":"https:\/\/www.multifrigo.pl\/sklep\/wp-json\/wp\/v2\/product_brand?post=9552"},{"taxonomy":"product_cat","embeddable":true,"href":"https:\/\/www.multifrigo.pl\/sklep\/wp-json\/wp\/v2\/product_cat?post=9552"},{"taxonomy":"product_tag","embeddable":true,"href":"https:\/\/www.multifrigo.pl\/sklep\/wp-json\/wp\/v2\/product_tag?post=9552"}],"curies":[{"name":"wp","href":"https:\/\/api.w.org\/{rel}","templated":true}]}}