{"id":9555,"date":"2024-07-03T12:57:02","date_gmt":"2024-07-03T12:57:02","guid":{"rendered":"https:\/\/multifrigo.pl\/sklep\/produkt\/cyrkulator-do-gotowania-sous-vide-p-1-5-kw-stalgast-691100\/"},"modified":"2025-05-19T12:00:24","modified_gmt":"2025-05-19T12:00:24","slug":"cyrkulator-do-gotowania-sous-vide-p-1-5-kw-stalgast-691100","status":"publish","type":"product","link":"https:\/\/www.multifrigo.pl\/sklep\/produkt\/cyrkulator-do-gotowania-sous-vide-p-1-5-kw-stalgast-691100\/","title":{"rendered":"Cyrkulator do gotowania sous vide, P 1.5 kW | Stalgast 691100"},"content":{"rendered":"<p><LI>idealny do gotowania w k\u0105pieli wodnej przy dok\u0142adnie kontrolowanej temperaturze  <LI>grza\u0142ka zapewnia stabilno\u015b\u0107 temperatury w zakresie -0.1\u00b0C do +0.2\u00b0C  <LI>posiada regulacj\u0119 temperatury co 0.1\u00b0C  <LI>du\u017cy wy\u015bwietlacz zapewnia \u0142atwo\u015b\u0107 odczytu wskaza\u0144  <LI>wmontowana pompka umo\u017cliwia r\u00f3wnomiern\u0105 cyrkulacj\u0119 wody  <LI>do mocowania w pojemnikach o r\u00f3\u017cnych wymiarach  <\/p>\n","protected":false},"excerpt":{"rendered":"<p>idealny do gotowania w k\u0105pieli wodnej przy dok\u0142adnie kontrolowanej temperaturze grza\u0142ka zapewnia stabilno\u015b\u0107 temperatury w zakresie -0.1\u00b0C do +0.2\u00b0C posiada regulacj\u0119 temperatury co 0.1\u00b0C du\u017cy wy\u015bwietlacz zapewnia \u0142atwo\u015b\u0107 odczytu wskaza\u0144 wmontowana pompka umo\u017cliwia r\u00f3wnomiern\u0105 cyrkulacj\u0119 wody do mocowania w pojemnikach o r\u00f3\u017cnych wymiarach<\/p>\n","protected":false},"featured_media":15499,"template":"","meta":{"_et_pb_use_builder":"","_et_pb_old_content":"","_et_gb_content_width":""},"pwb-brand":[62],"product_brand":[],"product_cat":[414],"product_tag":[],"class_list":{"0":"post-9555","1":"product","2":"type-product","3":"status-publish","4":"has-post-thumbnail","6":"pwb-brand-stalgast","7":"product_cat-urzadzenia-do-sous-vide","9":"first","10":"instock","11":"taxable","12":"shipping-taxable","13":"purchasable","14":"product-type-simple"},"brands":[{"id":62,"name":"Stalgast","slug":"stalgast"}],"_links":{"self":[{"href":"https:\/\/www.multifrigo.pl\/sklep\/wp-json\/wp\/v2\/product\/9555","targetHints":{"allow":["GET"]}}],"collection":[{"href":"https:\/\/www.multifrigo.pl\/sklep\/wp-json\/wp\/v2\/product"}],"about":[{"href":"https:\/\/www.multifrigo.pl\/sklep\/wp-json\/wp\/v2\/types\/product"}],"wp:featuredmedia":[{"embeddable":true,"href":"https:\/\/www.multifrigo.pl\/sklep\/wp-json\/wp\/v2\/media\/15499"}],"wp:attachment":[{"href":"https:\/\/www.multifrigo.pl\/sklep\/wp-json\/wp\/v2\/media?parent=9555"}],"wp:term":[{"taxonomy":"pwb-brand","embeddable":true,"href":"https:\/\/www.multifrigo.pl\/sklep\/wp-json\/wp\/v2\/pwb-brand?post=9555"},{"taxonomy":"product_brand","embeddable":true,"href":"https:\/\/www.multifrigo.pl\/sklep\/wp-json\/wp\/v2\/product_brand?post=9555"},{"taxonomy":"product_cat","embeddable":true,"href":"https:\/\/www.multifrigo.pl\/sklep\/wp-json\/wp\/v2\/product_cat?post=9555"},{"taxonomy":"product_tag","embeddable":true,"href":"https:\/\/www.multifrigo.pl\/sklep\/wp-json\/wp\/v2\/product_tag?post=9555"}],"curies":[{"name":"wp","href":"https:\/\/api.w.org\/{rel}","templated":true}]}}