{"id":9579,"date":"2024-07-03T12:57:08","date_gmt":"2024-07-03T12:57:08","guid":{"rendered":"https:\/\/multifrigo.pl\/sklep\/produkt\/lampa-owadobojcza-2x10-w-stalgast-692211\/"},"modified":"2025-05-19T12:00:41","modified_gmt":"2025-05-19T12:00:41","slug":"lampa-owadobojcza-2x10-w-stalgast-692211","status":"publish","type":"product","link":"https:\/\/www.multifrigo.pl\/sklep\/produkt\/lampa-owadobojcza-2x10-w-stalgast-692211\/","title":{"rendered":"Lampa owadob\u00f3jcza 2&#215;10 W | Stalgast 692211"},"content":{"rendered":"<p><LI>lampa UV do zwalczania owad\u00f3w lataj\u0105cych  <LI>cicha praca, nie wydziela zapach\u00f3w  <LI>do u\u017cytku tylko wewn\u0105trz pomieszcze\u0144  <LI>mo\u017cliwo\u015b\u0107 monta\u017cu na \u015bcianie, podwieszenia b\u0105d\u017a postawienia  <LI>urz\u0105dzenie energooszcz\u0119dne i wydajne  <LI>obudowa \u0142atwa do czyszczenia, z wyjmowan\u0105 doln\u0105 tac\u0105, pu\u0142apka wyposa\u017cona w siatk\u0119 ra\u017c\u0105c\u0105 o wysokim napi\u0119ciu  <LI>posiada uchwyt \u0142a\u0144cuchowy  <LI>zasi\u0119g dzia\u0142ania 20 m2  <\/p>\n","protected":false},"excerpt":{"rendered":"<p>lampa UV do zwalczania owad\u00f3w lataj\u0105cych cicha praca, nie wydziela zapach\u00f3w do u\u017cytku tylko wewn\u0105trz pomieszcze\u0144 mo\u017cliwo\u015b\u0107 monta\u017cu na \u015bcianie, podwieszenia b\u0105d\u017a postawienia urz\u0105dzenie energooszcz\u0119dne i wydajne obudowa \u0142atwa do czyszczenia, z wyjmowan\u0105 doln\u0105 tac\u0105, pu\u0142apka wyposa\u017cona w siatk\u0119 ra\u017c\u0105c\u0105 o wysokim napi\u0119ciu posiada uchwyt \u0142a\u0144cuchowy zasi\u0119g dzia\u0142ania 20 m2<\/p>\n","protected":false},"featured_media":15554,"template":"","meta":{"_et_pb_use_builder":"","_et_pb_old_content":"","_et_gb_content_width":""},"pwb-brand":[62],"product_brand":[],"product_cat":[421],"product_tag":[],"class_list":{"0":"post-9579","1":"product","2":"type-product","3":"status-publish","4":"has-post-thumbnail","6":"pwb-brand-stalgast","7":"product_cat-lampy-owadobojcze","9":"first","10":"instock","11":"taxable","12":"shipping-taxable","13":"purchasable","14":"product-type-simple"},"brands":[{"id":62,"name":"Stalgast","slug":"stalgast"}],"_links":{"self":[{"href":"https:\/\/www.multifrigo.pl\/sklep\/wp-json\/wp\/v2\/product\/9579","targetHints":{"allow":["GET"]}}],"collection":[{"href":"https:\/\/www.multifrigo.pl\/sklep\/wp-json\/wp\/v2\/product"}],"about":[{"href":"https:\/\/www.multifrigo.pl\/sklep\/wp-json\/wp\/v2\/types\/product"}],"wp:featuredmedia":[{"embeddable":true,"href":"https:\/\/www.multifrigo.pl\/sklep\/wp-json\/wp\/v2\/media\/15554"}],"wp:attachment":[{"href":"https:\/\/www.multifrigo.pl\/sklep\/wp-json\/wp\/v2\/media?parent=9579"}],"wp:term":[{"taxonomy":"pwb-brand","embeddable":true,"href":"https:\/\/www.multifrigo.pl\/sklep\/wp-json\/wp\/v2\/pwb-brand?post=9579"},{"taxonomy":"product_brand","embeddable":true,"href":"https:\/\/www.multifrigo.pl\/sklep\/wp-json\/wp\/v2\/product_brand?post=9579"},{"taxonomy":"product_cat","embeddable":true,"href":"https:\/\/www.multifrigo.pl\/sklep\/wp-json\/wp\/v2\/product_cat?post=9579"},{"taxonomy":"product_tag","embeddable":true,"href":"https:\/\/www.multifrigo.pl\/sklep\/wp-json\/wp\/v2\/product_tag?post=9579"}],"curies":[{"name":"wp","href":"https:\/\/api.w.org\/{rel}","templated":true}]}}