{"id":9584,"date":"2024-07-03T12:57:09","date_gmt":"2024-07-03T12:57:09","guid":{"rendered":"https:\/\/multifrigo.pl\/sklep\/produkt\/lampa-owadobojcza-z-wentylatorem-zewnetrzna-wodooporna-p-0-04-kw-stalgast-692265\/"},"modified":"2025-05-19T12:00:48","modified_gmt":"2025-05-19T12:00:48","slug":"lampa-owadobojcza-z-wentylatorem-zewnetrzna-wodooporna-p-0-04-kw-stalgast-692265","status":"publish","type":"product","link":"https:\/\/www.multifrigo.pl\/sklep\/produkt\/lampa-owadobojcza-z-wentylatorem-zewnetrzna-wodooporna-p-0-04-kw-stalgast-692265\/","title":{"rendered":"Lampa owadob\u00f3jcza z wentylatorem, zewn\u0119trzna, wodooporna, P 0.04 kW | Stalgast 692265"},"content":{"rendered":"<p><LI>\u017cywotno\u015b\u0107 lampy UV ~8 000 godzin  <LI>mocna i trwa\u0142a obudowa wykonana z ognioodpornego tworzywa  <LI>mozliwo\u015b\u0107 zawieszenia  <LI>zakres dzia\u0142ania do ~30 m2  <LI>d\u0142ugo\u015b\u0107 przewodu zasilaj\u0105cego ~ 1 m  <LI>klasa wodoodporno\u015bci IPX4  <LI>posiada mocny i cichy wentylator z pojemnikiem na owady  <\/p>\n","protected":false},"excerpt":{"rendered":"<p>\u017cywotno\u015b\u0107 lampy UV ~8 000 godzin mocna i trwa\u0142a obudowa wykonana z ognioodpornego tworzywa mozliwo\u015b\u0107 zawieszenia zakres dzia\u0142ania do ~30 m2 d\u0142ugo\u015b\u0107 przewodu zasilaj\u0105cego ~ 1 m klasa wodoodporno\u015bci IPX4 posiada mocny i cichy wentylator z pojemnikiem na owady<\/p>\n","protected":false},"featured_media":15561,"template":"","meta":{"_et_pb_use_builder":"","_et_pb_old_content":"","_et_gb_content_width":""},"pwb-brand":[62],"product_brand":[],"product_cat":[421],"product_tag":[],"class_list":{"0":"post-9584","1":"product","2":"type-product","3":"status-publish","4":"has-post-thumbnail","6":"pwb-brand-stalgast","7":"product_cat-lampy-owadobojcze","9":"first","10":"instock","11":"taxable","12":"shipping-taxable","13":"purchasable","14":"product-type-simple"},"brands":[{"id":62,"name":"Stalgast","slug":"stalgast"}],"_links":{"self":[{"href":"https:\/\/www.multifrigo.pl\/sklep\/wp-json\/wp\/v2\/product\/9584","targetHints":{"allow":["GET"]}}],"collection":[{"href":"https:\/\/www.multifrigo.pl\/sklep\/wp-json\/wp\/v2\/product"}],"about":[{"href":"https:\/\/www.multifrigo.pl\/sklep\/wp-json\/wp\/v2\/types\/product"}],"wp:featuredmedia":[{"embeddable":true,"href":"https:\/\/www.multifrigo.pl\/sklep\/wp-json\/wp\/v2\/media\/15561"}],"wp:attachment":[{"href":"https:\/\/www.multifrigo.pl\/sklep\/wp-json\/wp\/v2\/media?parent=9584"}],"wp:term":[{"taxonomy":"pwb-brand","embeddable":true,"href":"https:\/\/www.multifrigo.pl\/sklep\/wp-json\/wp\/v2\/pwb-brand?post=9584"},{"taxonomy":"product_brand","embeddable":true,"href":"https:\/\/www.multifrigo.pl\/sklep\/wp-json\/wp\/v2\/product_brand?post=9584"},{"taxonomy":"product_cat","embeddable":true,"href":"https:\/\/www.multifrigo.pl\/sklep\/wp-json\/wp\/v2\/product_cat?post=9584"},{"taxonomy":"product_tag","embeddable":true,"href":"https:\/\/www.multifrigo.pl\/sklep\/wp-json\/wp\/v2\/product_tag?post=9584"}],"curies":[{"name":"wp","href":"https:\/\/api.w.org\/{rel}","templated":true}]}}