{"id":9621,"date":"2024-07-03T12:57:18","date_gmt":"2024-07-03T12:57:18","guid":{"rendered":"https:\/\/multifrigo.pl\/sklep\/produkt\/nadziewarka-do-kielbas-v-5-l-stalgast-721305\/"},"modified":"2025-05-19T12:01:09","modified_gmt":"2025-05-19T12:01:09","slug":"nadziewarka-do-kielbas-v-5-l-stalgast-721305","status":"publish","type":"product","link":"https:\/\/www.multifrigo.pl\/sklep\/produkt\/nadziewarka-do-kielbas-v-5-l-stalgast-721305\/","title":{"rendered":"Nadziewarka do kie\u0142bas, V 5 l | Stalgast 721305"},"content":{"rendered":"<p><LI>doskona\u0142ej jako\u015bci urz\u0105dzenia, przeznaczone do zastosowania przy niemasowej produkcji gastronomicznej jak i do amatorskiej produkcji w\u0119dliniarskiej  <LI>dzi\u0119ki niezawodnej i prostej konstrukcji obs\u0142uga urz\u0105dzenia jest \u0142atwa, intuicyjna i wygodna  <LI>wysokiej jako\u015bci materia\u0142y zastosowane w urz\u0105dzeniach gwarantuj\u0105 niezawodno\u015b\u0107 w dzia\u0142aniu i d\u0142ug\u0105 trwa\u0142o\u015b\u0107 u\u017cytkowania  <LI>cylinder nape\u0142niarki montowany na obie strony korpusu urz\u0105dzenia przez co funkcjonalnie u\u0142atwia obs\u0142ug\u0119 osobom prawo i lewor\u0119cznym  <LI>niezawodna konstrukcja wykonana ze stali nierdzewnej  <LI>t\u0142ok wyposa\u017cony w odpowietrznik wsadu i elastyczn\u0105 wymienn\u0105 uszczelk\u0119  <LI>nap\u0119d z redukcj\u0105 bieg\u00f3w o dw\u00f3ch pr\u0119dko\u015bciach pracy  <LI>urz\u0105dzenie wyposa\u017cone w 4 stalowe, wymienne lejki kie\u0142ba\u015bnicze o wymiarach: 16, 22, 32 38 mm  <LI>za\u0142adowanie cylindra mo\u017cliwe bez konieczno\u015bci jego ca\u0142kowitego demonta\u017cu  <LI>\u0142atwe i r\u00f3wnomierne dozowanie wsadu nape\u0142niarki  <\/p>\n","protected":false},"excerpt":{"rendered":"<p>doskona\u0142ej jako\u015bci urz\u0105dzenia, przeznaczone do zastosowania przy niemasowej produkcji gastronomicznej jak i do amatorskiej produkcji w\u0119dliniarskiej dzi\u0119ki niezawodnej i prostej konstrukcji obs\u0142uga urz\u0105dzenia jest \u0142atwa, intuicyjna i wygodna wysokiej jako\u015bci materia\u0142y zastosowane w urz\u0105dzeniach gwarantuj\u0105 niezawodno\u015b\u0107 w dzia\u0142aniu i d\u0142ug\u0105 trwa\u0142o\u015b\u0107 u\u017cytkowania cylinder nape\u0142niarki montowany na obie strony korpusu urz\u0105dzenia przez co funkcjonalnie u\u0142atwia obs\u0142ug\u0119 [&hellip;]<\/p>\n","protected":false},"featured_media":15630,"template":"","meta":{"_et_pb_use_builder":"","_et_pb_old_content":"","_et_gb_content_width":""},"pwb-brand":[62],"product_brand":[],"product_cat":[430],"product_tag":[],"class_list":{"0":"post-9621","1":"product","2":"type-product","3":"status-publish","4":"has-post-thumbnail","6":"pwb-brand-stalgast","7":"product_cat-nadziewarki-do-kielbas","9":"first","10":"instock","11":"taxable","12":"shipping-taxable","13":"purchasable","14":"product-type-simple"},"brands":[{"id":62,"name":"Stalgast","slug":"stalgast"}],"_links":{"self":[{"href":"https:\/\/www.multifrigo.pl\/sklep\/wp-json\/wp\/v2\/product\/9621","targetHints":{"allow":["GET"]}}],"collection":[{"href":"https:\/\/www.multifrigo.pl\/sklep\/wp-json\/wp\/v2\/product"}],"about":[{"href":"https:\/\/www.multifrigo.pl\/sklep\/wp-json\/wp\/v2\/types\/product"}],"wp:featuredmedia":[{"embeddable":true,"href":"https:\/\/www.multifrigo.pl\/sklep\/wp-json\/wp\/v2\/media\/15630"}],"wp:attachment":[{"href":"https:\/\/www.multifrigo.pl\/sklep\/wp-json\/wp\/v2\/media?parent=9621"}],"wp:term":[{"taxonomy":"pwb-brand","embeddable":true,"href":"https:\/\/www.multifrigo.pl\/sklep\/wp-json\/wp\/v2\/pwb-brand?post=9621"},{"taxonomy":"product_brand","embeddable":true,"href":"https:\/\/www.multifrigo.pl\/sklep\/wp-json\/wp\/v2\/product_brand?post=9621"},{"taxonomy":"product_cat","embeddable":true,"href":"https:\/\/www.multifrigo.pl\/sklep\/wp-json\/wp\/v2\/product_cat?post=9621"},{"taxonomy":"product_tag","embeddable":true,"href":"https:\/\/www.multifrigo.pl\/sklep\/wp-json\/wp\/v2\/product_tag?post=9621"}],"curies":[{"name":"wp","href":"https:\/\/api.w.org\/{rel}","templated":true}]}}