{"id":9623,"date":"2024-07-03T12:57:18","date_gmt":"2024-07-03T12:57:18","guid":{"rendered":"https:\/\/multifrigo.pl\/sklep\/produkt\/kotleciarka-elektryczna-p-0-37-kw-u-230-v-victor-721570\/"},"modified":"2025-05-19T12:01:10","modified_gmt":"2025-05-19T12:01:10","slug":"kotleciarka-elektryczna-p-0-37-kw-u-230-v-victor-721570","status":"publish","type":"product","link":"https:\/\/www.multifrigo.pl\/sklep\/produkt\/kotleciarka-elektryczna-p-0-37-kw-u-230-v-victor-721570\/","title":{"rendered":"Kotleciarka elektryczna, P 0.37 kW, U 230 V | Victor 721570"},"content":{"rendered":"<p><LI>idealna do restauracji, sklep\u00f3w mi\u0119snych, bar\u00f3w typu kebab itp.  <LI>przeznaczona do zmi\u0119kczania oraz przygotowania mi\u0119sa na kotlety, bitki, filety, steki  <LI>wydajno\u015b\u0107 do 420 kotlet\u00f3w\/godz.  <LI>przystawka nacinaj\u0105ca w standardzie  <LI>wielko\u015b\u0107 otworu wsadowego 158&#215;23 mm  <LI>antypo\u015blizgowe n\u00f3\u017cki  <LI>wa\u0142ki zgniataj\u0105ce 721571 w sprzeda\u017cy  <\/p>\n","protected":false},"excerpt":{"rendered":"<p>idealna do restauracji, sklep\u00f3w mi\u0119snych, bar\u00f3w typu kebab itp. przeznaczona do zmi\u0119kczania oraz przygotowania mi\u0119sa na kotlety, bitki, filety, steki wydajno\u015b\u0107 do 420 kotlet\u00f3w\/godz. przystawka nacinaj\u0105ca w standardzie wielko\u015b\u0107 otworu wsadowego 158&#215;23 mm antypo\u015blizgowe n\u00f3\u017cki wa\u0142ki zgniataj\u0105ce 721571 w sprzeda\u017cy<\/p>\n","protected":false},"featured_media":15640,"template":"","meta":{"_et_pb_use_builder":"","_et_pb_old_content":"","_et_gb_content_width":""},"pwb-brand":[177],"product_brand":[],"product_cat":[431],"product_tag":[],"class_list":{"0":"post-9623","1":"product","2":"type-product","3":"status-publish","4":"has-post-thumbnail","6":"pwb-brand-victor","7":"product_cat-kotleciarki","9":"first","10":"instock","11":"taxable","12":"shipping-taxable","13":"purchasable","14":"product-type-simple"},"brands":[{"id":177,"name":"Victor","slug":"victor"}],"_links":{"self":[{"href":"https:\/\/www.multifrigo.pl\/sklep\/wp-json\/wp\/v2\/product\/9623","targetHints":{"allow":["GET"]}}],"collection":[{"href":"https:\/\/www.multifrigo.pl\/sklep\/wp-json\/wp\/v2\/product"}],"about":[{"href":"https:\/\/www.multifrigo.pl\/sklep\/wp-json\/wp\/v2\/types\/product"}],"wp:featuredmedia":[{"embeddable":true,"href":"https:\/\/www.multifrigo.pl\/sklep\/wp-json\/wp\/v2\/media\/15640"}],"wp:attachment":[{"href":"https:\/\/www.multifrigo.pl\/sklep\/wp-json\/wp\/v2\/media?parent=9623"}],"wp:term":[{"taxonomy":"pwb-brand","embeddable":true,"href":"https:\/\/www.multifrigo.pl\/sklep\/wp-json\/wp\/v2\/pwb-brand?post=9623"},{"taxonomy":"product_brand","embeddable":true,"href":"https:\/\/www.multifrigo.pl\/sklep\/wp-json\/wp\/v2\/product_brand?post=9623"},{"taxonomy":"product_cat","embeddable":true,"href":"https:\/\/www.multifrigo.pl\/sklep\/wp-json\/wp\/v2\/product_cat?post=9623"},{"taxonomy":"product_tag","embeddable":true,"href":"https:\/\/www.multifrigo.pl\/sklep\/wp-json\/wp\/v2\/product_tag?post=9623"}],"curies":[{"name":"wp","href":"https:\/\/api.w.org\/{rel}","templated":true}]}}