{"id":9642,"date":"2024-07-03T12:57:22","date_gmt":"2024-07-03T12:57:22","guid":{"rendered":"https:\/\/multifrigo.pl\/sklep\/produkt\/waga-pomocnicza-zakres-6-kg-dokladnosc-1-g-ohaus-730060\/"},"modified":"2025-05-19T12:01:23","modified_gmt":"2025-05-19T12:01:23","slug":"waga-pomocnicza-zakres-6-kg-dokladnosc-1-g-ohaus-730060","status":"publish","type":"product","link":"https:\/\/www.multifrigo.pl\/sklep\/produkt\/waga-pomocnicza-zakres-6-kg-dokladnosc-1-g-ohaus-730060\/","title":{"rendered":"Waga pomocnicza, zakres 6 kg, dok\u0142adno\u015b\u0107 1 g | Ohaus 730060"},"content":{"rendered":"<p><LI>zastosowanie na kuchni jako waga pomocnicza, lub jako waga kontrolna  <LI>pojedynczy wy\u015bwietlacz ciek\u0142okrystaliczny z pod\u015bwietleniem  <LI>zabezpieczenie przed przeci\u0105\u017ceniem  <LI>wielokrotne tarowanie  <LI>4 baterie alkaiczne typu D (R20) w komplecie, mo\u017cliwo\u015b\u0107 zakupu zasilacza (C011026)  <LI>zakresy pomiaru: (g, kg, lb, oz) sumowanie, wa\u017cenie kontrolne z sygna\u0142em  <LI>wymiary szalki 242&#215;190 mm (szalka wykonana ze stali nierdzewnej)  <LI>czas pracy na zasilaniu bateryjnym 1500 godz. (z wy\u0142\u0105czonym pod\u015bwietlaniem wy\u015bwietlacza)  <LI>czas stabilizacji pomiaru ok 3 s  <LI>regulowane 4 n\u00f3\u017cki, poziomica  <LI>obudowa wykonana z ABS  <LI>kalibracja cyfrowa  <\/p>\n","protected":false},"excerpt":{"rendered":"<p>zastosowanie na kuchni jako waga pomocnicza, lub jako waga kontrolna pojedynczy wy\u015bwietlacz ciek\u0142okrystaliczny z pod\u015bwietleniem zabezpieczenie przed przeci\u0105\u017ceniem wielokrotne tarowanie 4 baterie alkaiczne typu D (R20) w komplecie, mo\u017cliwo\u015b\u0107 zakupu zasilacza (C011026) zakresy pomiaru: (g, kg, lb, oz) sumowanie, wa\u017cenie kontrolne z sygna\u0142em wymiary szalki 242&#215;190 mm (szalka wykonana ze stali nierdzewnej) czas pracy na [&hellip;]<\/p>\n","protected":false},"featured_media":15712,"template":"","meta":{"_et_pb_use_builder":"","_et_pb_old_content":"","_et_gb_content_width":""},"pwb-brand":[438],"product_brand":[],"product_cat":[436],"product_tag":[],"class_list":{"0":"post-9642","1":"product","2":"type-product","3":"status-publish","4":"has-post-thumbnail","6":"pwb-brand-ohaus","7":"product_cat-sklepowe","9":"first","10":"instock","11":"taxable","12":"shipping-taxable","13":"purchasable","14":"product-type-simple"},"brands":[{"id":438,"name":"Ohaus","slug":"ohaus"}],"_links":{"self":[{"href":"https:\/\/www.multifrigo.pl\/sklep\/wp-json\/wp\/v2\/product\/9642","targetHints":{"allow":["GET"]}}],"collection":[{"href":"https:\/\/www.multifrigo.pl\/sklep\/wp-json\/wp\/v2\/product"}],"about":[{"href":"https:\/\/www.multifrigo.pl\/sklep\/wp-json\/wp\/v2\/types\/product"}],"wp:featuredmedia":[{"embeddable":true,"href":"https:\/\/www.multifrigo.pl\/sklep\/wp-json\/wp\/v2\/media\/15712"}],"wp:attachment":[{"href":"https:\/\/www.multifrigo.pl\/sklep\/wp-json\/wp\/v2\/media?parent=9642"}],"wp:term":[{"taxonomy":"pwb-brand","embeddable":true,"href":"https:\/\/www.multifrigo.pl\/sklep\/wp-json\/wp\/v2\/pwb-brand?post=9642"},{"taxonomy":"product_brand","embeddable":true,"href":"https:\/\/www.multifrigo.pl\/sklep\/wp-json\/wp\/v2\/product_brand?post=9642"},{"taxonomy":"product_cat","embeddable":true,"href":"https:\/\/www.multifrigo.pl\/sklep\/wp-json\/wp\/v2\/product_cat?post=9642"},{"taxonomy":"product_tag","embeddable":true,"href":"https:\/\/www.multifrigo.pl\/sklep\/wp-json\/wp\/v2\/product_tag?post=9642"}],"curies":[{"name":"wp","href":"https:\/\/api.w.org\/{rel}","templated":true}]}}