{"id":9648,"date":"2024-07-03T12:57:25","date_gmt":"2024-07-03T12:57:25","guid":{"rendered":"https:\/\/multifrigo.pl\/sklep\/produkt\/waga-pomocnicza-wodoodporna-stal-nierdzewna-zakres-15-kg-dokladnosc-2-g-ohaus-730151\/"},"modified":"2025-05-19T12:01:25","modified_gmt":"2025-05-19T12:01:25","slug":"waga-pomocnicza-wodoodporna-stal-nierdzewna-zakres-15-kg-dokladnosc-2-g-ohaus-730151","status":"publish","type":"product","link":"https:\/\/www.multifrigo.pl\/sklep\/produkt\/waga-pomocnicza-wodoodporna-stal-nierdzewna-zakres-15-kg-dokladnosc-2-g-ohaus-730151\/","title":{"rendered":"Waga pomocnicza, wodoodporna, stal nierdzewna, zakres 15 kg, dok\u0142adno\u015b\u0107 2 g | Ohaus 730151"},"content":{"rendered":"<p><LI>zastosowanie na kuchni jako waga pomocnicza, lub jako waga kontrolna  <LI>2 wy\u015bwietlacze ciek\u0142okrystaliczne z pod\u015bwietleniem  <LI>zabezpieczenie przed przeci\u0105\u017ceniem  <LI>wielokrotne tarowanie  <LI>Zasilacz w standardzie. Waga posiada r\u00f3wnie\u017c wbudowany akumulator  <LI>zakresy pomiaru: (g, kg, lb, oz) sumowanie, wa\u017cenie kontrolne z sygna\u0142em  <LI>zakres wa\u017cenia: do 15 kg  <LI>dok\u0142adno\u015b\u0107 do 2 g  <LI>wymiary szalki 242&#215;190 mm (szalka wykonana ze stali nierdzewnej)  <LI>czas pracy na zasilaniu bateryjnym 50 godz.  <LI>czas stabilizacji pomiaru ok 0.5 s  <LI>regulowane 4 n\u00f3\u017cki  <LI>poziomica  <LI>obudowa wykonana ze stali nierdzewnej  <LI>waga wodoodporna &#8211; IP68 &#8211; umo\u017cliwia bezpieczne wa\u017cenie p\u0142yn\u00f3w oraz prac\u0119 w wilgotnym \u015brodowisku  <\/p>\n","protected":false},"excerpt":{"rendered":"<p>zastosowanie na kuchni jako waga pomocnicza, lub jako waga kontrolna 2 wy\u015bwietlacze ciek\u0142okrystaliczne z pod\u015bwietleniem zabezpieczenie przed przeci\u0105\u017ceniem wielokrotne tarowanie Zasilacz w standardzie. Waga posiada r\u00f3wnie\u017c wbudowany akumulator zakresy pomiaru: (g, kg, lb, oz) sumowanie, wa\u017cenie kontrolne z sygna\u0142em zakres wa\u017cenia: do 15 kg dok\u0142adno\u015b\u0107 do 2 g wymiary szalki 242&#215;190 mm (szalka wykonana ze [&hellip;]<\/p>\n","protected":false},"featured_media":15731,"template":"","meta":{"_et_pb_use_builder":"","_et_pb_old_content":"","_et_gb_content_width":""},"pwb-brand":[438],"product_brand":[],"product_cat":[436],"product_tag":[],"class_list":{"0":"post-9648","1":"product","2":"type-product","3":"status-publish","4":"has-post-thumbnail","6":"pwb-brand-ohaus","7":"product_cat-sklepowe","9":"first","10":"instock","11":"taxable","12":"shipping-taxable","13":"purchasable","14":"product-type-simple"},"brands":[{"id":438,"name":"Ohaus","slug":"ohaus"}],"_links":{"self":[{"href":"https:\/\/www.multifrigo.pl\/sklep\/wp-json\/wp\/v2\/product\/9648","targetHints":{"allow":["GET"]}}],"collection":[{"href":"https:\/\/www.multifrigo.pl\/sklep\/wp-json\/wp\/v2\/product"}],"about":[{"href":"https:\/\/www.multifrigo.pl\/sklep\/wp-json\/wp\/v2\/types\/product"}],"wp:featuredmedia":[{"embeddable":true,"href":"https:\/\/www.multifrigo.pl\/sklep\/wp-json\/wp\/v2\/media\/15731"}],"wp:attachment":[{"href":"https:\/\/www.multifrigo.pl\/sklep\/wp-json\/wp\/v2\/media?parent=9648"}],"wp:term":[{"taxonomy":"pwb-brand","embeddable":true,"href":"https:\/\/www.multifrigo.pl\/sklep\/wp-json\/wp\/v2\/pwb-brand?post=9648"},{"taxonomy":"product_brand","embeddable":true,"href":"https:\/\/www.multifrigo.pl\/sklep\/wp-json\/wp\/v2\/product_brand?post=9648"},{"taxonomy":"product_cat","embeddable":true,"href":"https:\/\/www.multifrigo.pl\/sklep\/wp-json\/wp\/v2\/product_cat?post=9648"},{"taxonomy":"product_tag","embeddable":true,"href":"https:\/\/www.multifrigo.pl\/sklep\/wp-json\/wp\/v2\/product_tag?post=9648"}],"curies":[{"name":"wp","href":"https:\/\/api.w.org\/{rel}","templated":true}]}}