{"id":9651,"date":"2024-07-03T12:57:26","date_gmt":"2024-07-03T12:57:26","guid":{"rendered":"https:\/\/multifrigo.pl\/sklep\/produkt\/waga-sklepowa-navigator-xt-legalizowana-zakres-16-kg-dokladnosc-5-g-ohaus-730156\/"},"modified":"2025-05-19T12:01:26","modified_gmt":"2025-05-19T12:01:26","slug":"waga-sklepowa-navigator-xt-legalizowana-zakres-16-kg-dokladnosc-5-g-ohaus-730156","status":"publish","type":"product","link":"https:\/\/www.multifrigo.pl\/sklep\/produkt\/waga-sklepowa-navigator-xt-legalizowana-zakres-16-kg-dokladnosc-5-g-ohaus-730156\/","title":{"rendered":"Waga sklepowa, Navigator XT, legalizowana, zakres 16 kg, dok\u0142adno\u015b\u0107 5 g | Ohaus 730156"},"content":{"rendered":"<p><LI>zastowowanie w gastronomii, handlu, przemy\u015ble i aptekach  <LI>zasilanie sieciowe (zasilacz w standardzie) lub bateryjne z funkcj\u0105 automatycznego wy\u0142\u0105czenia, (opcjonalnie akumulator)  <LI>wy\u015bwietlacz LCD  <LI>czujnik zbli\u017ceniowy do bezdotykowego tarowania wagi  <LI>funkcje wa\u017cenia: procentowe, liczenie sztuk, sumowanie, zatrzymanie wyniku  <LI>blokada transportowa, czas stabilizacji pomiaru ok. 1 sek.  <LI>pod\u015bwietlana poziomica  <LI>blokada menu  <LI>zabezpieczenie przed kradzie\u017c\u0105  <LI>opcjonalne modu\u0142y obs\u0142ugi interfejs\u00f3w: USB, RS232, Ethernet  <LI>szalka o wymiarach 230&#215;174 mm  <LI>waga legalizowana  <\/p>\n","protected":false},"excerpt":{"rendered":"<p>zastowowanie w gastronomii, handlu, przemy\u015ble i aptekach zasilanie sieciowe (zasilacz w standardzie) lub bateryjne z funkcj\u0105 automatycznego wy\u0142\u0105czenia, (opcjonalnie akumulator) wy\u015bwietlacz LCD czujnik zbli\u017ceniowy do bezdotykowego tarowania wagi funkcje wa\u017cenia: procentowe, liczenie sztuk, sumowanie, zatrzymanie wyniku blokada transportowa, czas stabilizacji pomiaru ok. 1 sek. pod\u015bwietlana poziomica blokada menu zabezpieczenie przed kradzie\u017c\u0105 opcjonalne modu\u0142y obs\u0142ugi interfejs\u00f3w: [&hellip;]<\/p>\n","protected":false},"featured_media":15737,"template":"","meta":{"_et_pb_use_builder":"","_et_pb_old_content":"","_et_gb_content_width":""},"pwb-brand":[438],"product_brand":[],"product_cat":[436],"product_tag":[],"class_list":{"0":"post-9651","1":"product","2":"type-product","3":"status-publish","4":"has-post-thumbnail","6":"pwb-brand-ohaus","7":"product_cat-sklepowe","9":"first","10":"instock","11":"taxable","12":"shipping-taxable","13":"purchasable","14":"product-type-simple"},"brands":[{"id":438,"name":"Ohaus","slug":"ohaus"}],"_links":{"self":[{"href":"https:\/\/www.multifrigo.pl\/sklep\/wp-json\/wp\/v2\/product\/9651","targetHints":{"allow":["GET"]}}],"collection":[{"href":"https:\/\/www.multifrigo.pl\/sklep\/wp-json\/wp\/v2\/product"}],"about":[{"href":"https:\/\/www.multifrigo.pl\/sklep\/wp-json\/wp\/v2\/types\/product"}],"wp:featuredmedia":[{"embeddable":true,"href":"https:\/\/www.multifrigo.pl\/sklep\/wp-json\/wp\/v2\/media\/15737"}],"wp:attachment":[{"href":"https:\/\/www.multifrigo.pl\/sklep\/wp-json\/wp\/v2\/media?parent=9651"}],"wp:term":[{"taxonomy":"pwb-brand","embeddable":true,"href":"https:\/\/www.multifrigo.pl\/sklep\/wp-json\/wp\/v2\/pwb-brand?post=9651"},{"taxonomy":"product_brand","embeddable":true,"href":"https:\/\/www.multifrigo.pl\/sklep\/wp-json\/wp\/v2\/product_brand?post=9651"},{"taxonomy":"product_cat","embeddable":true,"href":"https:\/\/www.multifrigo.pl\/sklep\/wp-json\/wp\/v2\/product_cat?post=9651"},{"taxonomy":"product_tag","embeddable":true,"href":"https:\/\/www.multifrigo.pl\/sklep\/wp-json\/wp\/v2\/product_tag?post=9651"}],"curies":[{"name":"wp","href":"https:\/\/api.w.org\/{rel}","templated":true}]}}