{"id":9655,"date":"2024-07-03T12:57:27","date_gmt":"2024-07-03T12:57:27","guid":{"rendered":"https:\/\/multifrigo.pl\/sklep\/produkt\/waga-kalkulacyjna-legalizowana-zakres-15-kg-dokladnosc-5-g-mettler-toledo-731152\/"},"modified":"2025-05-19T12:01:28","modified_gmt":"2025-05-19T12:01:28","slug":"waga-kalkulacyjna-legalizowana-zakres-15-kg-dokladnosc-5-g-mettler-toledo-731152","status":"publish","type":"product","link":"https:\/\/www.multifrigo.pl\/sklep\/produkt\/waga-kalkulacyjna-legalizowana-zakres-15-kg-dokladnosc-5-g-mettler-toledo-731152\/","title":{"rendered":"Waga kalkulacyjna, legalizowana, zakres 15 kg, dok\u0142adno\u015b\u0107 5 g | Mettler Toledo 731152"},"content":{"rendered":"<p><LI>zasilanie sieciowo-akumulatorowe 6V 4.5 Ah  <LI>Zasilacz w standardzie  <LI>50 kod\u00f3w PLU  <LI>klawiatura pokryta gum\u0105 silikonow\u0105  <LI>zakres wa\u017cenia: do 15 kg  <LI>dok\u0142adno\u015b\u0107 do 5 g  <LI>2 x 16 przycisk\u00f3w PLU- kody szybkiego dost\u0119pu  <LI>wymiary szalki 240&#215;337 mm (szalka wykonana ze stali nierdzewnej)  <LI>klawiatura z wymienna kartk\u0105 (mozliwos\u0107 opisania kod\u00f3w PLU lub naklei\u0107 zdjecia produkt\u00f3w)  <LI>uchwyt transportowy, zwijany kabel  <LI>regulowane gumowe n\u00f3\u017cki  <LI>wbudowana poziomica  <LI>zintegrowany schowek na zasilacz  <LI>waga legalizowana  <\/p>\n","protected":false},"excerpt":{"rendered":"<p>zasilanie sieciowo-akumulatorowe 6V 4.5 Ah Zasilacz w standardzie 50 kod\u00f3w PLU klawiatura pokryta gum\u0105 silikonow\u0105 zakres wa\u017cenia: do 15 kg dok\u0142adno\u015b\u0107 do 5 g 2 x 16 przycisk\u00f3w PLU- kody szybkiego dost\u0119pu wymiary szalki 240&#215;337 mm (szalka wykonana ze stali nierdzewnej) klawiatura z wymienna kartk\u0105 (mozliwos\u0107 opisania kod\u00f3w PLU lub naklei\u0107 zdjecia produkt\u00f3w) uchwyt transportowy, [&hellip;]<\/p>\n","protected":false},"featured_media":15751,"template":"","meta":{"_et_pb_use_builder":"","_et_pb_old_content":"","_et_gb_content_width":""},"pwb-brand":[448],"product_brand":[],"product_cat":[439],"product_tag":[],"class_list":{"0":"post-9655","1":"product","2":"type-product","3":"status-publish","4":"has-post-thumbnail","6":"pwb-brand-mettler-toledo","7":"product_cat-kalkulacyjne","9":"first","10":"instock","11":"taxable","12":"shipping-taxable","13":"purchasable","14":"product-type-simple"},"brands":[{"id":448,"name":"Mettler Toledo","slug":"mettler-toledo"}],"_links":{"self":[{"href":"https:\/\/www.multifrigo.pl\/sklep\/wp-json\/wp\/v2\/product\/9655","targetHints":{"allow":["GET"]}}],"collection":[{"href":"https:\/\/www.multifrigo.pl\/sklep\/wp-json\/wp\/v2\/product"}],"about":[{"href":"https:\/\/www.multifrigo.pl\/sklep\/wp-json\/wp\/v2\/types\/product"}],"wp:featuredmedia":[{"embeddable":true,"href":"https:\/\/www.multifrigo.pl\/sklep\/wp-json\/wp\/v2\/media\/15751"}],"wp:attachment":[{"href":"https:\/\/www.multifrigo.pl\/sklep\/wp-json\/wp\/v2\/media?parent=9655"}],"wp:term":[{"taxonomy":"pwb-brand","embeddable":true,"href":"https:\/\/www.multifrigo.pl\/sklep\/wp-json\/wp\/v2\/pwb-brand?post=9655"},{"taxonomy":"product_brand","embeddable":true,"href":"https:\/\/www.multifrigo.pl\/sklep\/wp-json\/wp\/v2\/product_brand?post=9655"},{"taxonomy":"product_cat","embeddable":true,"href":"https:\/\/www.multifrigo.pl\/sklep\/wp-json\/wp\/v2\/product_cat?post=9655"},{"taxonomy":"product_tag","embeddable":true,"href":"https:\/\/www.multifrigo.pl\/sklep\/wp-json\/wp\/v2\/product_tag?post=9655"}],"curies":[{"name":"wp","href":"https:\/\/api.w.org\/{rel}","templated":true}]}}