{"id":9663,"date":"2024-07-03T12:57:29","date_gmt":"2024-07-03T12:57:29","guid":{"rendered":"https:\/\/multifrigo.pl\/sklep\/produkt\/kontakt-grill-podwojny-ryflowany-p-3-6-kw-caterina-742028\/"},"modified":"2025-05-19T12:01:38","modified_gmt":"2025-05-19T12:01:38","slug":"kontakt-grill-podwojny-ryflowany-p-3-6-kw-caterina-742028","status":"publish","type":"product","link":"https:\/\/www.multifrigo.pl\/sklep\/produkt\/kontakt-grill-podwojny-ryflowany-p-3-6-kw-caterina-742028\/","title":{"rendered":"Kontakt grill podw\u00f3jny ryflowany, P 3.6 kW | Caterina 742028"},"content":{"rendered":"<p><LI>grza\u0142ka dolna 2&#215;1000 W, g\u00f3rna 2&#215;800 W  <LI>wymiary p\u0142yty roboczej: dolnej &#8211; 480&#215;230 mm, g\u00f3rnej &#8211; 215&#215;215 mm  <LI>l &#8211; przewodu zasilaj\u0105cego 1450 mm  <LI>solidne obustronnie ryflowane p\u0142yty robocze zapewniaj\u0105ce idealne rozprowadzenie temperatury  <LI>idealne rozprowadzenie temperatury  <LI>dolna p\u0142yta z rantem zapewniaj\u0105ca komfort i higien\u0119 pracy  <LI>regulacja temperatury do 300\u00b0C  <LI>termostat bezpiecze\u0144stwa  <LI>w\u0142\u0105cznik pracy oraz kontrolka zadanej temperatury  <LI>\u017caroodporny uchwyt  <LI>rynienka ociekowa na t\u0142uszcz i pozosta\u0142o\u015bci procesu grillowania  <\/p>\n","protected":false},"excerpt":{"rendered":"<p>grza\u0142ka dolna 2&#215;1000 W, g\u00f3rna 2&#215;800 W wymiary p\u0142yty roboczej: dolnej &#8211; 480&#215;230 mm, g\u00f3rnej &#8211; 215&#215;215 mm l &#8211; przewodu zasilaj\u0105cego 1450 mm solidne obustronnie ryflowane p\u0142yty robocze zapewniaj\u0105ce idealne rozprowadzenie temperatury idealne rozprowadzenie temperatury dolna p\u0142yta z rantem zapewniaj\u0105ca komfort i higien\u0119 pracy regulacja temperatury do 300\u00b0C termostat bezpiecze\u0144stwa w\u0142\u0105cznik pracy oraz kontrolka [&hellip;]<\/p>\n","protected":false},"featured_media":15766,"template":"","meta":{"_et_pb_use_builder":"","_et_pb_old_content":"","_et_gb_content_width":""},"pwb-brand":[416],"product_brand":[],"product_cat":[445],"product_tag":[],"class_list":{"0":"post-9663","1":"product","2":"type-product","3":"status-publish","4":"has-post-thumbnail","6":"pwb-brand-caterina","7":"product_cat-grille-podwojne","9":"first","10":"instock","11":"taxable","12":"shipping-taxable","13":"purchasable","14":"product-type-simple"},"brands":[{"id":416,"name":"Caterina","slug":"caterina"}],"_links":{"self":[{"href":"https:\/\/www.multifrigo.pl\/sklep\/wp-json\/wp\/v2\/product\/9663","targetHints":{"allow":["GET"]}}],"collection":[{"href":"https:\/\/www.multifrigo.pl\/sklep\/wp-json\/wp\/v2\/product"}],"about":[{"href":"https:\/\/www.multifrigo.pl\/sklep\/wp-json\/wp\/v2\/types\/product"}],"wp:featuredmedia":[{"embeddable":true,"href":"https:\/\/www.multifrigo.pl\/sklep\/wp-json\/wp\/v2\/media\/15766"}],"wp:attachment":[{"href":"https:\/\/www.multifrigo.pl\/sklep\/wp-json\/wp\/v2\/media?parent=9663"}],"wp:term":[{"taxonomy":"pwb-brand","embeddable":true,"href":"https:\/\/www.multifrigo.pl\/sklep\/wp-json\/wp\/v2\/pwb-brand?post=9663"},{"taxonomy":"product_brand","embeddable":true,"href":"https:\/\/www.multifrigo.pl\/sklep\/wp-json\/wp\/v2\/product_brand?post=9663"},{"taxonomy":"product_cat","embeddable":true,"href":"https:\/\/www.multifrigo.pl\/sklep\/wp-json\/wp\/v2\/product_cat?post=9663"},{"taxonomy":"product_tag","embeddable":true,"href":"https:\/\/www.multifrigo.pl\/sklep\/wp-json\/wp\/v2\/product_tag?post=9663"}],"curies":[{"name":"wp","href":"https:\/\/api.w.org\/{rel}","templated":true}]}}