{"id":9665,"date":"2024-07-03T12:57:30","date_gmt":"2024-07-03T12:57:30","guid":{"rendered":"https:\/\/multifrigo.pl\/sklep\/produkt\/plyta-grillowa-2-3-gladka-1-3-ryflowana-caterina-p-3-5-kw-caterina-745104\/"},"modified":"2025-05-19T12:01:38","modified_gmt":"2025-05-19T12:01:38","slug":"plyta-grillowa-2-3-gladka-1-3-ryflowana-caterina-p-3-5-kw-caterina-745104","status":"publish","type":"product","link":"https:\/\/www.multifrigo.pl\/sklep\/produkt\/plyta-grillowa-2-3-gladka-1-3-ryflowana-caterina-p-3-5-kw-caterina-745104\/","title":{"rendered":"P\u0142yta grillowa, 2\/3 g\u0142adka, 1\/3 ryflowana, Caterina, P 3.5 kW | Caterina 745104"},"content":{"rendered":"<p><LI>l &#8211; przewodu zasilaj\u0105cego 1450 mm  <LI>p\u0142yta grzewcza 2\/3 g\u0142adka, 1\/3 ryflowana  <LI>2 strefy grzewcze  <LI>regulacja temperatury pokr\u0119t\u0142em 50-300\u00b0C  <LI>szybki proces nagrzewania p\u0142yty  <LI>w\u0142\u0105cznik pracy oraz kontrolka zadanej temperatury  <LI>rant zabezpieczaj\u0105cy  <LI>demontowalna szuflada na t\u0142uszcz  <LI>wymiary p\u0142yty roboczej 690&#215;410 mm  <\/p>\n","protected":false},"excerpt":{"rendered":"<p>l &#8211; przewodu zasilaj\u0105cego 1450 mm p\u0142yta grzewcza 2\/3 g\u0142adka, 1\/3 ryflowana 2 strefy grzewcze regulacja temperatury pokr\u0119t\u0142em 50-300\u00b0C szybki proces nagrzewania p\u0142yty w\u0142\u0105cznik pracy oraz kontrolka zadanej temperatury rant zabezpieczaj\u0105cy demontowalna szuflada na t\u0142uszcz wymiary p\u0142yty roboczej 690&#215;410 mm<\/p>\n","protected":false},"featured_media":15775,"template":"","meta":{"_et_pb_use_builder":"","_et_pb_old_content":"","_et_gb_content_width":""},"pwb-brand":[416],"product_brand":[],"product_cat":[446],"product_tag":[],"class_list":{"0":"post-9665","1":"product","2":"type-product","3":"status-publish","4":"has-post-thumbnail","6":"pwb-brand-caterina","7":"product_cat-plyty-grillowe","9":"first","10":"instock","11":"taxable","12":"shipping-taxable","13":"purchasable","14":"product-type-simple"},"brands":[{"id":416,"name":"Caterina","slug":"caterina"}],"_links":{"self":[{"href":"https:\/\/www.multifrigo.pl\/sklep\/wp-json\/wp\/v2\/product\/9665","targetHints":{"allow":["GET"]}}],"collection":[{"href":"https:\/\/www.multifrigo.pl\/sklep\/wp-json\/wp\/v2\/product"}],"about":[{"href":"https:\/\/www.multifrigo.pl\/sklep\/wp-json\/wp\/v2\/types\/product"}],"wp:featuredmedia":[{"embeddable":true,"href":"https:\/\/www.multifrigo.pl\/sklep\/wp-json\/wp\/v2\/media\/15775"}],"wp:attachment":[{"href":"https:\/\/www.multifrigo.pl\/sklep\/wp-json\/wp\/v2\/media?parent=9665"}],"wp:term":[{"taxonomy":"pwb-brand","embeddable":true,"href":"https:\/\/www.multifrigo.pl\/sklep\/wp-json\/wp\/v2\/pwb-brand?post=9665"},{"taxonomy":"product_brand","embeddable":true,"href":"https:\/\/www.multifrigo.pl\/sklep\/wp-json\/wp\/v2\/product_brand?post=9665"},{"taxonomy":"product_cat","embeddable":true,"href":"https:\/\/www.multifrigo.pl\/sklep\/wp-json\/wp\/v2\/product_cat?post=9665"},{"taxonomy":"product_tag","embeddable":true,"href":"https:\/\/www.multifrigo.pl\/sklep\/wp-json\/wp\/v2\/product_tag?post=9665"}],"curies":[{"name":"wp","href":"https:\/\/api.w.org\/{rel}","templated":true}]}}