{"id":9666,"date":"2024-07-03T12:57:30","date_gmt":"2024-07-03T12:57:30","guid":{"rendered":"https:\/\/multifrigo.pl\/sklep\/produkt\/frytownica-elektryczna-1-komorowa-caterina-v-5-l-p-2-kw-caterina-746067\/"},"modified":"2025-08-26T00:01:07","modified_gmt":"2025-08-26T00:01:07","slug":"frytownica-elektryczna-1-komorowa-caterina-v-5-l-p-2-kw-caterina-746067","status":"publish","type":"product","link":"https:\/\/www.multifrigo.pl\/sklep\/produkt\/frytownica-elektryczna-1-komorowa-caterina-v-5-l-p-2-kw-caterina-746067\/","title":{"rendered":"Frytownica elektryczna, 1-komorowa, Caterina, V 5 l, P 2 KW | Caterina 746067"},"content":{"rendered":"<ul>\n<li>pojemno\u015b\u0107 u\u017cytkowa 5 l<\/li>\n<li>pojemno\u015b\u0107 minimalna 3.3 l<\/li>\n<li>pojemno\u015b\u0107 ca\u0142kowita 7.8 l<\/li>\n<li>solidny kosz frytownicy z przednim mocowaniem oraz \u017caroodpornym uchwytem<\/li>\n<li>regulacja temperatury pokr\u0119t\u0142em 60-200\u00b0C<\/li>\n<li>system zimnej strefy zapobiegaj\u0105cy przypalaniu si\u0119 resztek \u017cywno\u015bci<\/li>\n<li>demontowalny panel sterowania u\u0142atwiaj\u0105cy czyszczenie urz\u0105dzenia<\/li>\n<\/ul>\n","protected":false},"excerpt":{"rendered":"<p>pojemno\u015b\u0107 u\u017cytkowa 5 l pojemno\u015b\u0107 minimalna 3.3 l pojemno\u015b\u0107 ca\u0142kowita 7.8 l solidny kosz frytownicy z przednim mocowaniem oraz \u017caroodpornym uchwytem regulacja temperatury pokr\u0119t\u0142em 60-200\u00b0C system zimnej strefy zapobiegaj\u0105cy przypalaniu si\u0119 resztek \u017cywno\u015bci demontowalny panel sterowania u\u0142atwiaj\u0105cy czyszczenie urz\u0105dzenia<\/p>\n","protected":false},"featured_media":15779,"template":"","meta":{"_et_pb_use_builder":"","_et_pb_old_content":"","_et_gb_content_width":""},"pwb-brand":[416],"product_brand":[],"product_cat":[447],"product_tag":[],"class_list":{"0":"post-9666","1":"product","2":"type-product","3":"status-publish","4":"has-post-thumbnail","6":"pwb-brand-caterina","7":"product_cat-frytownice-gastronomiczne","9":"first","10":"instock","11":"taxable","12":"shipping-taxable","13":"purchasable","14":"product-type-simple"},"brands":[{"id":416,"name":"Caterina","slug":"caterina"}],"_links":{"self":[{"href":"https:\/\/www.multifrigo.pl\/sklep\/wp-json\/wp\/v2\/product\/9666","targetHints":{"allow":["GET"]}}],"collection":[{"href":"https:\/\/www.multifrigo.pl\/sklep\/wp-json\/wp\/v2\/product"}],"about":[{"href":"https:\/\/www.multifrigo.pl\/sklep\/wp-json\/wp\/v2\/types\/product"}],"wp:featuredmedia":[{"embeddable":true,"href":"https:\/\/www.multifrigo.pl\/sklep\/wp-json\/wp\/v2\/media\/15779"}],"wp:attachment":[{"href":"https:\/\/www.multifrigo.pl\/sklep\/wp-json\/wp\/v2\/media?parent=9666"}],"wp:term":[{"taxonomy":"pwb-brand","embeddable":true,"href":"https:\/\/www.multifrigo.pl\/sklep\/wp-json\/wp\/v2\/pwb-brand?post=9666"},{"taxonomy":"product_brand","embeddable":true,"href":"https:\/\/www.multifrigo.pl\/sklep\/wp-json\/wp\/v2\/product_brand?post=9666"},{"taxonomy":"product_cat","embeddable":true,"href":"https:\/\/www.multifrigo.pl\/sklep\/wp-json\/wp\/v2\/product_cat?post=9666"},{"taxonomy":"product_tag","embeddable":true,"href":"https:\/\/www.multifrigo.pl\/sklep\/wp-json\/wp\/v2\/product_tag?post=9666"}],"curies":[{"name":"wp","href":"https:\/\/api.w.org\/{rel}","templated":true}]}}