{"id":9667,"date":"2024-07-03T12:57:30","date_gmt":"2024-07-03T12:57:30","guid":{"rendered":"https:\/\/multifrigo.pl\/sklep\/produkt\/frytownica-elektryczna-2-komorowa-caterina-v-2x5-l-p-4-kw-caterina-746068\/"},"modified":"2025-05-19T12:01:39","modified_gmt":"2025-05-19T12:01:39","slug":"frytownica-elektryczna-2-komorowa-caterina-v-2x5-l-p-4-kw-caterina-746068","status":"publish","type":"product","link":"https:\/\/www.multifrigo.pl\/sklep\/produkt\/frytownica-elektryczna-2-komorowa-caterina-v-2x5-l-p-4-kw-caterina-746068\/","title":{"rendered":"Frytownica elektryczna, 2-komorowa, Caterina, V 2&#215;5 l, P 4 kW | Caterina 746068"},"content":{"rendered":"<p><LI>pojemno\u015b\u0107 u\u017cytkowa 2 x 5 l  <LI>pojemno\u015b\u0107 minimalna 2 x 3.3 l  <LI>pojemno\u015b\u0107 ca\u0142kowita 2 x 7.8 l  <LI>solidny kosz frytownicy z przednim mocowaniem oraz \u017caroodpornym uchwytem  <LI>regulacja temperatury pokr\u0119t\u0142em 60-200\u00b0C  <LI>system zimnej strefy zapobiegaj\u0105cy przypalaniu si\u0119 resztek \u017cywno\u015bci  <LI>demontowalny panel sterowania u\u0142atwiaj\u0105cy czyszczenie urz\u0105dzenia  <\/p>\n","protected":false},"excerpt":{"rendered":"<p>pojemno\u015b\u0107 u\u017cytkowa 2 x 5 l pojemno\u015b\u0107 minimalna 2 x 3.3 l pojemno\u015b\u0107 ca\u0142kowita 2 x 7.8 l solidny kosz frytownicy z przednim mocowaniem oraz \u017caroodpornym uchwytem regulacja temperatury pokr\u0119t\u0142em 60-200\u00b0C system zimnej strefy zapobiegaj\u0105cy przypalaniu si\u0119 resztek \u017cywno\u015bci demontowalny panel sterowania u\u0142atwiaj\u0105cy czyszczenie urz\u0105dzenia<\/p>\n","protected":false},"featured_media":15784,"template":"","meta":{"_et_pb_use_builder":"","_et_pb_old_content":"","_et_gb_content_width":""},"pwb-brand":[416],"product_brand":[],"product_cat":[447],"product_tag":[],"class_list":{"0":"post-9667","1":"product","2":"type-product","3":"status-publish","4":"has-post-thumbnail","6":"pwb-brand-caterina","7":"product_cat-frytownice-gastronomiczne","9":"first","10":"instock","11":"taxable","12":"shipping-taxable","13":"purchasable","14":"product-type-simple"},"brands":[{"id":416,"name":"Caterina","slug":"caterina"}],"_links":{"self":[{"href":"https:\/\/www.multifrigo.pl\/sklep\/wp-json\/wp\/v2\/product\/9667","targetHints":{"allow":["GET"]}}],"collection":[{"href":"https:\/\/www.multifrigo.pl\/sklep\/wp-json\/wp\/v2\/product"}],"about":[{"href":"https:\/\/www.multifrigo.pl\/sklep\/wp-json\/wp\/v2\/types\/product"}],"wp:featuredmedia":[{"embeddable":true,"href":"https:\/\/www.multifrigo.pl\/sklep\/wp-json\/wp\/v2\/media\/15784"}],"wp:attachment":[{"href":"https:\/\/www.multifrigo.pl\/sklep\/wp-json\/wp\/v2\/media?parent=9667"}],"wp:term":[{"taxonomy":"pwb-brand","embeddable":true,"href":"https:\/\/www.multifrigo.pl\/sklep\/wp-json\/wp\/v2\/pwb-brand?post=9667"},{"taxonomy":"product_brand","embeddable":true,"href":"https:\/\/www.multifrigo.pl\/sklep\/wp-json\/wp\/v2\/product_brand?post=9667"},{"taxonomy":"product_cat","embeddable":true,"href":"https:\/\/www.multifrigo.pl\/sklep\/wp-json\/wp\/v2\/product_cat?post=9667"},{"taxonomy":"product_tag","embeddable":true,"href":"https:\/\/www.multifrigo.pl\/sklep\/wp-json\/wp\/v2\/product_tag?post=9667"}],"curies":[{"name":"wp","href":"https:\/\/api.w.org\/{rel}","templated":true}]}}