{"id":9676,"date":"2024-07-03T12:57:31","date_gmt":"2024-07-03T12:57:31","guid":{"rendered":"https:\/\/multifrigo.pl\/sklep\/produkt\/warnik-do-wody-gredil-v-18-l-gredil-751185\/"},"modified":"2025-05-19T12:01:46","modified_gmt":"2025-05-19T12:01:46","slug":"warnik-do-wody-gredil-v-18-l-gredil-751185","status":"publish","type":"product","link":"https:\/\/www.multifrigo.pl\/sklep\/produkt\/warnik-do-wody-gredil-v-18-l-gredil-751185\/","title":{"rendered":"Warnik do wody, Gredil, V 18 l | Gredil 751185"},"content":{"rendered":"<p><LI>urz\u0105dzenie przeznaczone do podgrzewania lub zagotowywania wody  <LI>zakres regulacji termostatu 30\u00f7110\u00b0C  <LI>wska\u017anik poziomu wody  <LI>termostat bezpiecze\u0144stwa  <LI>bezkropelkowy kranik  <LI>zabudowana grza\u0142ka  <LI>kontrolka zasilania  <LI>u\u017cywa\u0107 wody o twardo\u015bci do 6\u00b0dH w skali niemieckiej (twardsza woda powoduje osadzanie kamienia na grza\u0142kach co mo\u017ce spowodowa\u0107 uszkodzenie i utrat\u0119 gwarancji)  <\/p>\n","protected":false},"excerpt":{"rendered":"<p>urz\u0105dzenie przeznaczone do podgrzewania lub zagotowywania wody zakres regulacji termostatu 30\u00f7110\u00b0C wska\u017anik poziomu wody termostat bezpiecze\u0144stwa bezkropelkowy kranik zabudowana grza\u0142ka kontrolka zasilania u\u017cywa\u0107 wody o twardo\u015bci do 6\u00b0dH w skali niemieckiej (twardsza woda powoduje osadzanie kamienia na grza\u0142kach co mo\u017ce spowodowa\u0107 uszkodzenie i utrat\u0119 gwarancji)<\/p>\n","protected":false},"featured_media":15822,"template":"","meta":{"_et_pb_use_builder":"","_et_pb_old_content":"","_et_gb_content_width":""},"pwb-brand":[71],"product_brand":[],"product_cat":[234],"product_tag":[],"class_list":{"0":"post-9676","1":"product","2":"type-product","3":"status-publish","4":"has-post-thumbnail","6":"pwb-brand-gredil","7":"product_cat-warniki","9":"first","10":"instock","11":"taxable","12":"shipping-taxable","13":"purchasable","14":"product-type-simple"},"brands":[{"id":71,"name":"Gredil","slug":"gredil"}],"_links":{"self":[{"href":"https:\/\/www.multifrigo.pl\/sklep\/wp-json\/wp\/v2\/product\/9676","targetHints":{"allow":["GET"]}}],"collection":[{"href":"https:\/\/www.multifrigo.pl\/sklep\/wp-json\/wp\/v2\/product"}],"about":[{"href":"https:\/\/www.multifrigo.pl\/sklep\/wp-json\/wp\/v2\/types\/product"}],"wp:featuredmedia":[{"embeddable":true,"href":"https:\/\/www.multifrigo.pl\/sklep\/wp-json\/wp\/v2\/media\/15822"}],"wp:attachment":[{"href":"https:\/\/www.multifrigo.pl\/sklep\/wp-json\/wp\/v2\/media?parent=9676"}],"wp:term":[{"taxonomy":"pwb-brand","embeddable":true,"href":"https:\/\/www.multifrigo.pl\/sklep\/wp-json\/wp\/v2\/pwb-brand?post=9676"},{"taxonomy":"product_brand","embeddable":true,"href":"https:\/\/www.multifrigo.pl\/sklep\/wp-json\/wp\/v2\/product_brand?post=9676"},{"taxonomy":"product_cat","embeddable":true,"href":"https:\/\/www.multifrigo.pl\/sklep\/wp-json\/wp\/v2\/product_cat?post=9676"},{"taxonomy":"product_tag","embeddable":true,"href":"https:\/\/www.multifrigo.pl\/sklep\/wp-json\/wp\/v2\/product_tag?post=9676"}],"curies":[{"name":"wp","href":"https:\/\/api.w.org\/{rel}","templated":true}]}}