{"id":9683,"date":"2024-07-03T12:57:33","date_gmt":"2024-07-03T12:57:33","guid":{"rendered":"https:\/\/multifrigo.pl\/sklep\/produkt\/kuchenka-indukcyjna-p-3-5-kw-u-230-v-stalgast-770351\/"},"modified":"2025-08-13T09:01:41","modified_gmt":"2025-08-13T09:01:41","slug":"kuchenka-indukcyjna-p-3-5-kw-u-230-v-stalgast-770351","status":"publish","type":"product","link":"https:\/\/www.multifrigo.pl\/sklep\/produkt\/kuchenka-indukcyjna-p-3-5-kw-u-230-v-stalgast-770351\/","title":{"rendered":"Kuchenka indukcyjna, P 3.5 kW, U 230 V | Stalgast 770351"},"content":{"rendered":"<ul>\n<li>3 poziomy szybkiego ustawienia w zale\u017cno\u015bci od trybu pracy: 1\/10\/20 dla trybu moc lub 50\/140\/240 dla trybu temperatura<\/li>\n<li>20 poziom\u00f3w pracy dla trybu moc i temperatura (od 1 do 20)<\/li>\n<li>praca z zadan\u0105 temperatur\u0105 50-240\u00b0C (regulacja skokowa co 10\u00b0C)<\/li>\n<li>praca ze sta\u0142\u0105 moc\u0105 10-20 poziom (1-9 praca impulsowa) regulowana skokowo<\/li>\n<li>mo\u017cliwo\u015b\u0107 pracy z timerem 001 &#8211; 479 min. &#8211; ustawiane co 1 min.<\/li>\n<li>obudowa wykonana ze stali nierdzewnej<\/li>\n<li>\u015brednica pola grzewczego O 260 mm ( min \u015brednica dna garnka O 120 mm)<\/li>\n<li>zabezpieczenie przed przegrzaniem<\/li>\n<li>stosowa\u0107 naczynia przeznaczone do kuchni indukcyjnych<\/li>\n<li>ceramiczna p\u0142yta robocza<\/li>\n<li>szklany dotykowy panel steruj\u0105cy z wydzielonym timerem<\/li>\n<\/ul>\n","protected":false},"excerpt":{"rendered":"<p>3 poziomy szybkiego ustawienia w zale\u017cno\u015bci od trybu pracy: 1\/10\/20 dla trybu moc lub 50\/140\/240 dla trybu temperatura 20 poziom\u00f3w pracy dla trybu moc i temperatura (od 1 do 20) praca z zadan\u0105 temperatur\u0105 50-240\u00b0C (regulacja skokowa co 10\u00b0C) praca ze sta\u0142\u0105 moc\u0105 10-20 poziom (1-9 praca impulsowa) regulowana skokowo mo\u017cliwo\u015b\u0107 pracy z timerem 001 [&hellip;]<\/p>\n","protected":false},"featured_media":15848,"template":"","meta":{"_et_pb_use_builder":"","_et_pb_old_content":"","_et_gb_content_width":""},"pwb-brand":[62],"product_brand":[],"product_cat":[1100,2591],"product_tag":[],"class_list":{"0":"post-9683","1":"product","2":"type-product","3":"status-publish","4":"has-post-thumbnail","6":"pwb-brand-stalgast","7":"product_cat-promocje","8":"product_cat-kuchenki-indukcyjne-kuchenki-nastawne","10":"first","11":"instock","12":"sale","13":"taxable","14":"shipping-taxable","15":"purchasable","16":"product-type-simple"},"brands":[{"id":62,"name":"Stalgast","slug":"stalgast"}],"_links":{"self":[{"href":"https:\/\/www.multifrigo.pl\/sklep\/wp-json\/wp\/v2\/product\/9683","targetHints":{"allow":["GET"]}}],"collection":[{"href":"https:\/\/www.multifrigo.pl\/sklep\/wp-json\/wp\/v2\/product"}],"about":[{"href":"https:\/\/www.multifrigo.pl\/sklep\/wp-json\/wp\/v2\/types\/product"}],"wp:featuredmedia":[{"embeddable":true,"href":"https:\/\/www.multifrigo.pl\/sklep\/wp-json\/wp\/v2\/media\/15848"}],"wp:attachment":[{"href":"https:\/\/www.multifrigo.pl\/sklep\/wp-json\/wp\/v2\/media?parent=9683"}],"wp:term":[{"taxonomy":"pwb-brand","embeddable":true,"href":"https:\/\/www.multifrigo.pl\/sklep\/wp-json\/wp\/v2\/pwb-brand?post=9683"},{"taxonomy":"product_brand","embeddable":true,"href":"https:\/\/www.multifrigo.pl\/sklep\/wp-json\/wp\/v2\/product_brand?post=9683"},{"taxonomy":"product_cat","embeddable":true,"href":"https:\/\/www.multifrigo.pl\/sklep\/wp-json\/wp\/v2\/product_cat?post=9683"},{"taxonomy":"product_tag","embeddable":true,"href":"https:\/\/www.multifrigo.pl\/sklep\/wp-json\/wp\/v2\/product_tag?post=9683"}],"curies":[{"name":"wp","href":"https:\/\/api.w.org\/{rel}","templated":true}]}}