{"id":9685,"date":"2024-07-03T12:57:33","date_gmt":"2024-07-03T12:57:33","guid":{"rendered":"https:\/\/multifrigo.pl\/sklep\/produkt\/nalesnikarka-z-plyta-zeliwna-caterina-o-400-mm-p-3-kw-caterina-772284\/"},"modified":"2025-05-19T12:02:11","modified_gmt":"2025-05-19T12:02:11","slug":"nalesnikarka-z-plyta-zeliwna-caterina-o-400-mm-p-3-kw-caterina-772284","status":"publish","type":"product","link":"https:\/\/www.multifrigo.pl\/sklep\/produkt\/nalesnikarka-z-plyta-zeliwna-caterina-o-400-mm-p-3-kw-caterina-772284\/","title":{"rendered":"Nale\u015bnikarka z p\u0142yt\u0105 \u017celiwn\u0105, Caterina, \u00f8 400 mm, P 3 KW | Caterina 772284"},"content":{"rendered":"<p><LI>\u017celiwa p\u0142yta grzewcza powlekana teflonem  <LI>l &#8211; przewodu zasilaj\u0105cego 1450 mm  <LI>szuflada ze stali nierdzewnej na zrobione nale\u015bniki  <LI>zakres regulacji termostatu 50\u00f7300\u00b0C  <\/p>\n","protected":false},"excerpt":{"rendered":"<p>\u017celiwa p\u0142yta grzewcza powlekana teflonem l &#8211; przewodu zasilaj\u0105cego 1450 mm szuflada ze stali nierdzewnej na zrobione nale\u015bniki zakres regulacji termostatu 50\u00f7300\u00b0C<\/p>\n","protected":false},"featured_media":15855,"template":"","meta":{"_et_pb_use_builder":"","_et_pb_old_content":"","_et_gb_content_width":""},"pwb-brand":[416],"product_brand":[],"product_cat":[452],"product_tag":[],"class_list":{"0":"post-9685","1":"product","2":"type-product","3":"status-publish","4":"has-post-thumbnail","6":"pwb-brand-caterina","7":"product_cat-nalesnikarki","9":"first","10":"instock","11":"taxable","12":"shipping-taxable","13":"purchasable","14":"product-type-simple"},"brands":[{"id":416,"name":"Caterina","slug":"caterina"}],"_links":{"self":[{"href":"https:\/\/www.multifrigo.pl\/sklep\/wp-json\/wp\/v2\/product\/9685","targetHints":{"allow":["GET"]}}],"collection":[{"href":"https:\/\/www.multifrigo.pl\/sklep\/wp-json\/wp\/v2\/product"}],"about":[{"href":"https:\/\/www.multifrigo.pl\/sklep\/wp-json\/wp\/v2\/types\/product"}],"wp:featuredmedia":[{"embeddable":true,"href":"https:\/\/www.multifrigo.pl\/sklep\/wp-json\/wp\/v2\/media\/15855"}],"wp:attachment":[{"href":"https:\/\/www.multifrigo.pl\/sklep\/wp-json\/wp\/v2\/media?parent=9685"}],"wp:term":[{"taxonomy":"pwb-brand","embeddable":true,"href":"https:\/\/www.multifrigo.pl\/sklep\/wp-json\/wp\/v2\/pwb-brand?post=9685"},{"taxonomy":"product_brand","embeddable":true,"href":"https:\/\/www.multifrigo.pl\/sklep\/wp-json\/wp\/v2\/product_brand?post=9685"},{"taxonomy":"product_cat","embeddable":true,"href":"https:\/\/www.multifrigo.pl\/sklep\/wp-json\/wp\/v2\/product_cat?post=9685"},{"taxonomy":"product_tag","embeddable":true,"href":"https:\/\/www.multifrigo.pl\/sklep\/wp-json\/wp\/v2\/product_tag?post=9685"}],"curies":[{"name":"wp","href":"https:\/\/api.w.org\/{rel}","templated":true}]}}