{"id":9687,"date":"2024-07-03T12:57:34","date_gmt":"2024-07-03T12:57:34","guid":{"rendered":"https:\/\/multifrigo.pl\/sklep\/produkt\/gofrownica-caterina-p-1-5-kw-caterina-772326\/"},"modified":"2025-05-19T12:02:12","modified_gmt":"2025-05-19T12:02:12","slug":"gofrownica-caterina-p-1-5-kw-caterina-772326","status":"publish","type":"product","link":"https:\/\/www.multifrigo.pl\/sklep\/produkt\/gofrownica-caterina-p-1-5-kw-caterina-772326\/","title":{"rendered":"Gofrownica, Caterina, P 1.5 kW | Caterina 772326"},"content":{"rendered":"<p><LI>p\u0142yty grzewcze wykonana z odlewu aluminium powlekane pow\u0142ok\u0105 nieprzywieraj\u0105c\u0105  <LI>zakres regulacji termostatu 50\u00f7300\u00b0C  <LI>obudowa wykonana ze stali nierdzewnej  <LI>timer do 5 min  <LI>nienagrzewaj\u0105cy si\u0119 uchwyt pokrywy  <LI>antypo\u015blizgowe n\u00f3\u017cki  <LI>grza\u0142ka g\u00f3rna moc ~ 700W, dolna moc ~ 800W  <LI>wymiary p\u0142yty robocej 250 x 250 mm  <LI>wymiary gofra 100 x 165 mm  <\/p>\n","protected":false},"excerpt":{"rendered":"<p>p\u0142yty grzewcze wykonana z odlewu aluminium powlekane pow\u0142ok\u0105 nieprzywieraj\u0105c\u0105 zakres regulacji termostatu 50\u00f7300\u00b0C obudowa wykonana ze stali nierdzewnej timer do 5 min nienagrzewaj\u0105cy si\u0119 uchwyt pokrywy antypo\u015blizgowe n\u00f3\u017cki grza\u0142ka g\u00f3rna moc ~ 700W, dolna moc ~ 800W wymiary p\u0142yty robocej 250 x 250 mm wymiary gofra 100 x 165 mm<\/p>\n","protected":false},"featured_media":15860,"template":"","meta":{"_et_pb_use_builder":"","_et_pb_old_content":"","_et_gb_content_width":""},"pwb-brand":[416],"product_brand":[],"product_cat":[453],"product_tag":[],"class_list":{"0":"post-9687","1":"product","2":"type-product","3":"status-publish","4":"has-post-thumbnail","6":"pwb-brand-caterina","7":"product_cat-gofrownice-gastronomiczne","9":"first","10":"instock","11":"taxable","12":"shipping-taxable","13":"purchasable","14":"product-type-simple"},"brands":[{"id":416,"name":"Caterina","slug":"caterina"}],"_links":{"self":[{"href":"https:\/\/www.multifrigo.pl\/sklep\/wp-json\/wp\/v2\/product\/9687","targetHints":{"allow":["GET"]}}],"collection":[{"href":"https:\/\/www.multifrigo.pl\/sklep\/wp-json\/wp\/v2\/product"}],"about":[{"href":"https:\/\/www.multifrigo.pl\/sklep\/wp-json\/wp\/v2\/types\/product"}],"wp:featuredmedia":[{"embeddable":true,"href":"https:\/\/www.multifrigo.pl\/sklep\/wp-json\/wp\/v2\/media\/15860"}],"wp:attachment":[{"href":"https:\/\/www.multifrigo.pl\/sklep\/wp-json\/wp\/v2\/media?parent=9687"}],"wp:term":[{"taxonomy":"pwb-brand","embeddable":true,"href":"https:\/\/www.multifrigo.pl\/sklep\/wp-json\/wp\/v2\/pwb-brand?post=9687"},{"taxonomy":"product_brand","embeddable":true,"href":"https:\/\/www.multifrigo.pl\/sklep\/wp-json\/wp\/v2\/product_brand?post=9687"},{"taxonomy":"product_cat","embeddable":true,"href":"https:\/\/www.multifrigo.pl\/sklep\/wp-json\/wp\/v2\/product_cat?post=9687"},{"taxonomy":"product_tag","embeddable":true,"href":"https:\/\/www.multifrigo.pl\/sklep\/wp-json\/wp\/v2\/product_tag?post=9687"}],"curies":[{"name":"wp","href":"https:\/\/api.w.org\/{rel}","templated":true}]}}