{"id":9707,"date":"2024-07-03T12:57:38","date_gmt":"2024-07-03T12:57:38","guid":{"rendered":"https:\/\/multifrigo.pl\/sklep\/produkt\/opiekacz-1-poziomowy-bar-1000-p-2-kw-u-230-v-roller-grill-777101\/"},"modified":"2025-05-19T12:42:54","modified_gmt":"2025-05-19T12:42:54","slug":"opiekacz-1-poziomowy-bar-1000-p-2-kw-u-230-v-roller-grill-777101","status":"publish","type":"product","link":"https:\/\/www.multifrigo.pl\/sklep\/produkt\/opiekacz-1-poziomowy-bar-1000-p-2-kw-u-230-v-roller-grill-777101\/","title":{"rendered":"Opiekacz 1-poziomowy, BAR 1000, P 2 KW, U 230 V | Roller Grill 777101"},"content":{"rendered":"<p><LI>kwarcowe elementy grzewcze  <LI>wy\u0142\u0105cznik czasowy  <LI>max. 15 min z funkcj\u0105 pracy ci\u0105g\u0142ej  <LI>wyjmowane r\u0105czki  <LI>demontowany panel tylny u\u0142atwiaj\u0105cy czyszczenie urz\u0105dzenia  <LI>powierzchnia robocza (WxD): 350&#215;240 mm  <LI>wydajno\u015b\u0107: do 150 tost\u00f3w\/h  <LI>wysoko\u015b\u0107 pomi\u0119dzy os\u0142onami grza\u0142ek &#8211; 100 mm  <LI>poziom od dolnej p\u00f3\u0142ki do g\u00f3rnej os\u0142ony grza\u0142ki &#8211; 65 mm (wsad)  <LI>poziom wy\u017cej od p\u00f3\u0142ki do g\u00f3rnej os\u0142ony grza\u0142ki to 40 mm (wsad)  <\/p>\n","protected":false},"excerpt":{"rendered":"<p>kwarcowe elementy grzewcze wy\u0142\u0105cznik czasowy max. 15 min z funkcj\u0105 pracy ci\u0105g\u0142ej wyjmowane r\u0105czki demontowany panel tylny u\u0142atwiaj\u0105cy czyszczenie urz\u0105dzenia powierzchnia robocza (WxD): 350&#215;240 mm wydajno\u015b\u0107: do 150 tost\u00f3w\/h wysoko\u015b\u0107 pomi\u0119dzy os\u0142onami grza\u0142ek &#8211; 100 mm poziom od dolnej p\u00f3\u0142ki do g\u00f3rnej os\u0142ony grza\u0142ki &#8211; 65 mm (wsad) poziom wy\u017cej od p\u00f3\u0142ki do g\u00f3rnej os\u0142ony [&hellip;]<\/p>\n","protected":false},"featured_media":15917,"template":"","meta":{"_et_pb_use_builder":"","_et_pb_old_content":"","_et_gb_content_width":""},"pwb-brand":[464],"product_brand":[],"product_cat":[457],"product_tag":[],"class_list":{"0":"post-9707","1":"product","2":"type-product","3":"status-publish","4":"has-post-thumbnail","6":"pwb-brand-roller-grill","7":"product_cat-opiekacze","9":"first","10":"instock","11":"taxable","12":"shipping-taxable","13":"purchasable","14":"product-type-simple"},"brands":[{"id":464,"name":"Roller Grill","slug":"roller-grill"}],"_links":{"self":[{"href":"https:\/\/www.multifrigo.pl\/sklep\/wp-json\/wp\/v2\/product\/9707","targetHints":{"allow":["GET"]}}],"collection":[{"href":"https:\/\/www.multifrigo.pl\/sklep\/wp-json\/wp\/v2\/product"}],"about":[{"href":"https:\/\/www.multifrigo.pl\/sklep\/wp-json\/wp\/v2\/types\/product"}],"wp:featuredmedia":[{"embeddable":true,"href":"https:\/\/www.multifrigo.pl\/sklep\/wp-json\/wp\/v2\/media\/15917"}],"wp:attachment":[{"href":"https:\/\/www.multifrigo.pl\/sklep\/wp-json\/wp\/v2\/media?parent=9707"}],"wp:term":[{"taxonomy":"pwb-brand","embeddable":true,"href":"https:\/\/www.multifrigo.pl\/sklep\/wp-json\/wp\/v2\/pwb-brand?post=9707"},{"taxonomy":"product_brand","embeddable":true,"href":"https:\/\/www.multifrigo.pl\/sklep\/wp-json\/wp\/v2\/product_brand?post=9707"},{"taxonomy":"product_cat","embeddable":true,"href":"https:\/\/www.multifrigo.pl\/sklep\/wp-json\/wp\/v2\/product_cat?post=9707"},{"taxonomy":"product_tag","embeddable":true,"href":"https:\/\/www.multifrigo.pl\/sklep\/wp-json\/wp\/v2\/product_tag?post=9707"}],"curies":[{"name":"wp","href":"https:\/\/api.w.org\/{rel}","templated":true}]}}