{"id":9709,"date":"2024-07-03T12:57:39","date_gmt":"2024-07-03T12:57:39","guid":{"rendered":"https:\/\/multifrigo.pl\/sklep\/produkt\/opiekacz-1-poziomowy-gn-1-1-ts-1270-p-2-7-kw-u-230-v-roller-grill-777107\/"},"modified":"2025-05-19T12:42:55","modified_gmt":"2025-05-19T12:42:55","slug":"opiekacz-1-poziomowy-gn-1-1-ts-1270-p-2-7-kw-u-230-v-roller-grill-777107","status":"publish","type":"product","link":"https:\/\/www.multifrigo.pl\/sklep\/produkt\/opiekacz-1-poziomowy-gn-1-1-ts-1270-p-2-7-kw-u-230-v-roller-grill-777107\/","title":{"rendered":"Opiekacz 1-poziomowy GN 1\/1, TS 1270, P 2.7 kW, U 230 V | Roller Grill 777107"},"content":{"rendered":"<p><LI>kwarcowe elementy grzewcze  <LI>wy\u0142\u0105cznik czasowy, max 15 min z funkcj\u0105 pracy ci\u0105g\u0142ej  <LI>wyjmowane r\u0105czki  <LI>demontowany panel tylny u\u0142atwiaj\u0105cy czyszczenie urz\u0105dzenia  <LI>powierzchnia robocza (WxD): 520&#215;320 mm  <LI>ilo\u015b\u0107 poziom\u00f3w: 1  <LI>6 grza\u0142ek  <LI>wydajno\u015b\u0107: 200 tost\u00f3w\/h  <LI>przystosowane do pojemnik\u00f3w GN 1\/1  <LI>wysoko\u015b\u0107 powierzchni roboczej 80 mm  <\/p>\n","protected":false},"excerpt":{"rendered":"<p>kwarcowe elementy grzewcze wy\u0142\u0105cznik czasowy, max 15 min z funkcj\u0105 pracy ci\u0105g\u0142ej wyjmowane r\u0105czki demontowany panel tylny u\u0142atwiaj\u0105cy czyszczenie urz\u0105dzenia powierzchnia robocza (WxD): 520&#215;320 mm ilo\u015b\u0107 poziom\u00f3w: 1 6 grza\u0142ek wydajno\u015b\u0107: 200 tost\u00f3w\/h przystosowane do pojemnik\u00f3w GN 1\/1 wysoko\u015b\u0107 powierzchni roboczej 80 mm<\/p>\n","protected":false},"featured_media":15919,"template":"","meta":{"_et_pb_use_builder":"","_et_pb_old_content":"","_et_gb_content_width":""},"pwb-brand":[464],"product_brand":[],"product_cat":[457],"product_tag":[],"class_list":{"0":"post-9709","1":"product","2":"type-product","3":"status-publish","4":"has-post-thumbnail","6":"pwb-brand-roller-grill","7":"product_cat-opiekacze","9":"first","10":"instock","11":"taxable","12":"shipping-taxable","13":"purchasable","14":"product-type-simple"},"brands":[{"id":464,"name":"Roller Grill","slug":"roller-grill"}],"_links":{"self":[{"href":"https:\/\/www.multifrigo.pl\/sklep\/wp-json\/wp\/v2\/product\/9709","targetHints":{"allow":["GET"]}}],"collection":[{"href":"https:\/\/www.multifrigo.pl\/sklep\/wp-json\/wp\/v2\/product"}],"about":[{"href":"https:\/\/www.multifrigo.pl\/sklep\/wp-json\/wp\/v2\/types\/product"}],"wp:featuredmedia":[{"embeddable":true,"href":"https:\/\/www.multifrigo.pl\/sklep\/wp-json\/wp\/v2\/media\/15919"}],"wp:attachment":[{"href":"https:\/\/www.multifrigo.pl\/sklep\/wp-json\/wp\/v2\/media?parent=9709"}],"wp:term":[{"taxonomy":"pwb-brand","embeddable":true,"href":"https:\/\/www.multifrigo.pl\/sklep\/wp-json\/wp\/v2\/pwb-brand?post=9709"},{"taxonomy":"product_brand","embeddable":true,"href":"https:\/\/www.multifrigo.pl\/sklep\/wp-json\/wp\/v2\/product_brand?post=9709"},{"taxonomy":"product_cat","embeddable":true,"href":"https:\/\/www.multifrigo.pl\/sklep\/wp-json\/wp\/v2\/product_cat?post=9709"},{"taxonomy":"product_tag","embeddable":true,"href":"https:\/\/www.multifrigo.pl\/sklep\/wp-json\/wp\/v2\/product_tag?post=9709"}],"curies":[{"name":"wp","href":"https:\/\/api.w.org\/{rel}","templated":true}]}}