{"id":9710,"date":"2024-07-03T12:57:39","date_gmt":"2024-07-03T12:57:39","guid":{"rendered":"https:\/\/multifrigo.pl\/sklep\/produkt\/witryna-chlodnicza-ekspozycyjna-nastawna-6x-gn-1-3-roller-grill-777134\/"},"modified":"2025-05-19T12:42:56","modified_gmt":"2025-05-19T12:42:56","slug":"witryna-chlodnicza-ekspozycyjna-nastawna-6x-gn-1-3-roller-grill-777134","status":"publish","type":"product","link":"https:\/\/www.multifrigo.pl\/sklep\/produkt\/witryna-chlodnicza-ekspozycyjna-nastawna-6x-gn-1-3-roller-grill-777134\/","title":{"rendered":"Witryna ch\u0142odnicza ekspozycyjna, nastawna, 6x GN 1\/3 | Roller Grill 777134"},"content":{"rendered":"<p><LI>przeznaczona do prezentacji i przechowywania \u017cywno\u015bci  <LI>zakres temperatur od +1\u00b0C do +5\u00b0C  <LI>pojemno\u015b\u0107 6 GN 1\/3 o maksymalnej g\u0142\u0119boko\u015bci 40 mm  <LI>o\u015bwietlenie  <LI>konstrukcja ze stali nierdzewnej i anodyzowanego aluminium  <LI>nowoczesny desing  <LI>idealna do bar\u00f3w do prezentacji starter\u00f3w lub restauracji Sushi  <LI>pojemniki GN w komplecie  <LI>automatyczne odszranianie  <\/p>\n","protected":false},"excerpt":{"rendered":"<p>przeznaczona do prezentacji i przechowywania \u017cywno\u015bci zakres temperatur od +1\u00b0C do +5\u00b0C pojemno\u015b\u0107 6 GN 1\/3 o maksymalnej g\u0142\u0119boko\u015bci 40 mm o\u015bwietlenie konstrukcja ze stali nierdzewnej i anodyzowanego aluminium nowoczesny desing idealna do bar\u00f3w do prezentacji starter\u00f3w lub restauracji Sushi pojemniki GN w komplecie automatyczne odszranianie<\/p>\n","protected":false},"featured_media":15920,"template":"","meta":{"_et_pb_use_builder":"","_et_pb_old_content":"","_et_gb_content_width":""},"pwb-brand":[464],"product_brand":[],"product_cat":[460],"product_tag":[],"class_list":{"0":"post-9710","1":"product","2":"type-product","3":"status-publish","4":"has-post-thumbnail","6":"pwb-brand-roller-grill","7":"product_cat-witryny-chlodnicze","9":"first","10":"instock","11":"taxable","12":"shipping-taxable","13":"purchasable","14":"product-type-simple"},"brands":[{"id":464,"name":"Roller Grill","slug":"roller-grill"}],"_links":{"self":[{"href":"https:\/\/www.multifrigo.pl\/sklep\/wp-json\/wp\/v2\/product\/9710","targetHints":{"allow":["GET"]}}],"collection":[{"href":"https:\/\/www.multifrigo.pl\/sklep\/wp-json\/wp\/v2\/product"}],"about":[{"href":"https:\/\/www.multifrigo.pl\/sklep\/wp-json\/wp\/v2\/types\/product"}],"wp:featuredmedia":[{"embeddable":true,"href":"https:\/\/www.multifrigo.pl\/sklep\/wp-json\/wp\/v2\/media\/15920"}],"wp:attachment":[{"href":"https:\/\/www.multifrigo.pl\/sklep\/wp-json\/wp\/v2\/media?parent=9710"}],"wp:term":[{"taxonomy":"pwb-brand","embeddable":true,"href":"https:\/\/www.multifrigo.pl\/sklep\/wp-json\/wp\/v2\/pwb-brand?post=9710"},{"taxonomy":"product_brand","embeddable":true,"href":"https:\/\/www.multifrigo.pl\/sklep\/wp-json\/wp\/v2\/product_brand?post=9710"},{"taxonomy":"product_cat","embeddable":true,"href":"https:\/\/www.multifrigo.pl\/sklep\/wp-json\/wp\/v2\/product_cat?post=9710"},{"taxonomy":"product_tag","embeddable":true,"href":"https:\/\/www.multifrigo.pl\/sklep\/wp-json\/wp\/v2\/product_tag?post=9710"}],"curies":[{"name":"wp","href":"https:\/\/api.w.org\/{rel}","templated":true}]}}