{"id":9723,"date":"2024-07-03T12:57:42","date_gmt":"2024-07-03T12:57:42","guid":{"rendered":"https:\/\/multifrigo.pl\/sklep\/produkt\/kontakt-grill-podwojny-majestic-p-2x2-kw-u-230-v-roller-grill-777218\/"},"modified":"2025-05-19T12:43:02","modified_gmt":"2025-05-19T12:43:02","slug":"kontakt-grill-podwojny-majestic-p-2x2-kw-u-230-v-roller-grill-777218","status":"publish","type":"product","link":"https:\/\/www.multifrigo.pl\/sklep\/produkt\/kontakt-grill-podwojny-majestic-p-2x2-kw-u-230-v-roller-grill-777218\/","title":{"rendered":"Kontakt grill podw\u00f3jny, Majestic,  P 2&#215;2 kW, U 230 V | Roller Grill 777218"},"content":{"rendered":"<p><LI>ryflowane p\u0142yty \u017celiwne  <LI>regulacja temperatury do 300\u00b0C  <LI>szuflada na t\u0142uszcz i pozosta\u0142o\u015bci procesu grillowania  <LI>\u017caroodporne uchwyty  <LI>w zestawie skrobak do czyszczenia  <LI>powierzchnia robocza (WxD): 535&#215;240 mm  <\/p>\n","protected":false},"excerpt":{"rendered":"<p>ryflowane p\u0142yty \u017celiwne regulacja temperatury do 300\u00b0C szuflada na t\u0142uszcz i pozosta\u0142o\u015bci procesu grillowania \u017caroodporne uchwyty w zestawie skrobak do czyszczenia powierzchnia robocza (WxD): 535&#215;240 mm<\/p>\n","protected":false},"featured_media":15934,"template":"","meta":{"_et_pb_use_builder":"","_et_pb_old_content":"","_et_gb_content_width":""},"pwb-brand":[464],"product_brand":[],"product_cat":[445],"product_tag":[],"class_list":{"0":"post-9723","1":"product","2":"type-product","3":"status-publish","4":"has-post-thumbnail","6":"pwb-brand-roller-grill","7":"product_cat-grille-podwojne","9":"first","10":"instock","11":"taxable","12":"shipping-taxable","13":"purchasable","14":"product-type-simple"},"brands":[{"id":464,"name":"Roller Grill","slug":"roller-grill"}],"_links":{"self":[{"href":"https:\/\/www.multifrigo.pl\/sklep\/wp-json\/wp\/v2\/product\/9723","targetHints":{"allow":["GET"]}}],"collection":[{"href":"https:\/\/www.multifrigo.pl\/sklep\/wp-json\/wp\/v2\/product"}],"about":[{"href":"https:\/\/www.multifrigo.pl\/sklep\/wp-json\/wp\/v2\/types\/product"}],"wp:featuredmedia":[{"embeddable":true,"href":"https:\/\/www.multifrigo.pl\/sklep\/wp-json\/wp\/v2\/media\/15934"}],"wp:attachment":[{"href":"https:\/\/www.multifrigo.pl\/sklep\/wp-json\/wp\/v2\/media?parent=9723"}],"wp:term":[{"taxonomy":"pwb-brand","embeddable":true,"href":"https:\/\/www.multifrigo.pl\/sklep\/wp-json\/wp\/v2\/pwb-brand?post=9723"},{"taxonomy":"product_brand","embeddable":true,"href":"https:\/\/www.multifrigo.pl\/sklep\/wp-json\/wp\/v2\/product_brand?post=9723"},{"taxonomy":"product_cat","embeddable":true,"href":"https:\/\/www.multifrigo.pl\/sklep\/wp-json\/wp\/v2\/product_cat?post=9723"},{"taxonomy":"product_tag","embeddable":true,"href":"https:\/\/www.multifrigo.pl\/sklep\/wp-json\/wp\/v2\/product_tag?post=9723"}],"curies":[{"name":"wp","href":"https:\/\/api.w.org\/{rel}","templated":true}]}}