{"id":9725,"date":"2024-07-03T12:57:42","date_gmt":"2024-07-03T12:57:42","guid":{"rendered":"https:\/\/multifrigo.pl\/sklep\/produkt\/gofrownica-wzor-liege-p-1-6-kw-roller-grill-777221\/"},"modified":"2025-05-19T12:43:03","modified_gmt":"2025-05-19T12:43:03","slug":"gofrownica-wzor-liege-p-1-6-kw-roller-grill-777221","status":"publish","type":"product","link":"https:\/\/www.multifrigo.pl\/sklep\/produkt\/gofrownica-wzor-liege-p-1-6-kw-roller-grill-777221\/","title":{"rendered":"Gofrownica, wz\u00f3r LIEGE, P 1.6 kW | Roller Grill 777221"},"content":{"rendered":"<p><LI>liege- 4&#215;6, kwadraty  <LI>bardzo kr\u00f3tki czas pieczenia gofr\u00f3w, 2-3 minuty po nagrzaniu urz\u0105dzenia  <LI>regulacja temperatury do 300\u00b0C  <LI>\u017celiwne p\u0142yty grzewcze  <LI>wyjmowana rynienka wok\u00f3\u0142 p\u0142yty na pozosta\u0142o\u015bci ciasta  <LI>regulowane n\u00f3\u017cki  <\/p>\n","protected":false},"excerpt":{"rendered":"<p>liege- 4&#215;6, kwadraty bardzo kr\u00f3tki czas pieczenia gofr\u00f3w, 2-3 minuty po nagrzaniu urz\u0105dzenia regulacja temperatury do 300\u00b0C \u017celiwne p\u0142yty grzewcze wyjmowana rynienka wok\u00f3\u0142 p\u0142yty na pozosta\u0142o\u015bci ciasta regulowane n\u00f3\u017cki<\/p>\n","protected":false},"featured_media":15937,"template":"","meta":{"_et_pb_use_builder":"","_et_pb_old_content":"","_et_gb_content_width":""},"pwb-brand":[464],"product_brand":[],"product_cat":[453],"product_tag":[],"class_list":{"0":"post-9725","1":"product","2":"type-product","3":"status-publish","4":"has-post-thumbnail","6":"pwb-brand-roller-grill","7":"product_cat-gofrownice-gastronomiczne","9":"first","10":"instock","11":"taxable","12":"shipping-taxable","13":"purchasable","14":"product-type-simple"},"brands":[{"id":464,"name":"Roller Grill","slug":"roller-grill"}],"_links":{"self":[{"href":"https:\/\/www.multifrigo.pl\/sklep\/wp-json\/wp\/v2\/product\/9725","targetHints":{"allow":["GET"]}}],"collection":[{"href":"https:\/\/www.multifrigo.pl\/sklep\/wp-json\/wp\/v2\/product"}],"about":[{"href":"https:\/\/www.multifrigo.pl\/sklep\/wp-json\/wp\/v2\/types\/product"}],"wp:featuredmedia":[{"embeddable":true,"href":"https:\/\/www.multifrigo.pl\/sklep\/wp-json\/wp\/v2\/media\/15937"}],"wp:attachment":[{"href":"https:\/\/www.multifrigo.pl\/sklep\/wp-json\/wp\/v2\/media?parent=9725"}],"wp:term":[{"taxonomy":"pwb-brand","embeddable":true,"href":"https:\/\/www.multifrigo.pl\/sklep\/wp-json\/wp\/v2\/pwb-brand?post=9725"},{"taxonomy":"product_brand","embeddable":true,"href":"https:\/\/www.multifrigo.pl\/sklep\/wp-json\/wp\/v2\/product_brand?post=9725"},{"taxonomy":"product_cat","embeddable":true,"href":"https:\/\/www.multifrigo.pl\/sklep\/wp-json\/wp\/v2\/product_cat?post=9725"},{"taxonomy":"product_tag","embeddable":true,"href":"https:\/\/www.multifrigo.pl\/sklep\/wp-json\/wp\/v2\/product_tag?post=9725"}],"curies":[{"name":"wp","href":"https:\/\/api.w.org\/{rel}","templated":true}]}}