{"id":9728,"date":"2024-07-03T12:57:42","date_gmt":"2024-07-03T12:57:42","guid":{"rendered":"https:\/\/multifrigo.pl\/sklep\/produkt\/nalesnikarka-plyta-zeliwna-o-400-mm-p-3-6-kw-roller-grill-777242\/"},"modified":"2025-05-19T12:43:05","modified_gmt":"2025-05-19T12:43:05","slug":"nalesnikarka-plyta-zeliwna-o-400-mm-p-3-6-kw-roller-grill-777242","status":"publish","type":"product","link":"https:\/\/www.multifrigo.pl\/sklep\/produkt\/nalesnikarka-plyta-zeliwna-o-400-mm-p-3-6-kw-roller-grill-777242\/","title":{"rendered":"Nale\u015bnikarka, p\u0142yta \u017celiwna, \u00f8 400 mm, P 3.6 kW | Roller Grill 777242"},"content":{"rendered":"<p><LI>\u017celiwna, emaliowana p\u0142yta grzewcza  <LI>regulacja temperatury do 280\u00b0C  <LI>spiralne elementy grzewcze  <LI>w zestawie drewniana szpatu\u0142a do rozprowadzania ciasta  <\/p>\n","protected":false},"excerpt":{"rendered":"<p>\u017celiwna, emaliowana p\u0142yta grzewcza regulacja temperatury do 280\u00b0C spiralne elementy grzewcze w zestawie drewniana szpatu\u0142a do rozprowadzania ciasta<\/p>\n","protected":false},"featured_media":15941,"template":"","meta":{"_et_pb_use_builder":"","_et_pb_old_content":"","_et_gb_content_width":""},"pwb-brand":[464],"product_brand":[],"product_cat":[452],"product_tag":[],"class_list":{"0":"post-9728","1":"product","2":"type-product","3":"status-publish","4":"has-post-thumbnail","6":"pwb-brand-roller-grill","7":"product_cat-nalesnikarki","9":"first","10":"instock","11":"taxable","12":"shipping-taxable","13":"purchasable","14":"product-type-simple"},"brands":[{"id":464,"name":"Roller Grill","slug":"roller-grill"}],"_links":{"self":[{"href":"https:\/\/www.multifrigo.pl\/sklep\/wp-json\/wp\/v2\/product\/9728","targetHints":{"allow":["GET"]}}],"collection":[{"href":"https:\/\/www.multifrigo.pl\/sklep\/wp-json\/wp\/v2\/product"}],"about":[{"href":"https:\/\/www.multifrigo.pl\/sklep\/wp-json\/wp\/v2\/types\/product"}],"wp:featuredmedia":[{"embeddable":true,"href":"https:\/\/www.multifrigo.pl\/sklep\/wp-json\/wp\/v2\/media\/15941"}],"wp:attachment":[{"href":"https:\/\/www.multifrigo.pl\/sklep\/wp-json\/wp\/v2\/media?parent=9728"}],"wp:term":[{"taxonomy":"pwb-brand","embeddable":true,"href":"https:\/\/www.multifrigo.pl\/sklep\/wp-json\/wp\/v2\/pwb-brand?post=9728"},{"taxonomy":"product_brand","embeddable":true,"href":"https:\/\/www.multifrigo.pl\/sklep\/wp-json\/wp\/v2\/product_brand?post=9728"},{"taxonomy":"product_cat","embeddable":true,"href":"https:\/\/www.multifrigo.pl\/sklep\/wp-json\/wp\/v2\/product_cat?post=9728"},{"taxonomy":"product_tag","embeddable":true,"href":"https:\/\/www.multifrigo.pl\/sklep\/wp-json\/wp\/v2\/product_tag?post=9728"}],"curies":[{"name":"wp","href":"https:\/\/api.w.org\/{rel}","templated":true}]}}