{"id":9729,"date":"2024-07-03T12:57:42","date_gmt":"2024-07-03T12:57:42","guid":{"rendered":"https:\/\/multifrigo.pl\/sklep\/produkt\/nalesnikarka-gazowa-plyta-zeliwna-o-400-mm-p-3-6-kw-roller-grill-777243\/"},"modified":"2025-05-19T12:43:06","modified_gmt":"2025-05-19T12:43:06","slug":"nalesnikarka-gazowa-plyta-zeliwna-o-400-mm-p-3-6-kw-roller-grill-777243","status":"publish","type":"product","link":"https:\/\/www.multifrigo.pl\/sklep\/produkt\/nalesnikarka-gazowa-plyta-zeliwna-o-400-mm-p-3-6-kw-roller-grill-777243\/","title":{"rendered":"Nale\u015bnikarka, gazowa, p\u0142yta \u017celiwna, \u00f8 400 mm, P 3.6 kW | Roller Grill 777243"},"content":{"rendered":"<p><LI>\u017celiwna, emaliowana p\u0142yta grzewcza  <LI>pokr\u0119t\u0142o regulacyjne oraz zabezpieczenie przeciw wyp\u0142ywowe  <LI>o\u015bmioramienne palniki w kszta\u0142cie gwiazdy  <LI>w zestawie drewniana szpatu\u0142a do rozprowadzania ciasta  <LI>w zestawie do urz\u0105dze\u0144 gazowych dysze do gazu propan-butan oraz gazu ziemnego (GZ50)  <LI>urz\u0105dzenia gazowe musz\u0105 by\u0107 pod\u0142\u0105czone przez osoby z uprawnieniami  <LI>model wyposa\u017cony w termostat  <\/p>\n","protected":false},"excerpt":{"rendered":"<p>\u017celiwna, emaliowana p\u0142yta grzewcza pokr\u0119t\u0142o regulacyjne oraz zabezpieczenie przeciw wyp\u0142ywowe o\u015bmioramienne palniki w kszta\u0142cie gwiazdy w zestawie drewniana szpatu\u0142a do rozprowadzania ciasta w zestawie do urz\u0105dze\u0144 gazowych dysze do gazu propan-butan oraz gazu ziemnego (GZ50) urz\u0105dzenia gazowe musz\u0105 by\u0107 pod\u0142\u0105czone przez osoby z uprawnieniami model wyposa\u017cony w termostat<\/p>\n","protected":false},"featured_media":15942,"template":"","meta":{"_et_pb_use_builder":"","_et_pb_old_content":"","_et_gb_content_width":""},"pwb-brand":[464],"product_brand":[],"product_cat":[452],"product_tag":[],"class_list":{"0":"post-9729","1":"product","2":"type-product","3":"status-publish","4":"has-post-thumbnail","6":"pwb-brand-roller-grill","7":"product_cat-nalesnikarki","9":"first","10":"instock","11":"taxable","12":"shipping-taxable","13":"purchasable","14":"product-type-simple"},"brands":[{"id":464,"name":"Roller Grill","slug":"roller-grill"}],"_links":{"self":[{"href":"https:\/\/www.multifrigo.pl\/sklep\/wp-json\/wp\/v2\/product\/9729","targetHints":{"allow":["GET"]}}],"collection":[{"href":"https:\/\/www.multifrigo.pl\/sklep\/wp-json\/wp\/v2\/product"}],"about":[{"href":"https:\/\/www.multifrigo.pl\/sklep\/wp-json\/wp\/v2\/types\/product"}],"wp:featuredmedia":[{"embeddable":true,"href":"https:\/\/www.multifrigo.pl\/sklep\/wp-json\/wp\/v2\/media\/15942"}],"wp:attachment":[{"href":"https:\/\/www.multifrigo.pl\/sklep\/wp-json\/wp\/v2\/media?parent=9729"}],"wp:term":[{"taxonomy":"pwb-brand","embeddable":true,"href":"https:\/\/www.multifrigo.pl\/sklep\/wp-json\/wp\/v2\/pwb-brand?post=9729"},{"taxonomy":"product_brand","embeddable":true,"href":"https:\/\/www.multifrigo.pl\/sklep\/wp-json\/wp\/v2\/product_brand?post=9729"},{"taxonomy":"product_cat","embeddable":true,"href":"https:\/\/www.multifrigo.pl\/sklep\/wp-json\/wp\/v2\/product_cat?post=9729"},{"taxonomy":"product_tag","embeddable":true,"href":"https:\/\/www.multifrigo.pl\/sklep\/wp-json\/wp\/v2\/product_tag?post=9729"}],"curies":[{"name":"wp","href":"https:\/\/api.w.org\/{rel}","templated":true}]}}