{"id":9730,"date":"2024-07-03T12:57:43","date_gmt":"2024-07-03T12:57:43","guid":{"rendered":"https:\/\/multifrigo.pl\/sklep\/produkt\/nalesnikarka-elektryczna-emaliowana-podwojna-2-x-o-400-mm-p-2-x-3-6-kw-roller-grill-777244\/"},"modified":"2025-05-19T12:43:07","modified_gmt":"2025-05-19T12:43:07","slug":"nalesnikarka-elektryczna-emaliowana-podwojna-2-x-o-400-mm-p-2-x-3-6-kw-roller-grill-777244","status":"publish","type":"product","link":"https:\/\/www.multifrigo.pl\/sklep\/produkt\/nalesnikarka-elektryczna-emaliowana-podwojna-2-x-o-400-mm-p-2-x-3-6-kw-roller-grill-777244\/","title":{"rendered":"Nale\u015bnikarka elektryczna, emaliowana, podw\u00f3jna, 2 x \u00f8 400 mm, P 2 x 3.6 kW | Roller Grill 777244"},"content":{"rendered":"<p><LI>2 \u017celiwne, emaliowane, odporne na zarysowania p\u0142yty grzewcze  <LI>zakres temp. do 300 \u00b0C  <LI>2 niezale\u017cne sterowanie  <LI>r\u00f3wnomierny rozk\u0142ad temperatury  <LI>\u0142atwe w utrzymaniu czysto\u015bci  <\/p>\n","protected":false},"excerpt":{"rendered":"<p>2 \u017celiwne, emaliowane, odporne na zarysowania p\u0142yty grzewcze zakres temp. do 300 \u00b0C 2 niezale\u017cne sterowanie r\u00f3wnomierny rozk\u0142ad temperatury \u0142atwe w utrzymaniu czysto\u015bci<\/p>\n","protected":false},"featured_media":15943,"template":"","meta":{"_et_pb_use_builder":"","_et_pb_old_content":"","_et_gb_content_width":""},"pwb-brand":[464],"product_brand":[],"product_cat":[452],"product_tag":[],"class_list":{"0":"post-9730","1":"product","2":"type-product","3":"status-publish","4":"has-post-thumbnail","6":"pwb-brand-roller-grill","7":"product_cat-nalesnikarki","9":"first","10":"instock","11":"taxable","12":"shipping-taxable","13":"purchasable","14":"product-type-simple"},"brands":[{"id":464,"name":"Roller Grill","slug":"roller-grill"}],"_links":{"self":[{"href":"https:\/\/www.multifrigo.pl\/sklep\/wp-json\/wp\/v2\/product\/9730","targetHints":{"allow":["GET"]}}],"collection":[{"href":"https:\/\/www.multifrigo.pl\/sklep\/wp-json\/wp\/v2\/product"}],"about":[{"href":"https:\/\/www.multifrigo.pl\/sklep\/wp-json\/wp\/v2\/types\/product"}],"wp:featuredmedia":[{"embeddable":true,"href":"https:\/\/www.multifrigo.pl\/sklep\/wp-json\/wp\/v2\/media\/15943"}],"wp:attachment":[{"href":"https:\/\/www.multifrigo.pl\/sklep\/wp-json\/wp\/v2\/media?parent=9730"}],"wp:term":[{"taxonomy":"pwb-brand","embeddable":true,"href":"https:\/\/www.multifrigo.pl\/sklep\/wp-json\/wp\/v2\/pwb-brand?post=9730"},{"taxonomy":"product_brand","embeddable":true,"href":"https:\/\/www.multifrigo.pl\/sklep\/wp-json\/wp\/v2\/product_brand?post=9730"},{"taxonomy":"product_cat","embeddable":true,"href":"https:\/\/www.multifrigo.pl\/sklep\/wp-json\/wp\/v2\/product_cat?post=9730"},{"taxonomy":"product_tag","embeddable":true,"href":"https:\/\/www.multifrigo.pl\/sklep\/wp-json\/wp\/v2\/product_tag?post=9730"}],"curies":[{"name":"wp","href":"https:\/\/api.w.org\/{rel}","templated":true}]}}