{"id":9737,"date":"2024-07-03T12:57:45","date_gmt":"2024-07-03T12:57:45","guid":{"rendered":"https:\/\/multifrigo.pl\/sklep\/produkt\/urzadzenie-do-hot-dogow-3-szpikulce-p-0-65-kw-roller-grill-777290\/"},"modified":"2025-05-19T12:43:13","modified_gmt":"2025-05-19T12:43:13","slug":"urzadzenie-do-hot-dogow-3-szpikulce-p-0-65-kw-roller-grill-777290","status":"publish","type":"product","link":"https:\/\/www.multifrigo.pl\/sklep\/produkt\/urzadzenie-do-hot-dogow-3-szpikulce-p-0-65-kw-roller-grill-777290\/","title":{"rendered":"Urz\u0105dzenie do hot-dog\u00f3w, 3 szpikulce, P 0.65 kW | Roller Grill 777290"},"content":{"rendered":"<p><LI>3 elementy grzewcze do podgrzewania bu\u0142ek  <LI>szklany pojemnik do gotowania na parze  <LI>koszyk na 40 par\u00f3wek z podzia\u0142em na 2 sekcje  <LI>\u0142atwe do utrzymania w czysto\u015bci  <\/p>\n","protected":false},"excerpt":{"rendered":"<p>3 elementy grzewcze do podgrzewania bu\u0142ek szklany pojemnik do gotowania na parze koszyk na 40 par\u00f3wek z podzia\u0142em na 2 sekcje \u0142atwe do utrzymania w czysto\u015bci<\/p>\n","protected":false},"featured_media":15950,"template":"","meta":{"_et_pb_use_builder":"","_et_pb_old_content":"","_et_gb_content_width":""},"pwb-brand":[464],"product_brand":[],"product_cat":[465],"product_tag":[],"class_list":{"0":"post-9737","1":"product","2":"type-product","3":"status-publish","4":"has-post-thumbnail","6":"pwb-brand-roller-grill","7":"product_cat-urzadzenia-do-hot-dogow-urzadzenia-do-hot-dogow","9":"first","10":"instock","11":"taxable","12":"shipping-taxable","13":"purchasable","14":"product-type-simple"},"brands":[{"id":464,"name":"Roller Grill","slug":"roller-grill"}],"_links":{"self":[{"href":"https:\/\/www.multifrigo.pl\/sklep\/wp-json\/wp\/v2\/product\/9737","targetHints":{"allow":["GET"]}}],"collection":[{"href":"https:\/\/www.multifrigo.pl\/sklep\/wp-json\/wp\/v2\/product"}],"about":[{"href":"https:\/\/www.multifrigo.pl\/sklep\/wp-json\/wp\/v2\/types\/product"}],"wp:featuredmedia":[{"embeddable":true,"href":"https:\/\/www.multifrigo.pl\/sklep\/wp-json\/wp\/v2\/media\/15950"}],"wp:attachment":[{"href":"https:\/\/www.multifrigo.pl\/sklep\/wp-json\/wp\/v2\/media?parent=9737"}],"wp:term":[{"taxonomy":"pwb-brand","embeddable":true,"href":"https:\/\/www.multifrigo.pl\/sklep\/wp-json\/wp\/v2\/pwb-brand?post=9737"},{"taxonomy":"product_brand","embeddable":true,"href":"https:\/\/www.multifrigo.pl\/sklep\/wp-json\/wp\/v2\/product_brand?post=9737"},{"taxonomy":"product_cat","embeddable":true,"href":"https:\/\/www.multifrigo.pl\/sklep\/wp-json\/wp\/v2\/product_cat?post=9737"},{"taxonomy":"product_tag","embeddable":true,"href":"https:\/\/www.multifrigo.pl\/sklep\/wp-json\/wp\/v2\/product_tag?post=9737"}],"curies":[{"name":"wp","href":"https:\/\/api.w.org\/{rel}","templated":true}]}}