{"id":9755,"date":"2024-07-03T12:57:49","date_gmt":"2024-07-03T12:57:49","guid":{"rendered":"https:\/\/multifrigo.pl\/sklep\/produkt\/witryna-chlodnicza-7-poziomowa-5-x-ruszty-chromowane-535-x-495-mm-roller-grill-777450\/"},"modified":"2025-05-19T12:43:22","modified_gmt":"2025-05-19T12:43:22","slug":"witryna-chlodnicza-7-poziomowa-5-x-ruszty-chromowane-535-x-495-mm-roller-grill-777450","status":"publish","type":"product","link":"https:\/\/www.multifrigo.pl\/sklep\/produkt\/witryna-chlodnicza-7-poziomowa-5-x-ruszty-chromowane-535-x-495-mm-roller-grill-777450\/","title":{"rendered":"Witryna ch\u0142odnicza 7-poziomowa, 5 x ruszty chromowane 535 x 495 mm | Roller Grill 777450"},"content":{"rendered":"<p><LI>o\u015bwietlenie  <LI>wymuszony obieg powietrza  <LI>elektroniczny sterownik z wy\u015bwietlaczem temperatury  <LI>automatyczne odszranianie  <LI>5 p\u00f3\u0142ek WxD: 535&#215;495 mm w komplecie  <LI>7 poziom\u00f3w  <LI>przeznaczona do ekspozycji produkt\u00f3w  <\/p>\n","protected":false},"excerpt":{"rendered":"<p>o\u015bwietlenie wymuszony obieg powietrza elektroniczny sterownik z wy\u015bwietlaczem temperatury automatyczne odszranianie 5 p\u00f3\u0142ek WxD: 535&#215;495 mm w komplecie 7 poziom\u00f3w przeznaczona do ekspozycji produkt\u00f3w<\/p>\n","protected":false},"featured_media":15969,"template":"","meta":{"_et_pb_use_builder":"","_et_pb_old_content":"","_et_gb_content_width":""},"pwb-brand":[464],"product_brand":[],"product_cat":[460],"product_tag":[],"class_list":{"0":"post-9755","1":"product","2":"type-product","3":"status-publish","4":"has-post-thumbnail","6":"pwb-brand-roller-grill","7":"product_cat-witryny-chlodnicze","9":"first","10":"instock","11":"taxable","12":"shipping-taxable","13":"purchasable","14":"product-type-simple"},"brands":[{"id":464,"name":"Roller Grill","slug":"roller-grill"}],"_links":{"self":[{"href":"https:\/\/www.multifrigo.pl\/sklep\/wp-json\/wp\/v2\/product\/9755","targetHints":{"allow":["GET"]}}],"collection":[{"href":"https:\/\/www.multifrigo.pl\/sklep\/wp-json\/wp\/v2\/product"}],"about":[{"href":"https:\/\/www.multifrigo.pl\/sklep\/wp-json\/wp\/v2\/types\/product"}],"wp:featuredmedia":[{"embeddable":true,"href":"https:\/\/www.multifrigo.pl\/sklep\/wp-json\/wp\/v2\/media\/15969"}],"wp:attachment":[{"href":"https:\/\/www.multifrigo.pl\/sklep\/wp-json\/wp\/v2\/media?parent=9755"}],"wp:term":[{"taxonomy":"pwb-brand","embeddable":true,"href":"https:\/\/www.multifrigo.pl\/sklep\/wp-json\/wp\/v2\/pwb-brand?post=9755"},{"taxonomy":"product_brand","embeddable":true,"href":"https:\/\/www.multifrigo.pl\/sklep\/wp-json\/wp\/v2\/product_brand?post=9755"},{"taxonomy":"product_cat","embeddable":true,"href":"https:\/\/www.multifrigo.pl\/sklep\/wp-json\/wp\/v2\/product_cat?post=9755"},{"taxonomy":"product_tag","embeddable":true,"href":"https:\/\/www.multifrigo.pl\/sklep\/wp-json\/wp\/v2\/product_tag?post=9755"}],"curies":[{"name":"wp","href":"https:\/\/api.w.org\/{rel}","templated":true}]}}