{"id":9795,"date":"2024-07-03T12:57:57","date_gmt":"2024-07-03T12:57:57","guid":{"rendered":"https:\/\/multifrigo.pl\/sklep\/produkt\/piec-do-pizzy-x-line-2x6x36-gleboki-ggf-781432\/"},"modified":"2025-05-19T12:44:02","modified_gmt":"2025-05-19T12:44:02","slug":"piec-do-pizzy-x-line-2x6x36-gleboki-ggf-781432","status":"publish","type":"product","link":"https:\/\/www.multifrigo.pl\/sklep\/produkt\/piec-do-pizzy-x-line-2x6x36-gleboki-ggf-781432\/","title":{"rendered":"Piec do pizzy X-Line 2x6x36 g\u0142\u0119boki | GGF 781432"},"content":{"rendered":"<p><LI>panel frontowy wykonany ze stali nierdzewnej  <LI>obudowa wykonana ze stali malowanej na czarno  <LI>p\u0142yty szamotowe  <LI>zakres pracy do 500\u00b0C  <LI>o\u015bwietlenie komory  <LI>kominek odprowadzaj\u0105cy par\u0119  <LI>mo\u017cliwo\u015b\u0107 niezale\u017cnego sterowania grza\u0142k\u0105 g\u00f3rn\u0105 i doln\u0105  <LI>pojemno\u015b\u0107 2x6x36 cm  <\/p>\n","protected":false},"excerpt":{"rendered":"<p>panel frontowy wykonany ze stali nierdzewnej obudowa wykonana ze stali malowanej na czarno p\u0142yty szamotowe zakres pracy do 500\u00b0C o\u015bwietlenie komory kominek odprowadzaj\u0105cy par\u0119 mo\u017cliwo\u015b\u0107 niezale\u017cnego sterowania grza\u0142k\u0105 g\u00f3rn\u0105 i doln\u0105 pojemno\u015b\u0107 2x6x36 cm<\/p>\n","protected":false},"featured_media":16023,"template":"","meta":{"_et_pb_use_builder":"","_et_pb_old_content":"","_et_gb_content_width":""},"pwb-brand":[477],"product_brand":[],"product_cat":[462],"product_tag":[],"class_list":{"0":"post-9795","1":"product","2":"type-product","3":"status-publish","4":"has-post-thumbnail","6":"pwb-brand-ggf","7":"product_cat-piece-do-pizzy","9":"first","10":"instock","11":"taxable","12":"shipping-taxable","13":"purchasable","14":"product-type-simple"},"brands":[{"id":477,"name":"GGF","slug":"ggf"}],"_links":{"self":[{"href":"https:\/\/www.multifrigo.pl\/sklep\/wp-json\/wp\/v2\/product\/9795","targetHints":{"allow":["GET"]}}],"collection":[{"href":"https:\/\/www.multifrigo.pl\/sklep\/wp-json\/wp\/v2\/product"}],"about":[{"href":"https:\/\/www.multifrigo.pl\/sklep\/wp-json\/wp\/v2\/types\/product"}],"wp:featuredmedia":[{"embeddable":true,"href":"https:\/\/www.multifrigo.pl\/sklep\/wp-json\/wp\/v2\/media\/16023"}],"wp:attachment":[{"href":"https:\/\/www.multifrigo.pl\/sklep\/wp-json\/wp\/v2\/media?parent=9795"}],"wp:term":[{"taxonomy":"pwb-brand","embeddable":true,"href":"https:\/\/www.multifrigo.pl\/sklep\/wp-json\/wp\/v2\/pwb-brand?post=9795"},{"taxonomy":"product_brand","embeddable":true,"href":"https:\/\/www.multifrigo.pl\/sklep\/wp-json\/wp\/v2\/product_brand?post=9795"},{"taxonomy":"product_cat","embeddable":true,"href":"https:\/\/www.multifrigo.pl\/sklep\/wp-json\/wp\/v2\/product_cat?post=9795"},{"taxonomy":"product_tag","embeddable":true,"href":"https:\/\/www.multifrigo.pl\/sklep\/wp-json\/wp\/v2\/product_tag?post=9795"}],"curies":[{"name":"wp","href":"https:\/\/api.w.org\/{rel}","templated":true}]}}