{"id":9819,"date":"2024-07-03T12:58:00","date_gmt":"2024-07-03T12:58:00","guid":{"rendered":"https:\/\/multifrigo.pl\/sklep\/produkt\/piec-do-pizzy-fr_digital-line-2x6x36-szeroki-u-400v-p-18-kw-ggf-781922\/"},"modified":"2025-05-19T12:44:18","modified_gmt":"2025-05-19T12:44:18","slug":"piec-do-pizzy-fr_digital-line-2x6x36-szeroki-u-400v-p-18-kw-ggf-781922","status":"publish","type":"product","link":"https:\/\/www.multifrigo.pl\/sklep\/produkt\/piec-do-pizzy-fr_digital-line-2x6x36-szeroki-u-400v-p-18-kw-ggf-781922\/","title":{"rendered":"Piec do pizzy FR_Digital Line, 2x6x36 szeroki, U 400V, P 18 kW | GGF 781922"},"content":{"rendered":"<p><LI>ilo\u015b\u0107 pizzy 2x6x36 cm  <LI>elektroniczny panel sterowania &#8222;Digital&#8221;  <LI>wielogrza\u0142kowy system grzewczy  <LI>ca\u0142a komora wy\u0142o\u017cona p\u0142yt\u0105 szamotow\u0105  <LI>kominek do odprowadzania pary  <LI>front ze stali nierdzewnej, obudowa ze stali malowanej na czarno  <LI>dedykowana podstawa kod 782017  <LI>panel sterowania powi\u0119ksza szeroko\u015b\u0107 pieca o dodatkowe 130 mm  <\/p>\n","protected":false},"excerpt":{"rendered":"<p>ilo\u015b\u0107 pizzy 2x6x36 cm elektroniczny panel sterowania &#8222;Digital&#8221; wielogrza\u0142kowy system grzewczy ca\u0142a komora wy\u0142o\u017cona p\u0142yt\u0105 szamotow\u0105 kominek do odprowadzania pary front ze stali nierdzewnej, obudowa ze stali malowanej na czarno dedykowana podstawa kod 782017 panel sterowania powi\u0119ksza szeroko\u015b\u0107 pieca o dodatkowe 130 mm<\/p>\n","protected":false},"featured_media":16049,"template":"","meta":{"_et_pb_use_builder":"","_et_pb_old_content":"","_et_gb_content_width":""},"pwb-brand":[477],"product_brand":[],"product_cat":[462],"product_tag":[],"class_list":{"0":"post-9819","1":"product","2":"type-product","3":"status-publish","4":"has-post-thumbnail","6":"pwb-brand-ggf","7":"product_cat-piece-do-pizzy","9":"first","10":"instock","11":"taxable","12":"shipping-taxable","13":"purchasable","14":"product-type-simple"},"brands":[{"id":477,"name":"GGF","slug":"ggf"}],"_links":{"self":[{"href":"https:\/\/www.multifrigo.pl\/sklep\/wp-json\/wp\/v2\/product\/9819","targetHints":{"allow":["GET"]}}],"collection":[{"href":"https:\/\/www.multifrigo.pl\/sklep\/wp-json\/wp\/v2\/product"}],"about":[{"href":"https:\/\/www.multifrigo.pl\/sklep\/wp-json\/wp\/v2\/types\/product"}],"wp:featuredmedia":[{"embeddable":true,"href":"https:\/\/www.multifrigo.pl\/sklep\/wp-json\/wp\/v2\/media\/16049"}],"wp:attachment":[{"href":"https:\/\/www.multifrigo.pl\/sklep\/wp-json\/wp\/v2\/media?parent=9819"}],"wp:term":[{"taxonomy":"pwb-brand","embeddable":true,"href":"https:\/\/www.multifrigo.pl\/sklep\/wp-json\/wp\/v2\/pwb-brand?post=9819"},{"taxonomy":"product_brand","embeddable":true,"href":"https:\/\/www.multifrigo.pl\/sklep\/wp-json\/wp\/v2\/product_brand?post=9819"},{"taxonomy":"product_cat","embeddable":true,"href":"https:\/\/www.multifrigo.pl\/sklep\/wp-json\/wp\/v2\/product_cat?post=9819"},{"taxonomy":"product_tag","embeddable":true,"href":"https:\/\/www.multifrigo.pl\/sklep\/wp-json\/wp\/v2\/product_tag?post=9819"}],"curies":[{"name":"wp","href":"https:\/\/api.w.org\/{rel}","templated":true}]}}