{"id":9835,"date":"2024-07-03T12:58:04","date_gmt":"2024-07-03T12:58:04","guid":{"rendered":"https:\/\/multifrigo.pl\/sklep\/produkt\/piec-do-pizzy-ggf-2-2kw-ggf-782100\/"},"modified":"2025-05-19T12:44:28","modified_gmt":"2025-05-19T12:44:28","slug":"piec-do-pizzy-ggf-2-2kw-ggf-782100","status":"publish","type":"product","link":"https:\/\/www.multifrigo.pl\/sklep\/produkt\/piec-do-pizzy-ggf-2-2kw-ggf-782100\/","title":{"rendered":"Piec do pizzy GGF, 2.2kW | GGF 782100"},"content":{"rendered":"<p><LI>przeznaczony do pizzy o \u015brednicy 40 cm  <LI>zakres pracy do 500\u00b0C  <LI>p\u0142yta szamotowa na dnie komory  <LI>niezale\u017cne sterowanie grza\u0142kami  <LI>obudowa wykonana ze stali malowanej na czarno  <\/p>\n","protected":false},"excerpt":{"rendered":"<p>przeznaczony do pizzy o \u015brednicy 40 cm zakres pracy do 500\u00b0C p\u0142yta szamotowa na dnie komory niezale\u017cne sterowanie grza\u0142kami obudowa wykonana ze stali malowanej na czarno<\/p>\n","protected":false},"featured_media":16071,"template":"","meta":{"_et_pb_use_builder":"","_et_pb_old_content":"","_et_gb_content_width":""},"pwb-brand":[477],"product_brand":[],"product_cat":[462],"product_tag":[],"class_list":{"0":"post-9835","1":"product","2":"type-product","3":"status-publish","4":"has-post-thumbnail","6":"pwb-brand-ggf","7":"product_cat-piece-do-pizzy","9":"first","10":"instock","11":"taxable","12":"shipping-taxable","13":"purchasable","14":"product-type-simple"},"brands":[{"id":477,"name":"GGF","slug":"ggf"}],"_links":{"self":[{"href":"https:\/\/www.multifrigo.pl\/sklep\/wp-json\/wp\/v2\/product\/9835","targetHints":{"allow":["GET"]}}],"collection":[{"href":"https:\/\/www.multifrigo.pl\/sklep\/wp-json\/wp\/v2\/product"}],"about":[{"href":"https:\/\/www.multifrigo.pl\/sklep\/wp-json\/wp\/v2\/types\/product"}],"wp:featuredmedia":[{"embeddable":true,"href":"https:\/\/www.multifrigo.pl\/sklep\/wp-json\/wp\/v2\/media\/16071"}],"wp:attachment":[{"href":"https:\/\/www.multifrigo.pl\/sklep\/wp-json\/wp\/v2\/media?parent=9835"}],"wp:term":[{"taxonomy":"pwb-brand","embeddable":true,"href":"https:\/\/www.multifrigo.pl\/sklep\/wp-json\/wp\/v2\/pwb-brand?post=9835"},{"taxonomy":"product_brand","embeddable":true,"href":"https:\/\/www.multifrigo.pl\/sklep\/wp-json\/wp\/v2\/product_brand?post=9835"},{"taxonomy":"product_cat","embeddable":true,"href":"https:\/\/www.multifrigo.pl\/sklep\/wp-json\/wp\/v2\/product_cat?post=9835"},{"taxonomy":"product_tag","embeddable":true,"href":"https:\/\/www.multifrigo.pl\/sklep\/wp-json\/wp\/v2\/product_tag?post=9835"}],"curies":[{"name":"wp","href":"https:\/\/api.w.org\/{rel}","templated":true}]}}