{"id":9853,"date":"2024-07-03T12:58:08","date_gmt":"2024-07-03T12:58:08","guid":{"rendered":"https:\/\/multifrigo.pl\/sklep\/produkt\/miesiarka-mikser-spiralny-v-10-l-ggf-786102\/"},"modified":"2025-05-19T12:44:42","modified_gmt":"2025-05-19T12:44:42","slug":"miesiarka-mikser-spiralny-v-10-l-ggf-786102","status":"publish","type":"product","link":"https:\/\/www.multifrigo.pl\/sklep\/produkt\/miesiarka-mikser-spiralny-v-10-l-ggf-786102\/","title":{"rendered":"Miesiarka, mikser spiralny, V 10 l | GGF 786102"},"content":{"rendered":"<p><LI>do ciast ci\u0119\u017ckich, np.: pizza, pierogi  <LI>maksymalna pojemno\u015b\u0107 dzie\u017cy do 8 kg (ciasta)  <LI>cz\u0119\u015bci maj\u0105ce bezpo\u015bredni kontakt z \u017cywno\u015bci\u0105 wykonane s\u0105 ze stali nierdzewnej  <LI>dzie\u017ca nie wyjmowana  <LI>k\u00f3\u0142ka w komplecie  <\/p>\n","protected":false},"excerpt":{"rendered":"<p>do ciast ci\u0119\u017ckich, np.: pizza, pierogi maksymalna pojemno\u015b\u0107 dzie\u017cy do 8 kg (ciasta) cz\u0119\u015bci maj\u0105ce bezpo\u015bredni kontakt z \u017cywno\u015bci\u0105 wykonane s\u0105 ze stali nierdzewnej dzie\u017ca nie wyjmowana k\u00f3\u0142ka w komplecie<\/p>\n","protected":false},"featured_media":16129,"template":"","meta":{"_et_pb_use_builder":"","_et_pb_old_content":"","_et_gb_content_width":""},"pwb-brand":[477],"product_brand":[],"product_cat":[483],"product_tag":[],"class_list":{"0":"post-9853","1":"product","2":"type-product","3":"status-publish","4":"has-post-thumbnail","6":"pwb-brand-ggf","7":"product_cat-miksery-spiralne","9":"first","10":"instock","11":"taxable","12":"shipping-taxable","13":"purchasable","14":"product-type-simple"},"brands":[{"id":477,"name":"GGF","slug":"ggf"}],"_links":{"self":[{"href":"https:\/\/www.multifrigo.pl\/sklep\/wp-json\/wp\/v2\/product\/9853","targetHints":{"allow":["GET"]}}],"collection":[{"href":"https:\/\/www.multifrigo.pl\/sklep\/wp-json\/wp\/v2\/product"}],"about":[{"href":"https:\/\/www.multifrigo.pl\/sklep\/wp-json\/wp\/v2\/types\/product"}],"wp:featuredmedia":[{"embeddable":true,"href":"https:\/\/www.multifrigo.pl\/sklep\/wp-json\/wp\/v2\/media\/16129"}],"wp:attachment":[{"href":"https:\/\/www.multifrigo.pl\/sklep\/wp-json\/wp\/v2\/media?parent=9853"}],"wp:term":[{"taxonomy":"pwb-brand","embeddable":true,"href":"https:\/\/www.multifrigo.pl\/sklep\/wp-json\/wp\/v2\/pwb-brand?post=9853"},{"taxonomy":"product_brand","embeddable":true,"href":"https:\/\/www.multifrigo.pl\/sklep\/wp-json\/wp\/v2\/product_brand?post=9853"},{"taxonomy":"product_cat","embeddable":true,"href":"https:\/\/www.multifrigo.pl\/sklep\/wp-json\/wp\/v2\/product_cat?post=9853"},{"taxonomy":"product_tag","embeddable":true,"href":"https:\/\/www.multifrigo.pl\/sklep\/wp-json\/wp\/v2\/product_tag?post=9853"}],"curies":[{"name":"wp","href":"https:\/\/api.w.org\/{rel}","templated":true}]}}