{"id":9859,"date":"2024-07-03T12:58:10","date_gmt":"2024-07-03T12:58:10","guid":{"rendered":"https:\/\/multifrigo.pl\/sklep\/produkt\/mikser-spiralny-z-podnoszona-glowica-33-l-ggf-786500\/"},"modified":"2025-05-19T12:44:46","modified_gmt":"2025-05-19T12:44:46","slug":"mikser-spiralny-z-podnoszona-glowica-33-l-ggf-786500","status":"publish","type":"product","link":"https:\/\/www.multifrigo.pl\/sklep\/produkt\/mikser-spiralny-z-podnoszona-glowica-33-l-ggf-786500\/","title":{"rendered":"Mikser spiralny z podnoszon\u0105 g\u0142owic\u0105 33 l | GGF 786500"},"content":{"rendered":"<p><LI>do ciast ci\u0119\u017ckich, np.: pizza, pierogi  <LI>podnoszona g\u0142owica oraz demontowana dzie\u017ca  <LI>maksymalna pojemno\u015b\u0107 dzie\u017cy do 25 kg (ciasta)  <LI>cz\u0119\u015bci maj\u0105ce bezpo\u015bredni kontakt z \u017cywno\u015bci\u0105 wykonane s\u0105 ze stali nierdzewnej  <LI>k\u00f3\u0142ka w komplecie  <\/p>\n","protected":false},"excerpt":{"rendered":"<p>do ciast ci\u0119\u017ckich, np.: pizza, pierogi podnoszona g\u0142owica oraz demontowana dzie\u017ca maksymalna pojemno\u015b\u0107 dzie\u017cy do 25 kg (ciasta) cz\u0119\u015bci maj\u0105ce bezpo\u015bredni kontakt z \u017cywno\u015bci\u0105 wykonane s\u0105 ze stali nierdzewnej k\u00f3\u0142ka w komplecie<\/p>\n","protected":false},"featured_media":16139,"template":"","meta":{"_et_pb_use_builder":"","_et_pb_old_content":"","_et_gb_content_width":""},"pwb-brand":[477],"product_brand":[],"product_cat":[483],"product_tag":[],"class_list":{"0":"post-9859","1":"product","2":"type-product","3":"status-publish","4":"has-post-thumbnail","6":"pwb-brand-ggf","7":"product_cat-miksery-spiralne","9":"first","10":"instock","11":"taxable","12":"shipping-taxable","13":"purchasable","14":"product-type-simple"},"brands":[{"id":477,"name":"GGF","slug":"ggf"}],"_links":{"self":[{"href":"https:\/\/www.multifrigo.pl\/sklep\/wp-json\/wp\/v2\/product\/9859","targetHints":{"allow":["GET"]}}],"collection":[{"href":"https:\/\/www.multifrigo.pl\/sklep\/wp-json\/wp\/v2\/product"}],"about":[{"href":"https:\/\/www.multifrigo.pl\/sklep\/wp-json\/wp\/v2\/types\/product"}],"wp:featuredmedia":[{"embeddable":true,"href":"https:\/\/www.multifrigo.pl\/sklep\/wp-json\/wp\/v2\/media\/16139"}],"wp:attachment":[{"href":"https:\/\/www.multifrigo.pl\/sklep\/wp-json\/wp\/v2\/media?parent=9859"}],"wp:term":[{"taxonomy":"pwb-brand","embeddable":true,"href":"https:\/\/www.multifrigo.pl\/sklep\/wp-json\/wp\/v2\/pwb-brand?post=9859"},{"taxonomy":"product_brand","embeddable":true,"href":"https:\/\/www.multifrigo.pl\/sklep\/wp-json\/wp\/v2\/product_brand?post=9859"},{"taxonomy":"product_cat","embeddable":true,"href":"https:\/\/www.multifrigo.pl\/sklep\/wp-json\/wp\/v2\/product_cat?post=9859"},{"taxonomy":"product_tag","embeddable":true,"href":"https:\/\/www.multifrigo.pl\/sklep\/wp-json\/wp\/v2\/product_tag?post=9859"}],"curies":[{"name":"wp","href":"https:\/\/api.w.org\/{rel}","templated":true}]}}