{"id":9865,"date":"2024-07-03T12:58:12","date_gmt":"2024-07-03T12:58:12","guid":{"rendered":"https:\/\/multifrigo.pl\/sklep\/produkt\/walkowarka-wolnostojaca-do-ciasta-1020x3050x1290-mm-p-0-75-kw-u-230-400-3-v-ggf-786961\/"},"modified":"2025-05-19T12:44:51","modified_gmt":"2025-05-19T12:44:51","slug":"walkowarka-wolnostojaca-do-ciasta-1020x3050x1290-mm-p-0-75-kw-u-230-400-3-v-ggf-786961","status":"publish","type":"product","link":"https:\/\/www.multifrigo.pl\/sklep\/produkt\/walkowarka-wolnostojaca-do-ciasta-1020x3050x1290-mm-p-0-75-kw-u-230-400-3-v-ggf-786961\/","title":{"rendered":"Wa\u0142kowarka wolnostoj\u0105ca do ciasta, 1020x3050x1290 mm, P 0.75 kW, U 230-400\/3 V | GGF 786961"},"content":{"rendered":"<p><LI>urz\u0105dzenia przeznaczone do wa\u0142kowania du\u017cych p\u0142at\u00f3w ciasta  <LI>stabilna konstrukcja  <LI>unoszone ramiona w celu zaoszcz\u0119dzenia powierzchni  <LI>2 pr\u0119dko\u015bci pracy  <LI>regulacja grubo\u015bci wa\u0142kowania ciasta w zakresie od 0.1 do 34 mm  <LI>zalecana jednorazowa waga ciasta do max. ~ 10 kg  <LI>sterowanie no\u017cne kod 786901  <\/p>\n","protected":false},"excerpt":{"rendered":"<p>urz\u0105dzenia przeznaczone do wa\u0142kowania du\u017cych p\u0142at\u00f3w ciasta stabilna konstrukcja unoszone ramiona w celu zaoszcz\u0119dzenia powierzchni 2 pr\u0119dko\u015bci pracy regulacja grubo\u015bci wa\u0142kowania ciasta w zakresie od 0.1 do 34 mm zalecana jednorazowa waga ciasta do max. ~ 10 kg sterowanie no\u017cne kod 786901<\/p>\n","protected":false},"featured_media":16149,"template":"","meta":{"_et_pb_use_builder":"","_et_pb_old_content":"","_et_gb_content_width":""},"pwb-brand":[477],"product_brand":[],"product_cat":[485],"product_tag":[],"class_list":{"0":"post-9865","1":"product","2":"type-product","3":"status-publish","4":"has-post-thumbnail","6":"pwb-brand-ggf","7":"product_cat-walkownice-do-ciasta","9":"first","10":"instock","11":"taxable","12":"shipping-taxable","13":"purchasable","14":"product-type-simple"},"brands":[{"id":477,"name":"GGF","slug":"ggf"}],"_links":{"self":[{"href":"https:\/\/www.multifrigo.pl\/sklep\/wp-json\/wp\/v2\/product\/9865","targetHints":{"allow":["GET"]}}],"collection":[{"href":"https:\/\/www.multifrigo.pl\/sklep\/wp-json\/wp\/v2\/product"}],"about":[{"href":"https:\/\/www.multifrigo.pl\/sklep\/wp-json\/wp\/v2\/types\/product"}],"wp:featuredmedia":[{"embeddable":true,"href":"https:\/\/www.multifrigo.pl\/sklep\/wp-json\/wp\/v2\/media\/16149"}],"wp:attachment":[{"href":"https:\/\/www.multifrigo.pl\/sklep\/wp-json\/wp\/v2\/media?parent=9865"}],"wp:term":[{"taxonomy":"pwb-brand","embeddable":true,"href":"https:\/\/www.multifrigo.pl\/sklep\/wp-json\/wp\/v2\/pwb-brand?post=9865"},{"taxonomy":"product_brand","embeddable":true,"href":"https:\/\/www.multifrigo.pl\/sklep\/wp-json\/wp\/v2\/product_brand?post=9865"},{"taxonomy":"product_cat","embeddable":true,"href":"https:\/\/www.multifrigo.pl\/sklep\/wp-json\/wp\/v2\/product_cat?post=9865"},{"taxonomy":"product_tag","embeddable":true,"href":"https:\/\/www.multifrigo.pl\/sklep\/wp-json\/wp\/v2\/product_tag?post=9865"}],"curies":[{"name":"wp","href":"https:\/\/api.w.org\/{rel}","templated":true}]}}