{"id":9867,"date":"2024-07-03T12:58:12","date_gmt":"2024-07-03T12:58:12","guid":{"rendered":"https:\/\/multifrigo.pl\/sklep\/produkt\/obieraczka-do-ziemniakow-6-kg-p-0-55-kw-stalgast-789061\/"},"modified":"2025-05-19T12:44:53","modified_gmt":"2025-05-19T12:44:53","slug":"obieraczka-do-ziemniakow-6-kg-p-0-55-kw-stalgast-789061","status":"publish","type":"product","link":"https:\/\/www.multifrigo.pl\/sklep\/produkt\/obieraczka-do-ziemniakow-6-kg-p-0-55-kw-stalgast-789061\/","title":{"rendered":"Obieraczka do ziemniak\u00f3w 6 kg, P 0.55 kW | Stalgast 789061"},"content":{"rendered":"<p><LI>jednorazowy wsad do 6 kg  <LI>poliw\u0119glanowa pokrywa z wy\u0142\u0105cznikiem bezpiecze\u0144stwa  <LI>czasomierz z regulacj\u0105 do 5 minut  <LI>prosta zwarta obudowa  <LI>cicha praca  <LI>\u0142atwy dost\u0119p do podzespo\u0142\u00f3w obieraczki  <\/p>\n","protected":false},"excerpt":{"rendered":"<p>jednorazowy wsad do 6 kg poliw\u0119glanowa pokrywa z wy\u0142\u0105cznikiem bezpiecze\u0144stwa czasomierz z regulacj\u0105 do 5 minut prosta zwarta obudowa cicha praca \u0142atwy dost\u0119p do podzespo\u0142\u00f3w obieraczki<\/p>\n","protected":false},"featured_media":16153,"template":"","meta":{"_et_pb_use_builder":"","_et_pb_old_content":"","_et_gb_content_width":""},"pwb-brand":[62],"product_brand":[],"product_cat":[488],"product_tag":[],"class_list":{"0":"post-9867","1":"product","2":"type-product","3":"status-publish","4":"has-post-thumbnail","6":"pwb-brand-stalgast","7":"product_cat-obieraczki-do-ziemniakow","9":"first","10":"instock","11":"taxable","12":"shipping-taxable","13":"purchasable","14":"product-type-simple"},"brands":[{"id":62,"name":"Stalgast","slug":"stalgast"}],"_links":{"self":[{"href":"https:\/\/www.multifrigo.pl\/sklep\/wp-json\/wp\/v2\/product\/9867","targetHints":{"allow":["GET"]}}],"collection":[{"href":"https:\/\/www.multifrigo.pl\/sklep\/wp-json\/wp\/v2\/product"}],"about":[{"href":"https:\/\/www.multifrigo.pl\/sklep\/wp-json\/wp\/v2\/types\/product"}],"wp:featuredmedia":[{"embeddable":true,"href":"https:\/\/www.multifrigo.pl\/sklep\/wp-json\/wp\/v2\/media\/16153"}],"wp:attachment":[{"href":"https:\/\/www.multifrigo.pl\/sklep\/wp-json\/wp\/v2\/media?parent=9867"}],"wp:term":[{"taxonomy":"pwb-brand","embeddable":true,"href":"https:\/\/www.multifrigo.pl\/sklep\/wp-json\/wp\/v2\/pwb-brand?post=9867"},{"taxonomy":"product_brand","embeddable":true,"href":"https:\/\/www.multifrigo.pl\/sklep\/wp-json\/wp\/v2\/product_brand?post=9867"},{"taxonomy":"product_cat","embeddable":true,"href":"https:\/\/www.multifrigo.pl\/sklep\/wp-json\/wp\/v2\/product_cat?post=9867"},{"taxonomy":"product_tag","embeddable":true,"href":"https:\/\/www.multifrigo.pl\/sklep\/wp-json\/wp\/v2\/product_tag?post=9867"}],"curies":[{"name":"wp","href":"https:\/\/api.w.org\/{rel}","templated":true}]}}