{"id":9869,"date":"2024-07-03T12:58:12","date_gmt":"2024-07-03T12:58:12","guid":{"rendered":"https:\/\/multifrigo.pl\/sklep\/produkt\/dozownik-plynu-myjacego-do-zmywarki-3-l-h-stalgast-801021\/"},"modified":"2025-05-19T12:44:54","modified_gmt":"2025-05-19T12:44:54","slug":"dozownik-plynu-myjacego-do-zmywarki-3-l-h-stalgast-801021","status":"publish","type":"product","link":"https:\/\/www.multifrigo.pl\/sklep\/produkt\/dozownik-plynu-myjacego-do-zmywarki-3-l-h-stalgast-801021\/","title":{"rendered":"Dozownik p\u0142ynu myj\u0105cego do zmywarki 3 l\/h | Stalgast 801021"},"content":{"rendered":"<p><LI>automatyczne dozowanie p\u0142ynu myj\u0105cego  <LI>sterowanie czasowe  <LI>regulacja: 0.6-3 litr\u00f3w na godzin\u0119  <LI>zasilanie: 230 V  <\/p>\n","protected":false},"excerpt":{"rendered":"<p>automatyczne dozowanie p\u0142ynu myj\u0105cego sterowanie czasowe regulacja: 0.6-3 litr\u00f3w na godzin\u0119 zasilanie: 230 V<\/p>\n","protected":false},"featured_media":16163,"template":"","meta":{"_et_pb_use_builder":"","_et_pb_old_content":"","_et_gb_content_width":""},"pwb-brand":[62],"product_brand":[],"product_cat":[490],"product_tag":[],"class_list":{"0":"post-9869","1":"product","2":"type-product","3":"status-publish","4":"has-post-thumbnail","6":"pwb-brand-stalgast","7":"product_cat-inne-akcesoria","9":"first","10":"instock","11":"taxable","12":"shipping-taxable","13":"purchasable","14":"product-type-simple"},"brands":[{"id":62,"name":"Stalgast","slug":"stalgast"}],"_links":{"self":[{"href":"https:\/\/www.multifrigo.pl\/sklep\/wp-json\/wp\/v2\/product\/9869","targetHints":{"allow":["GET"]}}],"collection":[{"href":"https:\/\/www.multifrigo.pl\/sklep\/wp-json\/wp\/v2\/product"}],"about":[{"href":"https:\/\/www.multifrigo.pl\/sklep\/wp-json\/wp\/v2\/types\/product"}],"wp:featuredmedia":[{"embeddable":true,"href":"https:\/\/www.multifrigo.pl\/sklep\/wp-json\/wp\/v2\/media\/16163"}],"wp:attachment":[{"href":"https:\/\/www.multifrigo.pl\/sklep\/wp-json\/wp\/v2\/media?parent=9869"}],"wp:term":[{"taxonomy":"pwb-brand","embeddable":true,"href":"https:\/\/www.multifrigo.pl\/sklep\/wp-json\/wp\/v2\/pwb-brand?post=9869"},{"taxonomy":"product_brand","embeddable":true,"href":"https:\/\/www.multifrigo.pl\/sklep\/wp-json\/wp\/v2\/product_brand?post=9869"},{"taxonomy":"product_cat","embeddable":true,"href":"https:\/\/www.multifrigo.pl\/sklep\/wp-json\/wp\/v2\/product_cat?post=9869"},{"taxonomy":"product_tag","embeddable":true,"href":"https:\/\/www.multifrigo.pl\/sklep\/wp-json\/wp\/v2\/product_tag?post=9869"}],"curies":[{"name":"wp","href":"https:\/\/api.w.org\/{rel}","templated":true}]}}