{"id":9905,"date":"2024-07-03T12:58:19","date_gmt":"2024-07-03T12:58:19","guid":{"rendered":"https:\/\/multifrigo.pl\/sklep\/produkt\/wozek-do-przewozenia-koszy-stalgast-810000\/"},"modified":"2025-05-19T12:45:17","modified_gmt":"2025-05-19T12:45:17","slug":"wozek-do-przewozenia-koszy-stalgast-810000","status":"publish","type":"product","link":"https:\/\/www.multifrigo.pl\/sklep\/produkt\/wozek-do-przewozenia-koszy-stalgast-810000\/","title":{"rendered":"W\u00f3zek do przewo\u017cenia koszy | Stalgast 810000"},"content":{"rendered":"<p><LI>do transportu koszy  <LI>uchwyt z rury stalowej  <LI>ud\u017awig do 150 kg  <LI>skr\u0119tne wszystkie ko\u0142a  <LI>w\u00f3zek nie posiada blokady k\u00f3\u0142  <\/p>\n","protected":false},"excerpt":{"rendered":"<p>do transportu koszy uchwyt z rury stalowej ud\u017awig do 150 kg skr\u0119tne wszystkie ko\u0142a w\u00f3zek nie posiada blokady k\u00f3\u0142<\/p>\n","protected":false},"featured_media":16289,"template":"","meta":{"_et_pb_use_builder":"","_et_pb_old_content":"","_et_gb_content_width":""},"pwb-brand":[62],"product_brand":[],"product_cat":[490],"product_tag":[],"class_list":{"0":"post-9905","1":"product","2":"type-product","3":"status-publish","4":"has-post-thumbnail","6":"pwb-brand-stalgast","7":"product_cat-inne-akcesoria","9":"first","10":"instock","11":"taxable","12":"shipping-taxable","13":"purchasable","14":"product-type-simple"},"brands":[{"id":62,"name":"Stalgast","slug":"stalgast"}],"_links":{"self":[{"href":"https:\/\/www.multifrigo.pl\/sklep\/wp-json\/wp\/v2\/product\/9905","targetHints":{"allow":["GET"]}}],"collection":[{"href":"https:\/\/www.multifrigo.pl\/sklep\/wp-json\/wp\/v2\/product"}],"about":[{"href":"https:\/\/www.multifrigo.pl\/sklep\/wp-json\/wp\/v2\/types\/product"}],"wp:featuredmedia":[{"embeddable":true,"href":"https:\/\/www.multifrigo.pl\/sklep\/wp-json\/wp\/v2\/media\/16289"}],"wp:attachment":[{"href":"https:\/\/www.multifrigo.pl\/sklep\/wp-json\/wp\/v2\/media?parent=9905"}],"wp:term":[{"taxonomy":"pwb-brand","embeddable":true,"href":"https:\/\/www.multifrigo.pl\/sklep\/wp-json\/wp\/v2\/pwb-brand?post=9905"},{"taxonomy":"product_brand","embeddable":true,"href":"https:\/\/www.multifrigo.pl\/sklep\/wp-json\/wp\/v2\/product_brand?post=9905"},{"taxonomy":"product_cat","embeddable":true,"href":"https:\/\/www.multifrigo.pl\/sklep\/wp-json\/wp\/v2\/product_cat?post=9905"},{"taxonomy":"product_tag","embeddable":true,"href":"https:\/\/www.multifrigo.pl\/sklep\/wp-json\/wp\/v2\/product_tag?post=9905"}],"curies":[{"name":"wp","href":"https:\/\/api.w.org\/{rel}","templated":true}]}}