{"id":9949,"date":"2024-07-03T12:58:28","date_gmt":"2024-07-03T12:58:28","guid":{"rendered":"https:\/\/multifrigo.pl\/sklep\/produkt\/glowica-purity-c-by-pass-30-3-8-brita-822801\/"},"modified":"2025-05-19T12:45:47","modified_gmt":"2025-05-19T12:45:47","slug":"glowica-purity-c-by-pass-30-3-8-brita-822801","status":"publish","type":"product","link":"https:\/\/www.multifrigo.pl\/sklep\/produkt\/glowica-purity-c-by-pass-30-3-8-brita-822801\/","title":{"rendered":"G\u0142owica Purity C by-pass 30% 3\/8 | Brita 822801"},"content":{"rendered":"<p><LI>redukuje twardo\u015b\u0107 w\u0119glanow\u0105 wody pitnej  <LI>zapobiega osadzaniu si\u0119 kamienia w pod\u0142\u0105czonych urz\u0105dzeniach ko\u0144cowych  <LI>wi\u0105\u017ce jony metali ci\u0119\u017ckich np. o\u0142owiu i miedzi  <LI>redukuje m\u0119tno\u015b\u0107 wody  <LI>redukuje zanieczyszczenia pochodzenia organicznego wp\u0142ywaj\u0105cego na smak wody  <LI>usuwa pozosta\u0142o\u015bci chloru w wodzie filtrowanej i wodoci\u0105gowej  <LI>g\u0142owica z fabrycznie ustawionym obej\u015bciem 30%  <LI>przy\u0142\u0105cze g\u0142owicy 3\/8  <LI>przeznaczona do zasilania urz\u0105dze\u0144 bojlerowych (warnik\u00f3w i ekspres\u00f3w)  <\/p>\n","protected":false},"excerpt":{"rendered":"<p>redukuje twardo\u015b\u0107 w\u0119glanow\u0105 wody pitnej zapobiega osadzaniu si\u0119 kamienia w pod\u0142\u0105czonych urz\u0105dzeniach ko\u0144cowych wi\u0105\u017ce jony metali ci\u0119\u017ckich np. o\u0142owiu i miedzi redukuje m\u0119tno\u015b\u0107 wody redukuje zanieczyszczenia pochodzenia organicznego wp\u0142ywaj\u0105cego na smak wody usuwa pozosta\u0142o\u015bci chloru w wodzie filtrowanej i wodoci\u0105gowej g\u0142owica z fabrycznie ustawionym obej\u015bciem 30% przy\u0142\u0105cze g\u0142owicy 3\/8 przeznaczona do zasilania urz\u0105dze\u0144 bojlerowych (warnik\u00f3w [&hellip;]<\/p>\n","protected":false},"featured_media":16362,"template":"","meta":{"_et_pb_use_builder":"","_et_pb_old_content":"","_et_gb_content_width":""},"pwb-brand":[522],"product_brand":[],"product_cat":[512],"product_tag":[],"class_list":{"0":"post-9949","1":"product","2":"type-product","3":"status-publish","4":"has-post-thumbnail","6":"pwb-brand-brita","7":"product_cat-filtry-do-piecow","9":"first","10":"instock","11":"taxable","12":"shipping-taxable","13":"purchasable","14":"product-type-simple"},"brands":[{"id":522,"name":"Brita","slug":"brita"}],"_links":{"self":[{"href":"https:\/\/www.multifrigo.pl\/sklep\/wp-json\/wp\/v2\/product\/9949","targetHints":{"allow":["GET"]}}],"collection":[{"href":"https:\/\/www.multifrigo.pl\/sklep\/wp-json\/wp\/v2\/product"}],"about":[{"href":"https:\/\/www.multifrigo.pl\/sklep\/wp-json\/wp\/v2\/types\/product"}],"wp:featuredmedia":[{"embeddable":true,"href":"https:\/\/www.multifrigo.pl\/sklep\/wp-json\/wp\/v2\/media\/16362"}],"wp:attachment":[{"href":"https:\/\/www.multifrigo.pl\/sklep\/wp-json\/wp\/v2\/media?parent=9949"}],"wp:term":[{"taxonomy":"pwb-brand","embeddable":true,"href":"https:\/\/www.multifrigo.pl\/sklep\/wp-json\/wp\/v2\/pwb-brand?post=9949"},{"taxonomy":"product_brand","embeddable":true,"href":"https:\/\/www.multifrigo.pl\/sklep\/wp-json\/wp\/v2\/product_brand?post=9949"},{"taxonomy":"product_cat","embeddable":true,"href":"https:\/\/www.multifrigo.pl\/sklep\/wp-json\/wp\/v2\/product_cat?post=9949"},{"taxonomy":"product_tag","embeddable":true,"href":"https:\/\/www.multifrigo.pl\/sklep\/wp-json\/wp\/v2\/product_tag?post=9949"}],"curies":[{"name":"wp","href":"https:\/\/api.w.org\/{rel}","templated":true}]}}