{"id":9954,"date":"2024-07-03T12:58:28","date_gmt":"2024-07-03T12:58:28","guid":{"rendered":"https:\/\/multifrigo.pl\/sklep\/produkt\/zmiekczacz-do-wody-polautomatyczny-stalgast-822990\/"},"modified":"2025-05-19T12:45:51","modified_gmt":"2025-05-19T12:45:51","slug":"zmiekczacz-do-wody-polautomatyczny-stalgast-822990","status":"publish","type":"product","link":"https:\/\/www.multifrigo.pl\/sklep\/produkt\/zmiekczacz-do-wody-polautomatyczny-stalgast-822990\/","title":{"rendered":"Zmi\u0119kczacz do wody p\u00f3\u0142automatyczny | Stalgast 822990"},"content":{"rendered":"<p><LI>przeznaczony do zmywarek, piec\u00f3w konwekcyjno -parowych, ekspres\u00f3w do kawy oraz kostkarek  <LI>sterowanie p\u00f3\u0142automatyczne &#8211; proces regeneracji inicjowany przez naci\u015bni\u0119cie przycisku regeneracji  <LI>wk\u0142ad nale\u017cy regenerowa\u0107 sol\u0105 tabletkow\u0105 (nr kat 820999)  <\/p>\n","protected":false},"excerpt":{"rendered":"<p>przeznaczony do zmywarek, piec\u00f3w konwekcyjno -parowych, ekspres\u00f3w do kawy oraz kostkarek sterowanie p\u00f3\u0142automatyczne &#8211; proces regeneracji inicjowany przez naci\u015bni\u0119cie przycisku regeneracji wk\u0142ad nale\u017cy regenerowa\u0107 sol\u0105 tabletkow\u0105 (nr kat 820999)<\/p>\n","protected":false},"featured_media":16367,"template":"","meta":{"_et_pb_use_builder":"","_et_pb_old_content":"","_et_gb_content_width":""},"pwb-brand":[62],"product_brand":[],"product_cat":[514],"product_tag":[],"class_list":{"0":"post-9954","1":"product","2":"type-product","3":"status-publish","4":"has-post-thumbnail","6":"pwb-brand-stalgast","7":"product_cat-polautomatyczne","9":"first","10":"instock","11":"taxable","12":"shipping-taxable","13":"purchasable","14":"product-type-simple"},"brands":[{"id":62,"name":"Stalgast","slug":"stalgast"}],"_links":{"self":[{"href":"https:\/\/www.multifrigo.pl\/sklep\/wp-json\/wp\/v2\/product\/9954","targetHints":{"allow":["GET"]}}],"collection":[{"href":"https:\/\/www.multifrigo.pl\/sklep\/wp-json\/wp\/v2\/product"}],"about":[{"href":"https:\/\/www.multifrigo.pl\/sklep\/wp-json\/wp\/v2\/types\/product"}],"wp:featuredmedia":[{"embeddable":true,"href":"https:\/\/www.multifrigo.pl\/sklep\/wp-json\/wp\/v2\/media\/16367"}],"wp:attachment":[{"href":"https:\/\/www.multifrigo.pl\/sklep\/wp-json\/wp\/v2\/media?parent=9954"}],"wp:term":[{"taxonomy":"pwb-brand","embeddable":true,"href":"https:\/\/www.multifrigo.pl\/sklep\/wp-json\/wp\/v2\/pwb-brand?post=9954"},{"taxonomy":"product_brand","embeddable":true,"href":"https:\/\/www.multifrigo.pl\/sklep\/wp-json\/wp\/v2\/product_brand?post=9954"},{"taxonomy":"product_cat","embeddable":true,"href":"https:\/\/www.multifrigo.pl\/sklep\/wp-json\/wp\/v2\/product_cat?post=9954"},{"taxonomy":"product_tag","embeddable":true,"href":"https:\/\/www.multifrigo.pl\/sklep\/wp-json\/wp\/v2\/product_tag?post=9954"}],"curies":[{"name":"wp","href":"https:\/\/api.w.org\/{rel}","templated":true}]}}