{"id":9955,"date":"2024-07-03T12:58:28","date_gmt":"2024-07-03T12:58:28","guid":{"rendered":"https:\/\/multifrigo.pl\/sklep\/produkt\/zmiekczacz-do-wody-automatyczny-stalgast-822998\/"},"modified":"2025-05-19T12:45:51","modified_gmt":"2025-05-19T12:45:51","slug":"zmiekczacz-do-wody-automatyczny-stalgast-822998","status":"publish","type":"product","link":"https:\/\/www.multifrigo.pl\/sklep\/produkt\/zmiekczacz-do-wody-automatyczny-stalgast-822998\/","title":{"rendered":"Zmi\u0119kczacz do wody automatyczny | Stalgast 822998"},"content":{"rendered":"<p><LI>przeznaczony do zmywarek, piec\u00f3w konwekcyjno -parowych, ekspres\u00f3w do kawy oraz kostkarek  <LI>maksymalny przep\u0142yw wody ~8.33 l \/min.  <LI>automatyczna regeneracja uzale\u017cniona od zu\u017cycia wody  <LI>proces regeneracji nie blokuje pracy zasilanych urz\u0105dze\u0144  <LI>maksymalna temperatura wody do 45\u00b0C  <LI>wk\u0142ad nale\u017cy regenerowa\u0107 sol\u0105 tabletkow\u0105 (nr kat 820999)  <LI>zbiornik na s\u00f3l o pojemno\u015bci ok. 10 kg  <LI>zakres napi\u0119cia dostarczanego do zasilacza: 100-240V, 50\/60 Hz  <LI>urz\u0105dzenie mo\u017ce pracowa\u0107 z napi\u0119ciem 110V  <\/p>\n","protected":false},"excerpt":{"rendered":"<p>przeznaczony do zmywarek, piec\u00f3w konwekcyjno -parowych, ekspres\u00f3w do kawy oraz kostkarek maksymalny przep\u0142yw wody ~8.33 l \/min. automatyczna regeneracja uzale\u017cniona od zu\u017cycia wody proces regeneracji nie blokuje pracy zasilanych urz\u0105dze\u0144 maksymalna temperatura wody do 45\u00b0C wk\u0142ad nale\u017cy regenerowa\u0107 sol\u0105 tabletkow\u0105 (nr kat 820999) zbiornik na s\u00f3l o pojemno\u015bci ok. 10 kg zakres napi\u0119cia dostarczanego do [&hellip;]<\/p>\n","protected":false},"featured_media":16368,"template":"","meta":{"_et_pb_use_builder":"","_et_pb_old_content":"","_et_gb_content_width":""},"pwb-brand":[62],"product_brand":[],"product_cat":[515],"product_tag":[],"class_list":{"0":"post-9955","1":"product","2":"type-product","3":"status-publish","4":"has-post-thumbnail","6":"pwb-brand-stalgast","7":"product_cat-automatyczne","9":"first","10":"instock","11":"taxable","12":"shipping-taxable","13":"purchasable","14":"product-type-simple"},"brands":[{"id":62,"name":"Stalgast","slug":"stalgast"}],"_links":{"self":[{"href":"https:\/\/www.multifrigo.pl\/sklep\/wp-json\/wp\/v2\/product\/9955","targetHints":{"allow":["GET"]}}],"collection":[{"href":"https:\/\/www.multifrigo.pl\/sklep\/wp-json\/wp\/v2\/product"}],"about":[{"href":"https:\/\/www.multifrigo.pl\/sklep\/wp-json\/wp\/v2\/types\/product"}],"wp:featuredmedia":[{"embeddable":true,"href":"https:\/\/www.multifrigo.pl\/sklep\/wp-json\/wp\/v2\/media\/16368"}],"wp:attachment":[{"href":"https:\/\/www.multifrigo.pl\/sklep\/wp-json\/wp\/v2\/media?parent=9955"}],"wp:term":[{"taxonomy":"pwb-brand","embeddable":true,"href":"https:\/\/www.multifrigo.pl\/sklep\/wp-json\/wp\/v2\/pwb-brand?post=9955"},{"taxonomy":"product_brand","embeddable":true,"href":"https:\/\/www.multifrigo.pl\/sklep\/wp-json\/wp\/v2\/product_brand?post=9955"},{"taxonomy":"product_cat","embeddable":true,"href":"https:\/\/www.multifrigo.pl\/sklep\/wp-json\/wp\/v2\/product_cat?post=9955"},{"taxonomy":"product_tag","embeddable":true,"href":"https:\/\/www.multifrigo.pl\/sklep\/wp-json\/wp\/v2\/product_tag?post=9955"}],"curies":[{"name":"wp","href":"https:\/\/api.w.org\/{rel}","templated":true}]}}