{"id":9956,"date":"2024-07-03T12:58:29","date_gmt":"2024-07-03T12:58:29","guid":{"rendered":"https:\/\/multifrigo.pl\/sklep\/produkt\/filtr-purity-450-steam-obudowawkladglowica-do-piecow-konwekcyjno-parowych-brita-823045\/"},"modified":"2025-05-19T12:45:51","modified_gmt":"2025-05-19T12:45:51","slug":"filtr-purity-450-steam-obudowawkladglowica-do-piecow-konwekcyjno-parowych-brita-823045","status":"publish","type":"product","link":"https:\/\/www.multifrigo.pl\/sklep\/produkt\/filtr-purity-450-steam-obudowawkladglowica-do-piecow-konwekcyjno-parowych-brita-823045\/","title":{"rendered":"Filtr Purity 450 Steam obudowa+wk\u0142ad+g\u0142owica (do piec\u00f3w konwekcyjno parowych) | Brita 823045"},"content":{"rendered":"<p><LI>zapobiega osadzaniu si\u0119 kamienia w pod\u0142\u0105czonych urz\u0105dzeniach  <LI>wi\u0105\u017ce jony metali ci\u0119\u017ckich np. o\u0142owiu i miedzi  <LI>redukuje zanieczyszczenia pochodzenia organicznego wp\u0142ywaj\u0105cego na smak wody  <LI>gwarantuje d\u0142u\u017csz\u0105 \u017cywotno\u015b\u0107 pod\u0142\u0105czonych urz\u0105dze\u0144  <LI>zapobiega osadom i zabrudzeniom w piecach konwekcyjno-parowych  <\/p>\n","protected":false},"excerpt":{"rendered":"<p>zapobiega osadzaniu si\u0119 kamienia w pod\u0142\u0105czonych urz\u0105dzeniach wi\u0105\u017ce jony metali ci\u0119\u017ckich np. o\u0142owiu i miedzi redukuje zanieczyszczenia pochodzenia organicznego wp\u0142ywaj\u0105cego na smak wody gwarantuje d\u0142u\u017csz\u0105 \u017cywotno\u015b\u0107 pod\u0142\u0105czonych urz\u0105dze\u0144 zapobiega osadom i zabrudzeniom w piecach konwekcyjno-parowych<\/p>\n","protected":false},"featured_media":16369,"template":"","meta":{"_et_pb_use_builder":"","_et_pb_old_content":"","_et_gb_content_width":""},"pwb-brand":[522],"product_brand":[],"product_cat":[512],"product_tag":[],"class_list":{"0":"post-9956","1":"product","2":"type-product","3":"status-publish","4":"has-post-thumbnail","6":"pwb-brand-brita","7":"product_cat-filtry-do-piecow","9":"first","10":"instock","11":"taxable","12":"shipping-taxable","13":"purchasable","14":"product-type-simple"},"brands":[{"id":522,"name":"Brita","slug":"brita"}],"_links":{"self":[{"href":"https:\/\/www.multifrigo.pl\/sklep\/wp-json\/wp\/v2\/product\/9956","targetHints":{"allow":["GET"]}}],"collection":[{"href":"https:\/\/www.multifrigo.pl\/sklep\/wp-json\/wp\/v2\/product"}],"about":[{"href":"https:\/\/www.multifrigo.pl\/sklep\/wp-json\/wp\/v2\/types\/product"}],"wp:featuredmedia":[{"embeddable":true,"href":"https:\/\/www.multifrigo.pl\/sklep\/wp-json\/wp\/v2\/media\/16369"}],"wp:attachment":[{"href":"https:\/\/www.multifrigo.pl\/sklep\/wp-json\/wp\/v2\/media?parent=9956"}],"wp:term":[{"taxonomy":"pwb-brand","embeddable":true,"href":"https:\/\/www.multifrigo.pl\/sklep\/wp-json\/wp\/v2\/pwb-brand?post=9956"},{"taxonomy":"product_brand","embeddable":true,"href":"https:\/\/www.multifrigo.pl\/sklep\/wp-json\/wp\/v2\/product_brand?post=9956"},{"taxonomy":"product_cat","embeddable":true,"href":"https:\/\/www.multifrigo.pl\/sklep\/wp-json\/wp\/v2\/product_cat?post=9956"},{"taxonomy":"product_tag","embeddable":true,"href":"https:\/\/www.multifrigo.pl\/sklep\/wp-json\/wp\/v2\/product_tag?post=9956"}],"curies":[{"name":"wp","href":"https:\/\/api.w.org\/{rel}","templated":true}]}}