{"id":9958,"date":"2024-07-03T12:58:29","date_gmt":"2024-07-03T12:58:29","guid":{"rendered":"https:\/\/multifrigo.pl\/sklep\/produkt\/wklad-wymienny-do-823400-823402-purity-450-brita-823401\/"},"modified":"2025-05-19T12:45:53","modified_gmt":"2025-05-19T12:45:53","slug":"wklad-wymienny-do-823400-823402-purity-450-brita-823401","status":"publish","type":"product","link":"https:\/\/www.multifrigo.pl\/sklep\/produkt\/wklad-wymienny-do-823400-823402-purity-450-brita-823401\/","title":{"rendered":"Wk\u0142ad wymienny do 823400, 823402 (PURITY 450) | Brita 823401"},"content":{"rendered":"<p><LI>wk\u0142ad wymienny do 823402  <LI>wydajno\u015b\u0107 4217 l  <\/p>\n","protected":false},"excerpt":{"rendered":"<p>wk\u0142ad wymienny do 823402 wydajno\u015b\u0107 4217 l<\/p>\n","protected":false},"featured_media":16373,"template":"","meta":{"_et_pb_use_builder":"","_et_pb_old_content":"","_et_gb_content_width":""},"pwb-brand":[522],"product_brand":[],"product_cat":[511],"product_tag":[],"class_list":{"0":"post-9958","1":"product","2":"type-product","3":"status-publish","4":"has-post-thumbnail","6":"pwb-brand-brita","7":"product_cat-filtry-uniwersalne","9":"first","10":"instock","11":"taxable","12":"shipping-taxable","13":"purchasable","14":"product-type-simple"},"brands":[{"id":522,"name":"Brita","slug":"brita"}],"_links":{"self":[{"href":"https:\/\/www.multifrigo.pl\/sklep\/wp-json\/wp\/v2\/product\/9958","targetHints":{"allow":["GET"]}}],"collection":[{"href":"https:\/\/www.multifrigo.pl\/sklep\/wp-json\/wp\/v2\/product"}],"about":[{"href":"https:\/\/www.multifrigo.pl\/sklep\/wp-json\/wp\/v2\/types\/product"}],"wp:featuredmedia":[{"embeddable":true,"href":"https:\/\/www.multifrigo.pl\/sklep\/wp-json\/wp\/v2\/media\/16373"}],"wp:attachment":[{"href":"https:\/\/www.multifrigo.pl\/sklep\/wp-json\/wp\/v2\/media?parent=9958"}],"wp:term":[{"taxonomy":"pwb-brand","embeddable":true,"href":"https:\/\/www.multifrigo.pl\/sklep\/wp-json\/wp\/v2\/pwb-brand?post=9958"},{"taxonomy":"product_brand","embeddable":true,"href":"https:\/\/www.multifrigo.pl\/sklep\/wp-json\/wp\/v2\/product_brand?post=9958"},{"taxonomy":"product_cat","embeddable":true,"href":"https:\/\/www.multifrigo.pl\/sklep\/wp-json\/wp\/v2\/product_cat?post=9958"},{"taxonomy":"product_tag","embeddable":true,"href":"https:\/\/www.multifrigo.pl\/sklep\/wp-json\/wp\/v2\/product_tag?post=9958"}],"curies":[{"name":"wp","href":"https:\/\/api.w.org\/{rel}","templated":true}]}}