{"id":9960,"date":"2024-07-03T12:58:30","date_gmt":"2024-07-03T12:58:30","guid":{"rendered":"https:\/\/multifrigo.pl\/sklep\/produkt\/licznik-miernik-przeplywu-wody-stalgast-823850\/"},"modified":"2025-05-19T12:45:54","modified_gmt":"2025-05-19T12:45:54","slug":"licznik-miernik-przeplywu-wody-stalgast-823850","status":"publish","type":"product","link":"https:\/\/www.multifrigo.pl\/sklep\/produkt\/licznik-miernik-przeplywu-wody-stalgast-823850\/","title":{"rendered":"Licznik, miernik przep\u0142ywu wody | Stalgast 823850"},"content":{"rendered":"<p><LI>pasuje do filtr\u00f3w 822060, 822080 i 822850  <LI>gwint 3\/8 NPT \u017ce\u0144skie  <LI>miernik wskazuje aktualny przep\u0142yw oraz ilo\u015b\u0107 wody do konieczno\u015bci wymiany wk\u0142adu  <LI>sygnalizacja dzwiekowa informuj\u0105ca o konieczno\u015bci wymiany wk\u0142adu  <LI>max. ilo\u015b\u0107 l wody do zaprogramowania 99 500 l lub 19900 galon\u00f3w  <LI>zasilanie na baterie AAA dostarczane w kpl  <LI>przep\u0142yw wody 1.5 &#8211; 14 l\/min  <LI>monitorowanie up\u0142ywu czasu filtra, do 720 dni  <LI>wy\u015bwietlanie nat\u0119\u017cenia przep\u0142ywu 0.95-13.2 l\/min lub 0.25-3.5 gpm  <LI>ostrze\u017cenie o niskim poziomie na\u0142adowania baterii  <\/p>\n","protected":false},"excerpt":{"rendered":"<p>pasuje do filtr\u00f3w 822060, 822080 i 822850 gwint 3\/8 NPT \u017ce\u0144skie miernik wskazuje aktualny przep\u0142yw oraz ilo\u015b\u0107 wody do konieczno\u015bci wymiany wk\u0142adu sygnalizacja dzwiekowa informuj\u0105ca o konieczno\u015bci wymiany wk\u0142adu max. ilo\u015b\u0107 l wody do zaprogramowania 99 500 l lub 19900 galon\u00f3w zasilanie na baterie AAA dostarczane w kpl przep\u0142yw wody 1.5 &#8211; 14 l\/min monitorowanie [&hellip;]<\/p>\n","protected":false},"featured_media":16377,"template":"","meta":{"_et_pb_use_builder":"","_et_pb_old_content":"","_et_gb_content_width":""},"pwb-brand":[62],"product_brand":[],"product_cat":[516],"product_tag":[],"class_list":{"0":"post-9960","1":"product","2":"type-product","3":"status-publish","4":"has-post-thumbnail","6":"pwb-brand-stalgast","7":"product_cat-liczniki-wody","9":"first","10":"instock","11":"taxable","12":"shipping-taxable","13":"purchasable","14":"product-type-simple"},"brands":[{"id":62,"name":"Stalgast","slug":"stalgast"}],"_links":{"self":[{"href":"https:\/\/www.multifrigo.pl\/sklep\/wp-json\/wp\/v2\/product\/9960","targetHints":{"allow":["GET"]}}],"collection":[{"href":"https:\/\/www.multifrigo.pl\/sklep\/wp-json\/wp\/v2\/product"}],"about":[{"href":"https:\/\/www.multifrigo.pl\/sklep\/wp-json\/wp\/v2\/types\/product"}],"wp:featuredmedia":[{"embeddable":true,"href":"https:\/\/www.multifrigo.pl\/sklep\/wp-json\/wp\/v2\/media\/16377"}],"wp:attachment":[{"href":"https:\/\/www.multifrigo.pl\/sklep\/wp-json\/wp\/v2\/media?parent=9960"}],"wp:term":[{"taxonomy":"pwb-brand","embeddable":true,"href":"https:\/\/www.multifrigo.pl\/sklep\/wp-json\/wp\/v2\/pwb-brand?post=9960"},{"taxonomy":"product_brand","embeddable":true,"href":"https:\/\/www.multifrigo.pl\/sklep\/wp-json\/wp\/v2\/product_brand?post=9960"},{"taxonomy":"product_cat","embeddable":true,"href":"https:\/\/www.multifrigo.pl\/sklep\/wp-json\/wp\/v2\/product_cat?post=9960"},{"taxonomy":"product_tag","embeddable":true,"href":"https:\/\/www.multifrigo.pl\/sklep\/wp-json\/wp\/v2\/product_tag?post=9960"}],"curies":[{"name":"wp","href":"https:\/\/api.w.org\/{rel}","templated":true}]}}