{"id":9963,"date":"2024-07-03T12:58:30","date_gmt":"2024-07-03T12:58:30","guid":{"rendered":"https:\/\/multifrigo.pl\/sklep\/produkt\/wklad-wymienny-do-zmiekczacza-purity-1200-clean-brita-824131\/"},"modified":"2025-05-19T12:45:55","modified_gmt":"2025-05-19T12:45:55","slug":"wklad-wymienny-do-zmiekczacza-purity-1200-clean-brita-824131","status":"publish","type":"product","link":"https:\/\/www.multifrigo.pl\/sklep\/produkt\/wklad-wymienny-do-zmiekczacza-purity-1200-clean-brita-824131\/","title":{"rendered":"Wk\u0142ad wymienny do zmi\u0119kczacza Purity 1200 Clean | Brita 824131"},"content":{"rendered":"<p><LI>wk\u0142ad wymienny do 824130  <LI>wydajno\u015b\u0107 12000 l  <\/p>\n","protected":false},"excerpt":{"rendered":"<p>wk\u0142ad wymienny do 824130 wydajno\u015b\u0107 12000 l<\/p>\n","protected":false},"featured_media":16383,"template":"","meta":{"_et_pb_use_builder":"","_et_pb_old_content":"","_et_gb_content_width":""},"pwb-brand":[522],"product_brand":[],"product_cat":[517],"product_tag":[],"class_list":{"0":"post-9963","1":"product","2":"type-product","3":"status-publish","4":"has-post-thumbnail","6":"pwb-brand-brita","7":"product_cat-filtry-do-zmywarek","9":"first","10":"instock","11":"taxable","12":"shipping-taxable","13":"purchasable","14":"product-type-simple"},"brands":[{"id":522,"name":"Brita","slug":"brita"}],"_links":{"self":[{"href":"https:\/\/www.multifrigo.pl\/sklep\/wp-json\/wp\/v2\/product\/9963","targetHints":{"allow":["GET"]}}],"collection":[{"href":"https:\/\/www.multifrigo.pl\/sklep\/wp-json\/wp\/v2\/product"}],"about":[{"href":"https:\/\/www.multifrigo.pl\/sklep\/wp-json\/wp\/v2\/types\/product"}],"wp:featuredmedia":[{"embeddable":true,"href":"https:\/\/www.multifrigo.pl\/sklep\/wp-json\/wp\/v2\/media\/16383"}],"wp:attachment":[{"href":"https:\/\/www.multifrigo.pl\/sklep\/wp-json\/wp\/v2\/media?parent=9963"}],"wp:term":[{"taxonomy":"pwb-brand","embeddable":true,"href":"https:\/\/www.multifrigo.pl\/sklep\/wp-json\/wp\/v2\/pwb-brand?post=9963"},{"taxonomy":"product_brand","embeddable":true,"href":"https:\/\/www.multifrigo.pl\/sklep\/wp-json\/wp\/v2\/product_brand?post=9963"},{"taxonomy":"product_cat","embeddable":true,"href":"https:\/\/www.multifrigo.pl\/sklep\/wp-json\/wp\/v2\/product_cat?post=9963"},{"taxonomy":"product_tag","embeddable":true,"href":"https:\/\/www.multifrigo.pl\/sklep\/wp-json\/wp\/v2\/product_tag?post=9963"}],"curies":[{"name":"wp","href":"https:\/\/api.w.org\/{rel}","templated":true}]}}