{"id":9990,"date":"2024-07-03T12:58:38","date_gmt":"2024-07-03T12:58:38","guid":{"rendered":"https:\/\/multifrigo.pl\/sklep\/produkt\/stol-chlodniczy-3-drzwiowy-agregat-na-dole-v-368-l-stalgast-832039\/"},"modified":"2025-05-19T12:46:15","modified_gmt":"2025-05-19T12:46:15","slug":"stol-chlodniczy-3-drzwiowy-agregat-na-dole-v-368-l-stalgast-832039","status":"publish","type":"product","link":"https:\/\/www.multifrigo.pl\/sklep\/produkt\/stol-chlodniczy-3-drzwiowy-agregat-na-dole-v-368-l-stalgast-832039\/","title":{"rendered":"St\u00f3\u0142 ch\u0142odniczy 3 drzwiowy, agregat na dole, V 368 l | Stalgast 832039"},"content":{"rendered":"<p><LI>obudowa i wn\u0119trze wykonana ze stali nierdzewnej  <LI>blat roboczy ze stali nierdzewnej  <LI>dynamiczny obieg powietrza  <LI>elektroniczny sterownik z wy\u015bwietlaczem temperatury  <LI>filtr przeciwpy\u0142kowy  <LI>samodomykaj\u0105ce si\u0119 drzwi z blokad\u0105  <LI>komora w standardzie GN 1\/1  <LI>3 ruszty z prowadnicami w komplecie  <LI>mo\u017cliwo\u015b\u0107 dokupienia dodatkowych prowadnic 831443 oraz p\u00f3\u0142ek 831445  <LI>funkcja automatycznego i r\u0119cznego odszraniania  <LI>blat bez rantu  <LI>8 poziom\u00f3w prowadnic  <\/p>\n","protected":false},"excerpt":{"rendered":"<p>obudowa i wn\u0119trze wykonana ze stali nierdzewnej blat roboczy ze stali nierdzewnej dynamiczny obieg powietrza elektroniczny sterownik z wy\u015bwietlaczem temperatury filtr przeciwpy\u0142kowy samodomykaj\u0105ce si\u0119 drzwi z blokad\u0105 komora w standardzie GN 1\/1 3 ruszty z prowadnicami w komplecie mo\u017cliwo\u015b\u0107 dokupienia dodatkowych prowadnic 831443 oraz p\u00f3\u0142ek 831445 funkcja automatycznego i r\u0119cznego odszraniania blat bez rantu 8 [&hellip;]<\/p>\n","protected":false},"featured_media":16496,"template":"","meta":{"_et_pb_use_builder":"","_et_pb_old_content":"","_et_gb_content_width":""},"pwb-brand":[62],"product_brand":[],"product_cat":[523],"product_tag":[],"class_list":{"0":"post-9990","1":"product","2":"type-product","3":"status-publish","4":"has-post-thumbnail","6":"pwb-brand-stalgast","7":"product_cat-stoly-chlodnicze","9":"first","10":"instock","11":"taxable","12":"shipping-taxable","13":"purchasable","14":"product-type-simple"},"brands":[{"id":62,"name":"Stalgast","slug":"stalgast"}],"_links":{"self":[{"href":"https:\/\/www.multifrigo.pl\/sklep\/wp-json\/wp\/v2\/product\/9990","targetHints":{"allow":["GET"]}}],"collection":[{"href":"https:\/\/www.multifrigo.pl\/sklep\/wp-json\/wp\/v2\/product"}],"about":[{"href":"https:\/\/www.multifrigo.pl\/sklep\/wp-json\/wp\/v2\/types\/product"}],"wp:featuredmedia":[{"embeddable":true,"href":"https:\/\/www.multifrigo.pl\/sklep\/wp-json\/wp\/v2\/media\/16496"}],"wp:attachment":[{"href":"https:\/\/www.multifrigo.pl\/sklep\/wp-json\/wp\/v2\/media?parent=9990"}],"wp:term":[{"taxonomy":"pwb-brand","embeddable":true,"href":"https:\/\/www.multifrigo.pl\/sklep\/wp-json\/wp\/v2\/pwb-brand?post=9990"},{"taxonomy":"product_brand","embeddable":true,"href":"https:\/\/www.multifrigo.pl\/sklep\/wp-json\/wp\/v2\/product_brand?post=9990"},{"taxonomy":"product_cat","embeddable":true,"href":"https:\/\/www.multifrigo.pl\/sklep\/wp-json\/wp\/v2\/product_cat?post=9990"},{"taxonomy":"product_tag","embeddable":true,"href":"https:\/\/www.multifrigo.pl\/sklep\/wp-json\/wp\/v2\/product_tag?post=9990"}],"curies":[{"name":"wp","href":"https:\/\/api.w.org\/{rel}","templated":true}]}}